
{"id":19395,"date":"2022-02-10T08:49:07","date_gmt":"2022-02-10T08:49:07","guid":{"rendered":"https:\/\/fourth.donausoja.org\/projekte\/vergangene-projekte\/ada-dev-ram\/"},"modified":"2022-02-10T08:49:07","modified_gmt":"2022-02-10T08:49:07","slug":"ada-dev-ram","status":"publish","type":"page","link":"https:\/\/www.donausoja.org\/de\/projekte\/vergangene-projekte\/ada-dev-ram\/","title":{"rendered":"ADA\/DevRAM"},"content":{"rendered":"<p>[et_pb_section fb_built=&#8221;1&#8243; _builder_version=&#8221;4.16&#8243; _module_preset=&#8221;default&#8221; background_color=&#8221;RGBA(255,255,255,0)&#8221; locked=&#8221;off&#8221; global_colors_info=&#8221;{}&#8221;][et_pb_row _builder_version=&#8221;4.16&#8243; _module_preset=&#8221;default&#8221; custom_padding=&#8221;130px|||||&#8221; global_colors_info=&#8221;{}&#8221;][et_pb_column type=&#8221;4_4&#8243; _builder_version=&#8221;4.16&#8243; _module_preset=&#8221;default&#8221; global_colors_info=&#8221;{}&#8221;][et_pb_text admin_label=&#8221;headline&#8221; _builder_version=&#8221;4.16&#8243; _module_preset=&#8221;77a7a6a5-6cba-4e24-a8d7-1992b0adbe08&#8243; header_font=&#8221;Ubuntu|700|||||||&#8221; header_text_shadow_style=&#8221;preset3&#8243; global_colors_info=&#8221;{}&#8221;]<\/p>\n<section class=\"elementor-section elementor-top-section elementor-element elementor-element-87ac4cf elementor-section-height-min-height elementor-section-items-bottom elementor-section-boxed elementor-section-height-default\" data-id=\"87ac4cf\" data-element_type=\"section\" data-settings=\"{&quot;background_background&quot;:&quot;classic&quot;}\">\n<div class=\"elementor-container elementor-column-gap-default\">\n<div class=\"elementor-row\">\n<div class=\"elementor-column elementor-col-100 elementor-top-column elementor-element elementor-element-43eb478\" data-id=\"43eb478\" data-element_type=\"column\">\n<div class=\"elementor-column-wrap elementor-element-populated\">\n<div class=\"elementor-widget-wrap\">\n<div class=\"elementor-element elementor-element-d918ba3 elementor-widget elementor-widget-heading elementor-motion-effects-parent animated fadeInUp\" data-id=\"d918ba3\" data-element_type=\"widget\" data-settings=\"{&quot;motion_fx_motion_fx_scrolling&quot;:&quot;yes&quot;,&quot;motion_fx_opacity_effect&quot;:&quot;yes&quot;,&quot;motion_fx_opacity_direction&quot;:&quot;in-out&quot;,&quot;motion_fx_opacity_range&quot;:{&quot;unit&quot;:&quot;%&quot;,&quot;size&quot;:&quot;&quot;,&quot;sizes&quot;:{&quot;start&quot;:74,&quot;end&quot;:90}},&quot;_animation&quot;:&quot;fadeInUp&quot;,&quot;motion_fx_opacity_level&quot;:{&quot;unit&quot;:&quot;px&quot;,&quot;size&quot;:10,&quot;sizes&quot;:[]},&quot;motion_fx_devices&quot;:[&quot;desktop&quot;,&quot;tablet&quot;,&quot;mobile&quot;]}\" data-widget_type=\"heading.default\">\n<div class=\"elementor-widget-container elementor-motion-effects-element\">\n<h1 class=\"elementor-heading-title elementor-size-xl\">ADA\/EU Moldawien<\/h1>\n<\/div>\n<\/div>\n<\/div>\n<\/div>\n<\/div>\n<\/div>\n<\/div>\n<\/section>\n<section class=\"elementor-section elementor-top-section elementor-element elementor-element-71a6ab2 elementor-section-boxed elementor-section-height-default elementor-section-height-default\" data-id=\"71a6ab2\" data-element_type=\"section\" data-settings=\"{&quot;background_background&quot;:&quot;classic&quot;}\">\n<div class=\"elementor-container elementor-column-gap-extended\">\n<div class=\"elementor-row\">\n<div class=\"elementor-column elementor-col-50 elementor-top-column elementor-element elementor-element-7edcb0e\" data-id=\"7edcb0e\" data-element_type=\"column\" data-settings=\"{&quot;background_background&quot;:&quot;classic&quot;}\">\n<div class=\"elementor-column-wrap elementor-element-populated\">\n<div class=\"elementor-widget-wrap\">\n<div class=\"elementor-element elementor-element-2a0b713 elementor-widget elementor-widget-text-editor\" data-id=\"2a0b713\" data-element_type=\"widget\" data-widget_type=\"text-editor.default\">\n<div class=\"elementor-widget-container\"><\/div>\n<\/div>\n<\/div>\n<\/div>\n<\/div>\n<\/div>\n<\/div>\n<\/section>\n<p>[\/et_pb_text][\/et_pb_column][\/et_pb_row][\/et_pb_section][et_pb_section fb_built=&#8221;1&#8243; _builder_version=&#8221;4.16&#8243; _module_preset=&#8221;default&#8221; background_color=&#8221;#F6F1E8&#8243; custom_padding=&#8221;4px||3px|||&#8221; global_colors_info=&#8221;{}&#8221;][et_pb_row column_structure=&#8221;2_3,1_3&#8243; _builder_version=&#8221;4.16&#8243; _module_preset=&#8221;default&#8221; background_color=&#8221;#ffffff&#8221; custom_margin=&#8221;20px||20px||false|false&#8221; custom_padding=&#8221;0px|20px||20px|false|false&#8221; global_colors_info=&#8221;{}&#8221;][et_pb_column type=&#8221;2_3&#8243; _builder_version=&#8221;4.16&#8243; _module_preset=&#8221;default&#8221; global_colors_info=&#8221;{}&#8221;][et_pb_text admin_label=&#8221;Kooperation&#8221; _builder_version=&#8221;4.17.6&#8243; _module_preset=&#8221;77a7a6a5-6cba-4e24-a8d7-1992b0adbe08&#8243; global_colors_info=&#8221;{}&#8221;]<\/p>\n<p><strong>Kooperation mit der \u00d6sterreichischen Entwicklungsagentur (ADA) und der Europ\u00e4ischen Union<\/strong><\/p>\n<p>Moldawien ist eines der \u00e4rmsten L\u00e4nder Europas. In l\u00e4ndlichen Gegenden leben viele Menschen immer noch weit unter der Armutsgrenze. Unser Projekt Development of Rural Areas in the Republic of Moldova (DevRam) wollte das \u00e4ndern. Das Projekt zielte auf die Erh\u00f6hung der Wettbewerbsf\u00e4higkeit des Agrar-Lebensmittelsektors in Moldawien durch die Integration heimischer und globaler Wertsch\u00f6pfungsketten ab, vor allem im Sojabereich.<\/p>\n<p>Zusammen mit dem Projektpartner, der moldawischen NGO Pro Didactica, setzte Donau Soja ein Projekt mit einem speziellen Fokus auf die Soja-Wertsch\u00f6pfungskette zur Erh\u00f6hung der Wettbewerbsf\u00e4higkeit des Agrar-Lebensmittelsektors in Moldawien um. Das von der EU finanzierte und von ADA umgesetzte Projekt strebt die Verbesserung der bestehenden Qualit\u00e4tsstandards an, sowie die St\u00e4rkung der Kapazit\u00e4ten im Bereich der Berufsausbildung und landwirtschaftlichen Trainings.<\/p>\n<p>Dieses Projekt erg\u00e4nzt den moldawischen Teil der strategischen Partnerschaft zwischen der ADA und Donau Soja, welche die Entwicklung von nachhaltigen und inklusiven Wertsch\u00f6pfungsketten f\u00fcr gentechnikfreies und biologisch angebautes Soja in der Ukraine, Serbien, Bosnien-Herzegowina und Moldawien umsetzt.<\/p>\n<p><strong>\u00a0Die Ziele des Projekts sind:<\/strong><\/p>\n<p>[\/et_pb_text][et_pb_blurb url_new_window=&#8221;on&#8221; use_icon=&#8221;on&#8221; font_icon=&#8221;&#xf0c8;||fa||900&#8243; admin_label=&#8221;Komponente1&#8243; _builder_version=&#8221;4.17.6&#8243; _module_preset=&#8221;591a8906-608e-4daf-b2d8-77bd187d9121&#8243; header_font=&#8221;|700|||||||&#8221; link_option_url_new_window=&#8221;on&#8221; locked=&#8221;off&#8221; global_colors_info=&#8221;{}&#8221;]<\/p>\n<p>Komponente 1: Verst\u00e4rkung der Kapazit\u00e4ten f\u00fcr Innovation und Bildung im Landwirtschaftsbereich von Moldawien<\/p>\n<p>[\/et_pb_blurb][et_pb_blurb url_new_window=&#8221;on&#8221; use_icon=&#8221;on&#8221; font_icon=&#8221;&#xf0c8;||fa||900&#8243; admin_label=&#8221;Komponente2&#8243; _builder_version=&#8221;4.17.6&#8243; _module_preset=&#8221;591a8906-608e-4daf-b2d8-77bd187d9121&#8243; header_font=&#8221;|700|||||||&#8221; link_option_url_new_window=&#8221;on&#8221; locked=&#8221;off&#8221; global_colors_info=&#8221;{}&#8221;]<\/p>\n<p>Komponente 2: Erh\u00f6hter Marktzugang und F\u00f6rderung der Nachfrage nach zertifizierten und biologisch-organischen agrarischen Lebensmitteln auf dem nationalen Markt sowie ausl\u00e4ndischen M\u00e4rkten<\/p>\n<p>[\/et_pb_blurb][et_pb_blurb url_new_window=&#8221;on&#8221; use_icon=&#8221;on&#8221; font_icon=&#8221;&#xf0c8;||fa||900&#8243; admin_label=&#8221;Komponente3&#8243; _builder_version=&#8221;4.17.6&#8243; _module_preset=&#8221;591a8906-608e-4daf-b2d8-77bd187d9121&#8243; header_font=&#8221;|700|||||||&#8221; link_option_url_new_window=&#8221;on&#8221; locked=&#8221;off&#8221; global_colors_info=&#8221;{}&#8221;]<\/p>\n<p>Komponente 3: Verwendung von Standards und Zertifizierungen, um die Ergebnisse der Wertsch\u00f6pfungskette zu verbessern<\/p>\n<p>[\/et_pb_blurb][et_pb_blurb url_new_window=&#8221;on&#8221; use_icon=&#8221;on&#8221; font_icon=&#8221;&#xf0c8;||fa||900&#8243; admin_label=&#8221;Komponente4&#8243; _builder_version=&#8221;4.17.6&#8243; _module_preset=&#8221;591a8906-608e-4daf-b2d8-77bd187d9121&#8243; header_font=&#8221;|700|||||||&#8221; link_option_url_new_window=&#8221;on&#8221; locked=&#8221;off&#8221; global_colors_info=&#8221;{}&#8221;]<\/p>\n<p>Komponente 4: F\u00f6rderung eines f\u00f6rderlichen Umfelds f\u00fcr die Sicherstellung von Qualit\u00e4tsstandards im Agrar-Nahrungsmittelsektor (inklusive biologisch-organischer Landwirtschaft und Produkte) sowie die Harmonisierung von Moldawiens rechtlichen Rahmenbedingungen und Regulierungsdokumenten mit EU-Dokumenten.<\/p>\n<p>[\/et_pb_blurb][et_pb_text admin_label=&#8221;Priorit\u00e4ten&#8221; _builder_version=&#8221;4.17.6&#8243; _module_preset=&#8221;77a7a6a5-6cba-4e24-a8d7-1992b0adbe08&#8243; custom_padding=&#8221;2px||||false|false&#8221; global_colors_info=&#8221;{}&#8221;]<\/p>\n<p>Eine der Priorit\u00e4ten f\u00fcr eine erfolgreiche Umsetzung dieser Aktivit\u00e4ten ist die Qualit\u00e4tssicherung. Diese betrifft Sozial- und Umweltstandards sowie Schutzma\u00dfnahmen und Geschlechtergleichstellung. Das Projekt wird direkt und indirekt einen Beitrag zur Erreichung der UN-Nachhaltigkeitsziele (SDGs) leisten, vornehmlich f\u00fcr SDG 1, 2, 4, 8, 9, 12, 13 und 15. Zu den direkt Beg\u00fcnstigten des Projekts z\u00e4hlen etwa 300 Sojaproduzenten, 4 Ersterfasser, 15 Lebens\u2013 und Futtermittelproduzenten, das moldawische Exzellenzzentrum f\u00fcr Gartenbau und Landwirtschaft sowie sechs berufsbildende Einrichtungen. Zus\u00e4tzlich werden 550 Angestellte der involvierten Akteure \u00fcber die gesamte Wertsch\u00f6pfungskette, 150 Lehrer von allen involvierten Schulen und 150 Studenten direkt von dem Projekt profitieren.<\/p>\n<p>[\/et_pb_text][\/et_pb_column][et_pb_column type=&#8221;1_3&#8243; _builder_version=&#8221;4.16&#8243; _module_preset=&#8221;default&#8221; global_colors_info=&#8221;{}&#8221;][et_pb_image src=&#8221;https:\/\/www.donausoja.org\/wp-content\/uploads\/2022\/02\/project-founded-european-union.png&#8221; title_text=&#8221;project-founded-european-union&#8221; _builder_version=&#8221;4.16&#8243; _module_preset=&#8221;default&#8221; custom_margin=&#8221;20px||||false|false&#8221; custom_padding=&#8221;20px|20px|20px|20px|false|false&#8221; box_shadow_style=&#8221;preset1&#8243; global_colors_info=&#8221;{}&#8221;][\/et_pb_image][et_pb_image src=&#8221;https:\/\/www.donausoja.org\/wp-content\/uploads\/2022\/02\/ADA_Logo_JPEG-300&#215;128-1-1.jpg&#8221; title_text=&#8221;ADA_Logo_JPEG-300&#215;128-1&#8243; _builder_version=&#8221;4.16&#8243; _module_preset=&#8221;default&#8221; custom_margin=&#8221;4px||||false|false&#8221; custom_padding=&#8221;20px|20px|20px|20px|false|false&#8221; box_shadow_style=&#8221;preset1&#8243; global_colors_info=&#8221;{}&#8221;][\/et_pb_image][et_pb_image src=&#8221;https:\/\/www.donausoja.org\/wp-content\/uploads\/2022\/02\/ProDidactica.png&#8221; title_text=&#8221;ProDidactica&#8221; align=&#8221;center&#8221; _builder_version=&#8221;4.16&#8243; _module_preset=&#8221;default&#8221; custom_margin=&#8221;4px||||false|false&#8221; custom_padding=&#8221;20px|20px|20px|20px|false|false&#8221; box_shadow_style=&#8221;preset1&#8243; global_colors_info=&#8221;{}&#8221;][\/et_pb_image][et_pb_image src=&#8221;https:\/\/www.donausoja.org\/wp-content\/uploads\/2022\/03\/WhatsApp-Image-2021-08-10-at-13.42.25.jpeg&#8221; title_text=&#8221;WhatsApp Image 2021-08-10 at 13.42.25&#8243; align=&#8221;center&#8221; _builder_version=&#8221;4.16&#8243; _module_preset=&#8221;default&#8221; custom_margin=&#8221;4px||||false|false&#8221; custom_padding=&#8221;20px|20px|20px|20px|false|false&#8221; box_shadow_style=&#8221;preset1&#8243; global_colors_info=&#8221;{}&#8221;][\/et_pb_image][\/et_pb_column][\/et_pb_row][\/et_pb_section]<\/p>\n","protected":false},"excerpt":{"rendered":"<p>ADA\/EU Moldawien Kooperation mit der \u00d6sterreichischen Entwicklungsagentur (ADA) und der Europ\u00e4ischen Union Moldawien ist eines der \u00e4rmsten L\u00e4nder Europas. In l\u00e4ndlichen Gegenden leben viele Menschen immer noch weit unter der Armutsgrenze. Unser Projekt Development of Rural Areas in the Republic of Moldova (DevRam) wollte das \u00e4ndern. Das Projekt zielte auf die Erh\u00f6hung der Wettbewerbsf\u00e4higkeit des [&hellip;]<\/p>\n","protected":false},"author":2,"featured_media":67,"parent":19391,"menu_order":0,"comment_status":"open","ping_status":"open","template":"","meta":{"_et_pb_use_builder":"on","_et_pb_old_content":"","_et_gb_content_width":"","footnotes":""},"class_list":["post-19395","page","type-page","status-publish","has-post-thumbnail","hentry"],"yoast_head":"<!-- This site is optimized with the Yoast SEO plugin v27.4 - https:\/\/yoast.com\/product\/yoast-seo-wordpress\/ -->\n<title>ADA\/DevRAM - Donau Soja<\/title>\n<meta name=\"description\" content=\"Kooperation mit der \u00d6sterreichischen Entwicklungsagentur (ADA) und der Europ\u00e4ischen Union\" \/>\n<meta name=\"robots\" content=\"index, follow, max-snippet:-1, max-image-preview:large, max-video-preview:-1\" \/>\n<link rel=\"canonical\" href=\"https:\/\/www.donausoja.org\/de\/projekte\/vergangene-projekte\/ada-dev-ram\/\" \/>\n<meta property=\"og:locale\" content=\"de_DE\" \/>\n<meta property=\"og:type\" content=\"article\" \/>\n<meta property=\"og:title\" content=\"ADA\/DevRAM - Donau Soja\" \/>\n<meta property=\"og:description\" content=\"Kooperation mit der \u00d6sterreichischen Entwicklungsagentur (ADA) und der Europ\u00e4ischen Union\" \/>\n<meta property=\"og:url\" content=\"https:\/\/www.donausoja.org\/de\/projekte\/vergangene-projekte\/ada-dev-ram\/\" \/>\n<meta property=\"og:site_name\" content=\"Donau Soja\" \/>\n<meta property=\"og:image\" content=\"https:\/\/www.donausoja.org\/wp-content\/uploads\/2021\/12\/cropped-donausoja_favicon2_512-1-e1645618911394.png\" \/>\n\t<meta property=\"og:image:width\" content=\"212\" \/>\n\t<meta property=\"og:image:height\" content=\"212\" \/>\n\t<meta property=\"og:image:type\" content=\"image\/png\" \/>\n<meta name=\"twitter:card\" content=\"summary_large_image\" \/>\n<meta name=\"twitter:label1\" content=\"Gesch\u00e4tzte Lesezeit\" \/>\n\t<meta name=\"twitter:data1\" content=\"3\u00a0Minuten\" \/>\n<script type=\"application\/ld+json\" class=\"yoast-schema-graph\">{\"@context\":\"https:\\\/\\\/schema.org\",\"@graph\":[{\"@type\":\"WebPage\",\"@id\":\"https:\\\/\\\/www.donausoja.org\\\/de\\\/projekte\\\/vergangene-projekte\\\/ada-dev-ram\\\/\",\"url\":\"https:\\\/\\\/www.donausoja.org\\\/de\\\/projekte\\\/vergangene-projekte\\\/ada-dev-ram\\\/\",\"name\":\"ADA\\\/DevRAM - Donau Soja\",\"isPartOf\":{\"@id\":\"https:\\\/\\\/www.donausoja.org\\\/de\\\/#website\"},\"primaryImageOfPage\":{\"@id\":\"https:\\\/\\\/www.donausoja.org\\\/de\\\/projekte\\\/vergangene-projekte\\\/ada-dev-ram\\\/#primaryimage\"},\"image\":{\"@id\":\"https:\\\/\\\/www.donausoja.org\\\/de\\\/projekte\\\/vergangene-projekte\\\/ada-dev-ram\\\/#primaryimage\"},\"thumbnailUrl\":\"https:\\\/\\\/www.donausoja.org\\\/wp-content\\\/uploads\\\/2021\\\/12\\\/cropped-donausoja_favicon2_512-1-e1645618911394.png\",\"datePublished\":\"2022-02-10T08:49:07+00:00\",\"description\":\"Kooperation mit der \u00d6sterreichischen Entwicklungsagentur (ADA) und der Europ\u00e4ischen Union\",\"breadcrumb\":{\"@id\":\"https:\\\/\\\/www.donausoja.org\\\/de\\\/projekte\\\/vergangene-projekte\\\/ada-dev-ram\\\/#breadcrumb\"},\"inLanguage\":\"de\",\"potentialAction\":[{\"@type\":\"ReadAction\",\"target\":[\"https:\\\/\\\/www.donausoja.org\\\/de\\\/projekte\\\/vergangene-projekte\\\/ada-dev-ram\\\/\"]}]},{\"@type\":\"ImageObject\",\"inLanguage\":\"de\",\"@id\":\"https:\\\/\\\/www.donausoja.org\\\/de\\\/projekte\\\/vergangene-projekte\\\/ada-dev-ram\\\/#primaryimage\",\"url\":\"https:\\\/\\\/www.donausoja.org\\\/wp-content\\\/uploads\\\/2021\\\/12\\\/cropped-donausoja_favicon2_512-1-e1645618911394.png\",\"contentUrl\":\"https:\\\/\\\/www.donausoja.org\\\/wp-content\\\/uploads\\\/2021\\\/12\\\/cropped-donausoja_favicon2_512-1-e1645618911394.png\",\"width\":212,\"height\":212},{\"@type\":\"BreadcrumbList\",\"@id\":\"https:\\\/\\\/www.donausoja.org\\\/de\\\/projekte\\\/vergangene-projekte\\\/ada-dev-ram\\\/#breadcrumb\",\"itemListElement\":[{\"@type\":\"ListItem\",\"position\":1,\"name\":\"Home\",\"item\":\"https:\\\/\\\/www.donausoja.org\\\/de\\\/\"},{\"@type\":\"ListItem\",\"position\":2,\"name\":\"Projekte\",\"item\":\"https:\\\/\\\/www.donausoja.org\\\/de\\\/projekte\\\/\"},{\"@type\":\"ListItem\",\"position\":3,\"name\":\"Vergangene Projekte\",\"item\":\"https:\\\/\\\/www.donausoja.org\\\/de\\\/projekte\\\/vergangene-projekte\\\/\"},{\"@type\":\"ListItem\",\"position\":4,\"name\":\"ADA\\\/DevRAM\"}]},{\"@type\":\"WebSite\",\"@id\":\"https:\\\/\\\/www.donausoja.org\\\/de\\\/#website\",\"url\":\"https:\\\/\\\/www.donausoja.org\\\/de\\\/\",\"name\":\"Donau Soja\",\"description\":\"Together for a European Protein Supply: Regional. Sustainable. Non-GM.\",\"potentialAction\":[{\"@type\":\"SearchAction\",\"target\":{\"@type\":\"EntryPoint\",\"urlTemplate\":\"https:\\\/\\\/www.donausoja.org\\\/de\\\/?s={search_term_string}\"},\"query-input\":{\"@type\":\"PropertyValueSpecification\",\"valueRequired\":true,\"valueName\":\"search_term_string\"}}],\"inLanguage\":\"de\"}]}<\/script>\n<!-- \/ Yoast SEO plugin. -->","yoast_head_json":{"title":"ADA\/DevRAM - Donau Soja","description":"Kooperation mit der \u00d6sterreichischen Entwicklungsagentur (ADA) und der Europ\u00e4ischen Union","robots":{"index":"index","follow":"follow","max-snippet":"max-snippet:-1","max-image-preview":"max-image-preview:large","max-video-preview":"max-video-preview:-1"},"canonical":"https:\/\/www.donausoja.org\/de\/projekte\/vergangene-projekte\/ada-dev-ram\/","og_locale":"de_DE","og_type":"article","og_title":"ADA\/DevRAM - Donau Soja","og_description":"Kooperation mit der \u00d6sterreichischen Entwicklungsagentur (ADA) und der Europ\u00e4ischen Union","og_url":"https:\/\/www.donausoja.org\/de\/projekte\/vergangene-projekte\/ada-dev-ram\/","og_site_name":"Donau Soja","og_image":[{"width":212,"height":212,"url":"https:\/\/www.donausoja.org\/wp-content\/uploads\/2021\/12\/cropped-donausoja_favicon2_512-1-e1645618911394.png","type":"image\/png"}],"twitter_card":"summary_large_image","twitter_misc":{"Gesch\u00e4tzte Lesezeit":"3\u00a0Minuten"},"schema":{"@context":"https:\/\/schema.org","@graph":[{"@type":"WebPage","@id":"https:\/\/www.donausoja.org\/de\/projekte\/vergangene-projekte\/ada-dev-ram\/","url":"https:\/\/www.donausoja.org\/de\/projekte\/vergangene-projekte\/ada-dev-ram\/","name":"ADA\/DevRAM - Donau Soja","isPartOf":{"@id":"https:\/\/www.donausoja.org\/de\/#website"},"primaryImageOfPage":{"@id":"https:\/\/www.donausoja.org\/de\/projekte\/vergangene-projekte\/ada-dev-ram\/#primaryimage"},"image":{"@id":"https:\/\/www.donausoja.org\/de\/projekte\/vergangene-projekte\/ada-dev-ram\/#primaryimage"},"thumbnailUrl":"https:\/\/www.donausoja.org\/wp-content\/uploads\/2021\/12\/cropped-donausoja_favicon2_512-1-e1645618911394.png","datePublished":"2022-02-10T08:49:07+00:00","description":"Kooperation mit der \u00d6sterreichischen Entwicklungsagentur (ADA) und der Europ\u00e4ischen Union","breadcrumb":{"@id":"https:\/\/www.donausoja.org\/de\/projekte\/vergangene-projekte\/ada-dev-ram\/#breadcrumb"},"inLanguage":"de","potentialAction":[{"@type":"ReadAction","target":["https:\/\/www.donausoja.org\/de\/projekte\/vergangene-projekte\/ada-dev-ram\/"]}]},{"@type":"ImageObject","inLanguage":"de","@id":"https:\/\/www.donausoja.org\/de\/projekte\/vergangene-projekte\/ada-dev-ram\/#primaryimage","url":"https:\/\/www.donausoja.org\/wp-content\/uploads\/2021\/12\/cropped-donausoja_favicon2_512-1-e1645618911394.png","contentUrl":"https:\/\/www.donausoja.org\/wp-content\/uploads\/2021\/12\/cropped-donausoja_favicon2_512-1-e1645618911394.png","width":212,"height":212},{"@type":"BreadcrumbList","@id":"https:\/\/www.donausoja.org\/de\/projekte\/vergangene-projekte\/ada-dev-ram\/#breadcrumb","itemListElement":[{"@type":"ListItem","position":1,"name":"Home","item":"https:\/\/www.donausoja.org\/de\/"},{"@type":"ListItem","position":2,"name":"Projekte","item":"https:\/\/www.donausoja.org\/de\/projekte\/"},{"@type":"ListItem","position":3,"name":"Vergangene Projekte","item":"https:\/\/www.donausoja.org\/de\/projekte\/vergangene-projekte\/"},{"@type":"ListItem","position":4,"name":"ADA\/DevRAM"}]},{"@type":"WebSite","@id":"https:\/\/www.donausoja.org\/de\/#website","url":"https:\/\/www.donausoja.org\/de\/","name":"Donau Soja","description":"Together for a European Protein Supply: Regional. Sustainable. Non-GM.","potentialAction":[{"@type":"SearchAction","target":{"@type":"EntryPoint","urlTemplate":"https:\/\/www.donausoja.org\/de\/?s={search_term_string}"},"query-input":{"@type":"PropertyValueSpecification","valueRequired":true,"valueName":"search_term_string"}}],"inLanguage":"de"}]}},"_links":{"self":[{"href":"https:\/\/www.donausoja.org\/de\/wp-json\/wp\/v2\/pages\/19395","targetHints":{"allow":["GET"]}}],"collection":[{"href":"https:\/\/www.donausoja.org\/de\/wp-json\/wp\/v2\/pages"}],"about":[{"href":"https:\/\/www.donausoja.org\/de\/wp-json\/wp\/v2\/types\/page"}],"author":[{"embeddable":true,"href":"https:\/\/www.donausoja.org\/de\/wp-json\/wp\/v2\/users\/2"}],"replies":[{"embeddable":true,"href":"https:\/\/www.donausoja.org\/de\/wp-json\/wp\/v2\/comments?post=19395"}],"version-history":[{"count":0,"href":"https:\/\/www.donausoja.org\/de\/wp-json\/wp\/v2\/pages\/19395\/revisions"}],"up":[{"embeddable":true,"href":"https:\/\/www.donausoja.org\/de\/wp-json\/wp\/v2\/pages\/19391"}],"wp:featuredmedia":[{"embeddable":true,"href":"https:\/\/www.donausoja.org\/de\/wp-json\/wp\/v2\/media\/67"}],"wp:attachment":[{"href":"https:\/\/www.donausoja.org\/de\/wp-json\/wp\/v2\/media?parent=19395"}],"curies":[{"name":"wp","href":"https:\/\/api.w.org\/{rel}","templated":true}]}}