
{"id":19391,"date":"2022-02-04T08:31:35","date_gmt":"2022-02-04T08:31:35","guid":{"rendered":"https:\/\/fourth.donausoja.org\/projekte\/vergangene-projekte\/"},"modified":"2023-06-14T10:10:49","modified_gmt":"2023-06-14T10:10:49","slug":"vergangene-projekte","status":"publish","type":"page","link":"https:\/\/www.donausoja.org\/de\/projekte\/vergangene-projekte\/","title":{"rendered":"Vergangene Projekte"},"content":{"rendered":"<p>[et_pb_section fb_built=&#8221;1&#8243; _builder_version=&#8221;4.16&#8243; _module_preset=&#8221;default&#8221; background_color=&#8221;RGBA(255,255,255,0)&#8221; locked=&#8221;off&#8221; global_colors_info=&#8221;{}&#8221;][et_pb_row _builder_version=&#8221;4.16&#8243; _module_preset=&#8221;default&#8221; custom_padding=&#8221;130px|||||&#8221; global_colors_info=&#8221;{}&#8221;][et_pb_column type=&#8221;4_4&#8243; _builder_version=&#8221;4.16&#8243; _module_preset=&#8221;default&#8221; global_colors_info=&#8221;{}&#8221;][et_pb_text admin_label=&#8221;headline&#8221; _builder_version=&#8221;4.16&#8243; _module_preset=&#8221;77a7a6a5-6cba-4e24-a8d7-1992b0adbe08&#8243; header_font=&#8221;Ubuntu|700|||||||&#8221; global_colors_info=&#8221;{}&#8221;]<\/p>\n<h1>Vergangene Projekte<\/h1>\n<p>[\/et_pb_text][\/et_pb_column][\/et_pb_row][\/et_pb_section][et_pb_section fb_built=&#8221;1&#8243; _builder_version=&#8221;4.16&#8243; _module_preset=&#8221;default&#8221; background_color=&#8221;#F6F1E8&#8243; custom_padding=&#8221;||3px|||&#8221; global_colors_info=&#8221;{}&#8221;][et_pb_row column_structure=&#8221;2_3,1_3&#8243; _builder_version=&#8221;4.16&#8243; _module_preset=&#8221;default&#8221; background_color=&#8221;#ffffff&#8221; custom_padding=&#8221;20px|20px|20px|20px|false|false&#8221; box_shadow_style=&#8221;preset1&#8243; global_colors_info=&#8221;{}&#8221;][et_pb_column type=&#8221;2_3&#8243; _builder_version=&#8221;4.16&#8243; _module_preset=&#8221;default&#8221; global_colors_info=&#8221;{}&#8221;][et_pb_text admin_label=&#8221;Legumes Translated&#8221; _builder_version=&#8221;4.17.6&#8243; _module_preset=&#8221;77a7a6a5-6cba-4e24-a8d7-1992b0adbe08&#8243; global_colors_info=&#8221;{}&#8221;]<\/p>\n<h2>Legumes Translated<\/h2>\n<p>Das Projekt Legumes Translated unterst\u00fctzt Innovation bei Fruchtfolgesystemen mit K\u00f6rnerleguminosen und Wertsch\u00f6pfungsketten durch den Zugang zu Expertise. Das Konsortium wird eine Gesamtsumme von 2,16 Millionen Euro investieren, mit einer EU-F\u00f6rderung von 2 Millionen Euro. Das Projekt begann bei einem dreit\u00e4gigen Treffen des Konsortiums am 19 \u2013 21. November 2018 in Wien.<\/p>\n<p>[\/et_pb_text][et_pb_button button_url=&#8221;https:\/\/www.donausoja.org\/de\/projekte\/laufende-innovationsprojekte\/legumes-translated\/&#8221; button_text=&#8221;Weiterlesen&#8221; _builder_version=&#8221;4.16&#8243; _module_preset=&#8221;default&#8221; custom_button=&#8221;on&#8221; button_icon=&#8221;&#x39;||divi||400&#8243; button_on_hover=&#8221;off&#8221; custom_margin=&#8221;20px||||false|false&#8221; global_colors_info=&#8221;{}&#8221;][\/et_pb_button][\/et_pb_column][et_pb_column type=&#8221;1_3&#8243; _builder_version=&#8221;4.16&#8243; _module_preset=&#8221;default&#8221; global_colors_info=&#8221;{}&#8221;][et_pb_image src=&#8221;https:\/\/www.donausoja.org\/wp-content\/uploads\/2022\/02\/legumes-translated-logo.png&#8221; title_text=&#8221;legumes-translated-logo&#8221; _builder_version=&#8221;4.16&#8243; _module_preset=&#8221;default&#8221; custom_margin=&#8221;||||false|false&#8221; custom_padding=&#8221;||||false|false&#8221; global_colors_info=&#8221;{}&#8221;][\/et_pb_image][\/et_pb_column][\/et_pb_row][et_pb_row column_structure=&#8221;2_3,1_3&#8243; _builder_version=&#8221;4.16&#8243; _module_preset=&#8221;default&#8221; background_color=&#8221;#ffffff&#8221; custom_margin=&#8221;40px||||false|false&#8221; custom_padding=&#8221;20px|20px|20px|20px|false|false&#8221; box_shadow_style=&#8221;preset1&#8243; global_colors_info=&#8221;{}&#8221;][et_pb_column type=&#8221;2_3&#8243; _builder_version=&#8221;4.16&#8243; _module_preset=&#8221;default&#8221; global_colors_info=&#8221;{}&#8221;][et_pb_text admin_label=&#8221;Cybele&#8221; _builder_version=&#8221;4.17.6&#8243; _module_preset=&#8221;77a7a6a5-6cba-4e24-a8d7-1992b0adbe08&#8243; global_colors_info=&#8221;{}&#8221;]<\/p>\n<h2>Cybele<\/h2>\n<p><strong>F\u00f6rderung von Pr\u00e4zisionslandwirtschaft und Tierzucht durch den Zugang zu Hochleistungsdatenverarbeitung und die Analyse gro\u00dfer Datenmengen (Big Data).<\/strong><\/p>\n<p>Donau Soja beteiligt sich am EU-finanzierten H2020-Projekt CYBELE. Seit dessen Start im Januar 2019 kollaborieren 31 Organisationen im Bereich Innovation f\u00fcr den europ\u00e4ischen Agrar- und Lebensmittelsektor und arbeiten an der Zusammenf\u00fchrung der Hochleistungscomputerinfrastruktur (HPC), Big-Data-Analyse, maschinellen Lernmethoden, Cloud Computing und Internet of Things (IoT) . Diese Zusammenarbeit wird \u00f6kologische und wirtschaftliche Vorteile bringen wie etwa weniger Mangel und mehr Sicherheit bei Lebensmitteln.<\/p>\n<p>[\/et_pb_text][et_pb_button button_url=&#8221;https:\/\/www.donausoja.org\/de\/projekte\/laufende-innovationsprojekte\/cybele\/&#8221; button_text=&#8221;Weiterlesen&#8221; _builder_version=&#8221;4.16&#8243; _module_preset=&#8221;default&#8221; custom_button=&#8221;on&#8221; button_icon=&#8221;&#x39;||divi||400&#8243; button_on_hover=&#8221;off&#8221; custom_margin=&#8221;20px||||false|false&#8221; global_colors_info=&#8221;{}&#8221;][\/et_pb_button][\/et_pb_column][et_pb_column type=&#8221;1_3&#8243; _builder_version=&#8221;4.16&#8243; _module_preset=&#8221;default&#8221; global_colors_info=&#8221;{}&#8221;][et_pb_image src=&#8221;https:\/\/www.donausoja.org\/wp-content\/uploads\/2022\/02\/cybele_logo-1.jpg&#8221; title_text=&#8221;cybele_logo&#8221; _builder_version=&#8221;4.16&#8243; _module_preset=&#8221;default&#8221; custom_margin=&#8221;||||false|false&#8221; custom_padding=&#8221;||||false|false&#8221; global_colors_info=&#8221;{}&#8221;][\/et_pb_image][\/et_pb_column][\/et_pb_row][et_pb_row column_structure=&#8221;2_3,1_3&#8243; disabled_on=&#8221;on|on|on&#8221; admin_label=&#8221;Zeile: previous template for first elemet on page&#8221; _builder_version=&#8221;4.16&#8243; _module_preset=&#8221;default&#8221; background_color=&#8221;#ffffff&#8221; custom_padding=&#8221;20px|20px|20px|20px|false|false&#8221; box_shadow_style=&#8221;preset1&#8243; disabled=&#8221;on&#8221; global_colors_info=&#8221;{}&#8221;][et_pb_column type=&#8221;2_3&#8243; _builder_version=&#8221;4.16&#8243; _module_preset=&#8221;default&#8221; global_colors_info=&#8221;{}&#8221;][et_pb_text admin_label=&#8221;Internet of food and farm 2020&#8243; _builder_version=&#8221;4.17.6&#8243; _module_preset=&#8221;77a7a6a5-6cba-4e24-a8d7-1992b0adbe08&#8243; global_colors_info=&#8221;{}&#8221;]<\/p>\n<h2>Internet of food and farm 2020<\/h2>\n<p>Das Projekt \u201eInternet of Food &amp; Farm 2020 (IoF2020)\u201c untersuchte und f\u00f6rderte die Umsetzung des \u201eInternet of Things\u201c im europ\u00e4ischen Agrar- und Lebensmittelsektor in gro\u00dfem Umfang. Donau Soja und Soia Italia arbeiteten im Use Case 1.3 zusammen, wo es um das Sojaprotein-Management zur Erh\u00f6hung der technologischen Innovation im Bereich von Anbau und Verarbeitung von Soja ging. Von 2017 bis 2020 wurden smarte Agrartechnologien wie etwa Entscheidungsunterst\u00fctzungssysteme (DSS) und IoT-Sensoren unter realen Bedingungen angewendet und validiert um Arbeitsvorg\u00e4nge wie etwa Bew\u00e4sserung zu optimieren. Das Projekt endete im M\u00e4rz 2021.<\/p>\n<p>[\/et_pb_text][et_pb_button button_url=&#8221;https:\/\/www.donausoja.org\/de\/projekte\/vergangene-projekte\/ok-net-ecofeed\/&#8221; button_text=&#8221;Read more&#8221; _builder_version=&#8221;4.16&#8243; _module_preset=&#8221;default&#8221; custom_button=&#8221;on&#8221; button_icon=&#8221;&#x39;||divi||400&#8243; button_on_hover=&#8221;off&#8221; custom_margin=&#8221;20px||||false|false&#8221; global_colors_info=&#8221;{}&#8221;][\/et_pb_button][\/et_pb_column][et_pb_column type=&#8221;1_3&#8243; _builder_version=&#8221;4.16&#8243; _module_preset=&#8221;default&#8221; global_colors_info=&#8221;{}&#8221;][et_pb_image src=&#8221;https:\/\/www.donausoja.org\/wp-content\/uploads\/2022\/02\/iof2020-1024&#215;561-2.png&#8221; title_text=&#8221;iof2020-1024&#215;561&#8243; _builder_version=&#8221;4.16&#8243; _module_preset=&#8221;default&#8221; custom_margin=&#8221;||||false|false&#8221; custom_padding=&#8221;||||false|false&#8221; global_colors_info=&#8221;{}&#8221;][\/et_pb_image][\/et_pb_column][\/et_pb_row][et_pb_row column_structure=&#8221;2_3,1_3&#8243; admin_label=&#8221;Zeile: IoF&#8221; _builder_version=&#8221;4.16&#8243; _module_preset=&#8221;default&#8221; background_color=&#8221;#ffffff&#8221; custom_margin=&#8221;40px||||false|false&#8221; custom_padding=&#8221;20px|20px|20px|20px|false|false&#8221; box_shadow_style=&#8221;preset1&#8243; global_colors_info=&#8221;{}&#8221;][et_pb_column type=&#8221;2_3&#8243; _builder_version=&#8221;4.16&#8243; _module_preset=&#8221;default&#8221; global_colors_info=&#8221;{}&#8221;][et_pb_text admin_label=&#8221;Internet of food and farm 2020&#8243; _builder_version=&#8221;4.17.6&#8243; _module_preset=&#8221;77a7a6a5-6cba-4e24-a8d7-1992b0adbe08&#8243; global_colors_info=&#8221;{}&#8221;]<\/p>\n<h2>Internet of food and farm 2020<\/h2>\n<p>Das Projekt \u201eInternet of Food &amp; Farm 2020 (IoF2020)\u201c untersuchte und f\u00f6rderte die Umsetzung des \u201eInternet of Things\u201c im europ\u00e4ischen Agrar- und Lebensmittelsektor in gro\u00dfem Umfang. Donau Soja und Soia Italia arbeiteten im Use Case 1.3 zusammen, wo es um das Sojaprotein-Management zur Erh\u00f6hung der technologischen Innovation im Bereich von Anbau und Verarbeitung von Soja ging. Von 2017 bis 2020 wurden smarte Agrartechnologien wie etwa Entscheidungsunterst\u00fctzungssysteme (DSS) und IoT-Sensoren unter realen Bedingungen angewendet und validiert um Arbeitsvorg\u00e4nge wie etwa Bew\u00e4sserung zu optimieren. Das Projekt endete im M\u00e4rz 2021.<\/p>\n<p>[\/et_pb_text][et_pb_button button_url=&#8221;https:\/\/www.donausoja.org\/de\/projekte\/vergangene-projekte\/internet-of-food-and-farm-2020\/&#8221; button_text=&#8221;Read more&#8221; _builder_version=&#8221;4.21.0&#8243; _module_preset=&#8221;default&#8221; custom_button=&#8221;on&#8221; button_icon=&#8221;&#x39;||divi||400&#8243; button_on_hover=&#8221;off&#8221; custom_margin=&#8221;20px||||false|false&#8221; hover_enabled=&#8221;0&#8243; global_colors_info=&#8221;{}&#8221; sticky_enabled=&#8221;0&#8243;][\/et_pb_button][\/et_pb_column][et_pb_column type=&#8221;1_3&#8243; _builder_version=&#8221;4.16&#8243; _module_preset=&#8221;default&#8221; global_colors_info=&#8221;{}&#8221;][et_pb_image src=&#8221;https:\/\/www.donausoja.org\/wp-content\/uploads\/2022\/02\/iof2020-1024&#215;561-2.png&#8221; title_text=&#8221;iof2020-1024&#215;561&#8243; _builder_version=&#8221;4.16&#8243; _module_preset=&#8221;default&#8221; custom_margin=&#8221;||||false|false&#8221; custom_padding=&#8221;||||false|false&#8221; global_colors_info=&#8221;{}&#8221;][\/et_pb_image][\/et_pb_column][\/et_pb_row][et_pb_row column_structure=&#8221;2_3,1_3&#8243; _builder_version=&#8221;4.16&#8243; _module_preset=&#8221;default&#8221; background_color=&#8221;#ffffff&#8221; custom_margin=&#8221;40px||||false|false&#8221; custom_padding=&#8221;20px|20px|20px|20px|false|false&#8221; box_shadow_style=&#8221;preset1&#8243; global_colors_info=&#8221;{}&#8221;][et_pb_column type=&#8221;2_3&#8243; _builder_version=&#8221;4.16&#8243; _module_preset=&#8221;default&#8221; global_colors_info=&#8221;{}&#8221;][et_pb_text admin_label=&#8221;OK-NET Ecofeed&#8221; _builder_version=&#8221;4.17.6&#8243; _module_preset=&#8221;77a7a6a5-6cba-4e24-a8d7-1992b0adbe08&#8243; global_colors_info=&#8221;{}&#8221;]<\/p>\n<h2>OK-NET Ecofeed<\/h2>\n<p>Dieses Projekt hatte das Ziel L\u00f6sungen f\u00fcr biologisch produzierende Schweine- und Gefl\u00fcgelbauern zu entwickeln und zu verbreiten, die 100 % biologische und regionale Futtermittel ben\u00f6tigen. Das Projekt endete im M\u00e4rz 2021.<\/p>\n<p>[\/et_pb_text][et_pb_button button_url=&#8221;https:\/\/www.donausoja.org\/de\/projekte\/vergangene-projekte\/ok-net-ecofeed\/&#8221; button_text=&#8221;Read more&#8221; _builder_version=&#8221;4.16&#8243; _module_preset=&#8221;default&#8221; custom_button=&#8221;on&#8221; button_icon=&#8221;&#x39;||divi||400&#8243; button_on_hover=&#8221;off&#8221; custom_margin=&#8221;20px||||false|false&#8221; global_colors_info=&#8221;{}&#8221;][\/et_pb_button][\/et_pb_column][et_pb_column type=&#8221;1_3&#8243; _builder_version=&#8221;4.16&#8243; _module_preset=&#8221;default&#8221; global_colors_info=&#8221;{}&#8221;][et_pb_image src=&#8221;https:\/\/www.donausoja.org\/wp-content\/uploads\/2022\/02\/ok-net-ecofeed-logo-1.jpg&#8221; title_text=&#8221;ok-net-ecofeed-logo&#8221; _builder_version=&#8221;4.16&#8243; _module_preset=&#8221;default&#8221; custom_margin=&#8221;||||false|false&#8221; custom_padding=&#8221;||||false|false&#8221; global_colors_info=&#8221;{}&#8221;][\/et_pb_image][\/et_pb_column][\/et_pb_row][et_pb_row column_structure=&#8221;2_3,1_3&#8243; _builder_version=&#8221;4.16&#8243; _module_preset=&#8221;default&#8221; background_color=&#8221;#ffffff&#8221; custom_margin=&#8221;40px||||false|false&#8221; custom_padding=&#8221;20px|20px|20px|20px|false|false&#8221; box_shadow_style=&#8221;preset1&#8243; global_colors_info=&#8221;{}&#8221;][et_pb_column type=&#8221;2_3&#8243; _builder_version=&#8221;4.16&#8243; _module_preset=&#8221;default&#8221; global_colors_info=&#8221;{}&#8221;][et_pb_text admin_label=&#8221;DevRAM&#8221; _builder_version=&#8221;4.17.6&#8243; _module_preset=&#8221;77a7a6a5-6cba-4e24-a8d7-1992b0adbe08&#8243; global_colors_info=&#8221;{}&#8221;]<\/p>\n<h2>DevRAM<\/h2>\n<p><strong>Kooperation mit der \u00d6sterreichischen Entwicklungsagentur (ADA) und der Europ\u00e4ischen Union<\/strong><\/p>\n<p>Moldawien ist eines der \u00e4rmsten L\u00e4nder Europas. In l\u00e4ndlichen Gegenden leben viele Menschen immer noch weit unter der Armutsgrenze.\u00a0Unser Projekt Development of Rural Areas in the Republic of Moldova (DevRam) wollte das \u00e4ndern.\u00a0Das Projekt zielte auf die Erh\u00f6hung der Wettbewerbsf\u00e4higkeit des Agrar-Lebensmittelsektors in Moldawien durch die Integration heimischer und globaler Wertsch\u00f6pfungsketten ab, vor allem im Sojabereich.<\/p>\n<p>[\/et_pb_text][et_pb_button button_url=&#8221;https:\/\/www.donausoja.org\/de\/projekte\/vergangene-projekte\/ada-dev-ram\/&#8221; button_text=&#8221;Read more&#8221; _builder_version=&#8221;4.21.0&#8243; _module_preset=&#8221;default&#8221; custom_button=&#8221;on&#8221; button_icon=&#8221;&#x39;||divi||400&#8243; button_on_hover=&#8221;off&#8221; custom_margin=&#8221;20px||||false|false&#8221; hover_enabled=&#8221;0&#8243; global_colors_info=&#8221;{}&#8221; sticky_enabled=&#8221;0&#8243;][\/et_pb_button][\/et_pb_column][et_pb_column type=&#8221;1_3&#8243; _builder_version=&#8221;4.16&#8243; _module_preset=&#8221;default&#8221; global_colors_info=&#8221;{}&#8221;][\/et_pb_column][\/et_pb_row][et_pb_row _builder_version=&#8221;4.16&#8243; _module_preset=&#8221;default&#8221; global_colors_info=&#8221;{}&#8221;][et_pb_column type=&#8221;4_4&#8243; _builder_version=&#8221;4.16&#8243; _module_preset=&#8221;default&#8221; global_colors_info=&#8221;{}&#8221;][\/et_pb_column][\/et_pb_row][\/et_pb_section]<\/p>\n","protected":false},"excerpt":{"rendered":"<p>Vergangene ProjekteLegumes Translated Das Projekt Legumes Translated unterst\u00fctzt Innovation bei Fruchtfolgesystemen mit K\u00f6rnerleguminosen und Wertsch\u00f6pfungsketten durch den Zugang zu Expertise. Das Konsortium wird eine Gesamtsumme von 2,16 Millionen Euro investieren, mit einer EU-F\u00f6rderung von 2 Millionen Euro. Das Projekt begann bei einem dreit\u00e4gigen Treffen des Konsortiums am 19 \u2013 21. November 2018 in Wien.Cybele F\u00f6rderung [&hellip;]<\/p>\n","protected":false},"author":2,"featured_media":67,"parent":19386,"menu_order":0,"comment_status":"open","ping_status":"open","template":"","meta":{"_et_pb_use_builder":"on","_et_pb_old_content":"","_et_gb_content_width":"","footnotes":""},"class_list":["post-19391","page","type-page","status-publish","has-post-thumbnail","hentry"],"yoast_head":"<!-- This site is optimized with the Yoast SEO plugin v27.4 - https:\/\/yoast.com\/product\/yoast-seo-wordpress\/ -->\n<title>Vergangene Projekte - Donau Soja<\/title>\n<meta name=\"description\" content=\"Auflistung bereits vergangener Projekte mit Donau Soja\" \/>\n<meta name=\"robots\" content=\"index, follow, max-snippet:-1, max-image-preview:large, max-video-preview:-1\" \/>\n<link rel=\"canonical\" href=\"https:\/\/www.donausoja.org\/de\/projekte\/vergangene-projekte\/\" \/>\n<meta property=\"og:locale\" content=\"de_DE\" \/>\n<meta property=\"og:type\" content=\"article\" \/>\n<meta property=\"og:title\" content=\"Vergangene Projekte - Donau Soja\" \/>\n<meta property=\"og:description\" content=\"Auflistung bereits vergangener Projekte mit Donau Soja\" \/>\n<meta property=\"og:url\" content=\"https:\/\/www.donausoja.org\/de\/projekte\/vergangene-projekte\/\" \/>\n<meta property=\"og:site_name\" content=\"Donau Soja\" \/>\n<meta property=\"article:modified_time\" content=\"2023-06-14T10:10:49+00:00\" \/>\n<meta property=\"og:image\" content=\"https:\/\/www.donausoja.org\/wp-content\/uploads\/2021\/12\/cropped-donausoja_favicon2_512-1-e1645618911394.png\" \/>\n\t<meta property=\"og:image:width\" content=\"212\" \/>\n\t<meta property=\"og:image:height\" content=\"212\" \/>\n\t<meta property=\"og:image:type\" content=\"image\/png\" \/>\n<meta name=\"twitter:card\" content=\"summary_large_image\" \/>\n<meta name=\"twitter:label1\" content=\"Gesch\u00e4tzte Lesezeit\" \/>\n\t<meta name=\"twitter:data1\" content=\"3\u00a0Minuten\" \/>\n<script type=\"application\/ld+json\" class=\"yoast-schema-graph\">{\"@context\":\"https:\\\/\\\/schema.org\",\"@graph\":[{\"@type\":\"WebPage\",\"@id\":\"https:\\\/\\\/www.donausoja.org\\\/de\\\/projekte\\\/vergangene-projekte\\\/\",\"url\":\"https:\\\/\\\/www.donausoja.org\\\/de\\\/projekte\\\/vergangene-projekte\\\/\",\"name\":\"Vergangene Projekte - Donau Soja\",\"isPartOf\":{\"@id\":\"https:\\\/\\\/www.donausoja.org\\\/de\\\/#website\"},\"primaryImageOfPage\":{\"@id\":\"https:\\\/\\\/www.donausoja.org\\\/de\\\/projekte\\\/vergangene-projekte\\\/#primaryimage\"},\"image\":{\"@id\":\"https:\\\/\\\/www.donausoja.org\\\/de\\\/projekte\\\/vergangene-projekte\\\/#primaryimage\"},\"thumbnailUrl\":\"https:\\\/\\\/www.donausoja.org\\\/wp-content\\\/uploads\\\/2021\\\/12\\\/cropped-donausoja_favicon2_512-1-e1645618911394.png\",\"datePublished\":\"2022-02-04T08:31:35+00:00\",\"dateModified\":\"2023-06-14T10:10:49+00:00\",\"description\":\"Auflistung bereits vergangener Projekte mit Donau Soja\",\"breadcrumb\":{\"@id\":\"https:\\\/\\\/www.donausoja.org\\\/de\\\/projekte\\\/vergangene-projekte\\\/#breadcrumb\"},\"inLanguage\":\"de\",\"potentialAction\":[{\"@type\":\"ReadAction\",\"target\":[\"https:\\\/\\\/www.donausoja.org\\\/de\\\/projekte\\\/vergangene-projekte\\\/\"]}]},{\"@type\":\"ImageObject\",\"inLanguage\":\"de\",\"@id\":\"https:\\\/\\\/www.donausoja.org\\\/de\\\/projekte\\\/vergangene-projekte\\\/#primaryimage\",\"url\":\"https:\\\/\\\/www.donausoja.org\\\/wp-content\\\/uploads\\\/2021\\\/12\\\/cropped-donausoja_favicon2_512-1-e1645618911394.png\",\"contentUrl\":\"https:\\\/\\\/www.donausoja.org\\\/wp-content\\\/uploads\\\/2021\\\/12\\\/cropped-donausoja_favicon2_512-1-e1645618911394.png\",\"width\":212,\"height\":212},{\"@type\":\"BreadcrumbList\",\"@id\":\"https:\\\/\\\/www.donausoja.org\\\/de\\\/projekte\\\/vergangene-projekte\\\/#breadcrumb\",\"itemListElement\":[{\"@type\":\"ListItem\",\"position\":1,\"name\":\"Home\",\"item\":\"https:\\\/\\\/www.donausoja.org\\\/de\\\/\"},{\"@type\":\"ListItem\",\"position\":2,\"name\":\"Projekte\",\"item\":\"https:\\\/\\\/www.donausoja.org\\\/de\\\/projekte\\\/\"},{\"@type\":\"ListItem\",\"position\":3,\"name\":\"Vergangene Projekte\"}]},{\"@type\":\"WebSite\",\"@id\":\"https:\\\/\\\/www.donausoja.org\\\/de\\\/#website\",\"url\":\"https:\\\/\\\/www.donausoja.org\\\/de\\\/\",\"name\":\"Donau Soja\",\"description\":\"Together for a European Protein Supply: Regional. Sustainable. Non-GM.\",\"potentialAction\":[{\"@type\":\"SearchAction\",\"target\":{\"@type\":\"EntryPoint\",\"urlTemplate\":\"https:\\\/\\\/www.donausoja.org\\\/de\\\/?s={search_term_string}\"},\"query-input\":{\"@type\":\"PropertyValueSpecification\",\"valueRequired\":true,\"valueName\":\"search_term_string\"}}],\"inLanguage\":\"de\"}]}<\/script>\n<!-- \/ Yoast SEO plugin. -->","yoast_head_json":{"title":"Vergangene Projekte - Donau Soja","description":"Auflistung bereits vergangener Projekte mit Donau Soja","robots":{"index":"index","follow":"follow","max-snippet":"max-snippet:-1","max-image-preview":"max-image-preview:large","max-video-preview":"max-video-preview:-1"},"canonical":"https:\/\/www.donausoja.org\/de\/projekte\/vergangene-projekte\/","og_locale":"de_DE","og_type":"article","og_title":"Vergangene Projekte - Donau Soja","og_description":"Auflistung bereits vergangener Projekte mit Donau Soja","og_url":"https:\/\/www.donausoja.org\/de\/projekte\/vergangene-projekte\/","og_site_name":"Donau Soja","article_modified_time":"2023-06-14T10:10:49+00:00","og_image":[{"width":212,"height":212,"url":"https:\/\/www.donausoja.org\/wp-content\/uploads\/2021\/12\/cropped-donausoja_favicon2_512-1-e1645618911394.png","type":"image\/png"}],"twitter_card":"summary_large_image","twitter_misc":{"Gesch\u00e4tzte Lesezeit":"3\u00a0Minuten"},"schema":{"@context":"https:\/\/schema.org","@graph":[{"@type":"WebPage","@id":"https:\/\/www.donausoja.org\/de\/projekte\/vergangene-projekte\/","url":"https:\/\/www.donausoja.org\/de\/projekte\/vergangene-projekte\/","name":"Vergangene Projekte - Donau Soja","isPartOf":{"@id":"https:\/\/www.donausoja.org\/de\/#website"},"primaryImageOfPage":{"@id":"https:\/\/www.donausoja.org\/de\/projekte\/vergangene-projekte\/#primaryimage"},"image":{"@id":"https:\/\/www.donausoja.org\/de\/projekte\/vergangene-projekte\/#primaryimage"},"thumbnailUrl":"https:\/\/www.donausoja.org\/wp-content\/uploads\/2021\/12\/cropped-donausoja_favicon2_512-1-e1645618911394.png","datePublished":"2022-02-04T08:31:35+00:00","dateModified":"2023-06-14T10:10:49+00:00","description":"Auflistung bereits vergangener Projekte mit Donau Soja","breadcrumb":{"@id":"https:\/\/www.donausoja.org\/de\/projekte\/vergangene-projekte\/#breadcrumb"},"inLanguage":"de","potentialAction":[{"@type":"ReadAction","target":["https:\/\/www.donausoja.org\/de\/projekte\/vergangene-projekte\/"]}]},{"@type":"ImageObject","inLanguage":"de","@id":"https:\/\/www.donausoja.org\/de\/projekte\/vergangene-projekte\/#primaryimage","url":"https:\/\/www.donausoja.org\/wp-content\/uploads\/2021\/12\/cropped-donausoja_favicon2_512-1-e1645618911394.png","contentUrl":"https:\/\/www.donausoja.org\/wp-content\/uploads\/2021\/12\/cropped-donausoja_favicon2_512-1-e1645618911394.png","width":212,"height":212},{"@type":"BreadcrumbList","@id":"https:\/\/www.donausoja.org\/de\/projekte\/vergangene-projekte\/#breadcrumb","itemListElement":[{"@type":"ListItem","position":1,"name":"Home","item":"https:\/\/www.donausoja.org\/de\/"},{"@type":"ListItem","position":2,"name":"Projekte","item":"https:\/\/www.donausoja.org\/de\/projekte\/"},{"@type":"ListItem","position":3,"name":"Vergangene Projekte"}]},{"@type":"WebSite","@id":"https:\/\/www.donausoja.org\/de\/#website","url":"https:\/\/www.donausoja.org\/de\/","name":"Donau Soja","description":"Together for a European Protein Supply: Regional. Sustainable. Non-GM.","potentialAction":[{"@type":"SearchAction","target":{"@type":"EntryPoint","urlTemplate":"https:\/\/www.donausoja.org\/de\/?s={search_term_string}"},"query-input":{"@type":"PropertyValueSpecification","valueRequired":true,"valueName":"search_term_string"}}],"inLanguage":"de"}]}},"_links":{"self":[{"href":"https:\/\/www.donausoja.org\/de\/wp-json\/wp\/v2\/pages\/19391","targetHints":{"allow":["GET"]}}],"collection":[{"href":"https:\/\/www.donausoja.org\/de\/wp-json\/wp\/v2\/pages"}],"about":[{"href":"https:\/\/www.donausoja.org\/de\/wp-json\/wp\/v2\/types\/page"}],"author":[{"embeddable":true,"href":"https:\/\/www.donausoja.org\/de\/wp-json\/wp\/v2\/users\/2"}],"replies":[{"embeddable":true,"href":"https:\/\/www.donausoja.org\/de\/wp-json\/wp\/v2\/comments?post=19391"}],"version-history":[{"count":0,"href":"https:\/\/www.donausoja.org\/de\/wp-json\/wp\/v2\/pages\/19391\/revisions"}],"up":[{"embeddable":true,"href":"https:\/\/www.donausoja.org\/de\/wp-json\/wp\/v2\/pages\/19386"}],"wp:featuredmedia":[{"embeddable":true,"href":"https:\/\/www.donausoja.org\/de\/wp-json\/wp\/v2\/media\/67"}],"wp:attachment":[{"href":"https:\/\/www.donausoja.org\/de\/wp-json\/wp\/v2\/media?parent=19391"}],"curies":[{"name":"wp","href":"https:\/\/api.w.org\/{rel}","templated":true}]}}