
{"id":19390,"date":"2022-02-10T09:09:34","date_gmt":"2022-02-10T09:09:34","guid":{"rendered":"https:\/\/fourth.donausoja.org\/projekte\/laufende-innovationsprojekte\/legumes-translated\/"},"modified":"2022-02-10T09:09:34","modified_gmt":"2022-02-10T09:09:34","slug":"legumes-translated","status":"publish","type":"page","link":"https:\/\/www.donausoja.org\/de\/projekte\/laufende-innovationsprojekte\/legumes-translated\/","title":{"rendered":"Legumes Translated"},"content":{"rendered":"<p>[et_pb_section fb_built=&#8221;1&#8243; _builder_version=&#8221;4.16&#8243; _module_preset=&#8221;default&#8221; background_color=&#8221;RGBA(255,255,255,0)&#8221; locked=&#8221;off&#8221; global_colors_info=&#8221;{}&#8221;][et_pb_row _builder_version=&#8221;4.16&#8243; _module_preset=&#8221;default&#8221; custom_padding=&#8221;130px|||||&#8221; global_colors_info=&#8221;{}&#8221;][et_pb_column type=&#8221;4_4&#8243; _builder_version=&#8221;4.16&#8243; _module_preset=&#8221;default&#8221; global_colors_info=&#8221;{}&#8221;][et_pb_text _builder_version=&#8221;4.16&#8243; _module_preset=&#8221;77a7a6a5-6cba-4e24-a8d7-1992b0adbe08&#8243; header_font=&#8221;Ubuntu|700|||||||&#8221; header_text_shadow_style=&#8221;preset3&#8243; global_colors_info=&#8221;{}&#8221; admin_label=&#8221;headline&#8221;]<\/p>\n<section class=\"elementor-section elementor-top-section elementor-element elementor-element-87ac4cf elementor-section-height-min-height elementor-section-items-bottom elementor-section-boxed elementor-section-height-default\" data-id=\"87ac4cf\" data-element_type=\"section\" data-settings=\"{&quot;background_background&quot;:&quot;classic&quot;}\">\n<div class=\"elementor-container elementor-column-gap-default\">\n<div class=\"elementor-row\">\n<div class=\"elementor-column elementor-col-100 elementor-top-column elementor-element elementor-element-43eb478\" data-id=\"43eb478\" data-element_type=\"column\">\n<div class=\"elementor-column-wrap elementor-element-populated\">\n<div class=\"elementor-widget-wrap\">\n<div class=\"elementor-element elementor-element-d918ba3 elementor-widget elementor-widget-heading elementor-motion-effects-parent animated fadeInUp\" data-id=\"d918ba3\" data-element_type=\"widget\" data-settings=\"{&quot;motion_fx_motion_fx_scrolling&quot;:&quot;yes&quot;,&quot;motion_fx_opacity_effect&quot;:&quot;yes&quot;,&quot;motion_fx_opacity_direction&quot;:&quot;in-out&quot;,&quot;motion_fx_opacity_range&quot;:{&quot;unit&quot;:&quot;%&quot;,&quot;size&quot;:&quot;&quot;,&quot;sizes&quot;:{&quot;start&quot;:74,&quot;end&quot;:90}},&quot;_animation&quot;:&quot;fadeInUp&quot;,&quot;motion_fx_opacity_level&quot;:{&quot;unit&quot;:&quot;px&quot;,&quot;size&quot;:10,&quot;sizes&quot;:[]},&quot;motion_fx_devices&quot;:[&quot;desktop&quot;,&quot;tablet&quot;,&quot;mobile&quot;]}\" data-widget_type=\"heading.default\">\n<div class=\"elementor-widget-container elementor-motion-effects-element\">\n<section class=\"elementor-section elementor-top-section elementor-element elementor-element-87ac4cf elementor-section-height-min-height elementor-section-items-bottom elementor-section-boxed elementor-section-height-default\" data-id=\"87ac4cf\" data-element_type=\"section\" data-settings=\"{&quot;background_background&quot;:&quot;classic&quot;}\">\n<div class=\"elementor-container elementor-column-gap-default\">\n<div class=\"elementor-row\">\n<div class=\"elementor-column elementor-col-100 elementor-top-column elementor-element elementor-element-43eb478\" data-id=\"43eb478\" data-element_type=\"column\">\n<div class=\"elementor-column-wrap elementor-element-populated\">\n<div class=\"elementor-widget-wrap\">\n<div class=\"elementor-element elementor-element-d918ba3 elementor-widget elementor-widget-heading elementor-motion-effects-parent animated fadeInUp\" data-id=\"d918ba3\" data-element_type=\"widget\" data-settings=\"{&quot;motion_fx_motion_fx_scrolling&quot;:&quot;yes&quot;,&quot;motion_fx_opacity_effect&quot;:&quot;yes&quot;,&quot;motion_fx_opacity_direction&quot;:&quot;in-out&quot;,&quot;motion_fx_opacity_range&quot;:{&quot;unit&quot;:&quot;%&quot;,&quot;size&quot;:&quot;&quot;,&quot;sizes&quot;:{&quot;start&quot;:74,&quot;end&quot;:90}},&quot;_animation&quot;:&quot;fadeInUp&quot;,&quot;motion_fx_opacity_level&quot;:{&quot;unit&quot;:&quot;px&quot;,&quot;size&quot;:10,&quot;sizes&quot;:[]},&quot;motion_fx_devices&quot;:[&quot;desktop&quot;,&quot;tablet&quot;,&quot;mobile&quot;]}\" data-widget_type=\"heading.default\">\n<div class=\"elementor-widget-container elementor-motion-effects-element\">\n<section class=\"elementor-section elementor-top-section elementor-element elementor-element-87ac4cf elementor-section-height-min-height elementor-section-items-bottom elementor-section-boxed elementor-section-height-default\" data-id=\"87ac4cf\" data-element_type=\"section\" data-settings=\"{&quot;background_background&quot;:&quot;classic&quot;}\">\n<div class=\"elementor-container elementor-column-gap-default\">\n<div class=\"elementor-row\">\n<div class=\"elementor-column elementor-col-100 elementor-top-column elementor-element elementor-element-43eb478\" data-id=\"43eb478\" data-element_type=\"column\">\n<div class=\"elementor-column-wrap elementor-element-populated\">\n<div class=\"elementor-widget-wrap\">\n<div class=\"elementor-element elementor-element-d918ba3 elementor-widget elementor-widget-heading elementor-motion-effects-parent animated fadeInUp\" data-id=\"d918ba3\" data-element_type=\"widget\" data-settings=\"{&quot;motion_fx_motion_fx_scrolling&quot;:&quot;yes&quot;,&quot;motion_fx_opacity_effect&quot;:&quot;yes&quot;,&quot;motion_fx_opacity_direction&quot;:&quot;in-out&quot;,&quot;motion_fx_opacity_range&quot;:{&quot;unit&quot;:&quot;%&quot;,&quot;size&quot;:&quot;&quot;,&quot;sizes&quot;:{&quot;start&quot;:74,&quot;end&quot;:90}},&quot;_animation&quot;:&quot;fadeInUp&quot;,&quot;motion_fx_opacity_level&quot;:{&quot;unit&quot;:&quot;px&quot;,&quot;size&quot;:10,&quot;sizes&quot;:[]},&quot;motion_fx_devices&quot;:[&quot;desktop&quot;,&quot;tablet&quot;,&quot;mobile&quot;]}\" data-widget_type=\"heading.default\">\n<div class=\"elementor-widget-container elementor-motion-effects-element\">\n<h1 class=\"elementor-heading-title elementor-size-xl\">Legumes Translated<\/h1>\n<\/div>\n<\/div>\n<\/div>\n<\/div>\n<\/div>\n<\/div>\n<\/div>\n<\/section>\n<section class=\"elementor-section elementor-top-section elementor-element elementor-element-71a6ab2 elementor-section-boxed elementor-section-height-default elementor-section-height-default\" data-id=\"71a6ab2\" data-element_type=\"section\" data-settings=\"{&quot;background_background&quot;:&quot;classic&quot;}\">\n<div class=\"elementor-container elementor-column-gap-extended\">\n<div class=\"elementor-row\">\n<div class=\"elementor-column elementor-col-50 elementor-top-column elementor-element elementor-element-7edcb0e\" data-id=\"7edcb0e\" data-element_type=\"column\" data-settings=\"{&quot;background_background&quot;:&quot;classic&quot;}\">\n<div class=\"elementor-column-wrap elementor-element-populated\">\n<div class=\"elementor-widget-wrap\">\n<div class=\"elementor-element elementor-element-2a0b713 elementor-widget elementor-widget-text-editor\" data-id=\"2a0b713\" data-element_type=\"widget\" data-widget_type=\"text-editor.default\">\n<div class=\"elementor-widget-container\">\n<div class=\"elementor-text-editor elementor-clearfix\"><\/div>\n<\/div>\n<\/div>\n<\/div>\n<\/div>\n<\/div>\n<\/div>\n<\/div>\n<\/section>\n<\/div>\n<\/div>\n<\/div>\n<\/div>\n<\/div>\n<\/div>\n<\/div>\n<\/section>\n<section class=\"elementor-section elementor-top-section elementor-element elementor-element-71a6ab2 elementor-section-boxed elementor-section-height-default elementor-section-height-default\" data-id=\"71a6ab2\" data-element_type=\"section\" data-settings=\"{&quot;background_background&quot;:&quot;classic&quot;}\">\n<div class=\"elementor-container elementor-column-gap-extended\">\n<div class=\"elementor-row\">\n<div class=\"elementor-column elementor-col-50 elementor-top-column elementor-element elementor-element-7edcb0e\" data-id=\"7edcb0e\" data-element_type=\"column\" data-settings=\"{&quot;background_background&quot;:&quot;classic&quot;}\">\n<div class=\"elementor-column-wrap elementor-element-populated\">\n<div class=\"elementor-widget-wrap\">\n<div class=\"elementor-element elementor-element-2a0b713 elementor-widget elementor-widget-text-editor\" data-id=\"2a0b713\" data-element_type=\"widget\" data-widget_type=\"text-editor.default\">\n<div class=\"elementor-widget-container\">\n<div class=\"elementor-text-editor elementor-clearfix\"><\/div>\n<\/div>\n<\/div>\n<\/div>\n<\/div>\n<\/div>\n<\/div>\n<\/div>\n<\/section>\n<\/div>\n<\/div>\n<\/div>\n<\/div>\n<\/div>\n<\/div>\n<\/div>\n<\/section>\n<section class=\"elementor-section elementor-top-section elementor-element elementor-element-71a6ab2 elementor-section-boxed elementor-section-height-default elementor-section-height-default\" data-id=\"71a6ab2\" data-element_type=\"section\" data-settings=\"{&quot;background_background&quot;:&quot;classic&quot;}\">\n<div class=\"elementor-container elementor-column-gap-extended\">\n<div class=\"elementor-row\">\n<div class=\"elementor-column elementor-col-50 elementor-top-column elementor-element elementor-element-7edcb0e\" data-id=\"7edcb0e\" data-element_type=\"column\" data-settings=\"{&quot;background_background&quot;:&quot;classic&quot;}\">\n<div class=\"elementor-column-wrap elementor-element-populated\">\n<div class=\"elementor-widget-wrap\">\n<div class=\"elementor-element elementor-element-2a0b713 elementor-widget elementor-widget-text-editor\" data-id=\"2a0b713\" data-element_type=\"widget\" data-widget_type=\"text-editor.default\">\n<div class=\"elementor-widget-container\"><\/div>\n<\/div>\n<\/div>\n<\/div>\n<\/div>\n<\/div>\n<\/div>\n<\/section>\n<p>[\/et_pb_text][\/et_pb_column][\/et_pb_row][\/et_pb_section][et_pb_section fb_built=&#8221;1&#8243; _builder_version=&#8221;4.16&#8243; _module_preset=&#8221;default&#8221; background_color=&#8221;#F6F1E8&#8243; custom_padding=&#8221;4px||3px|||&#8221; global_colors_info=&#8221;{}&#8221;][et_pb_row column_structure=&#8221;2_3,1_3&#8243; _builder_version=&#8221;4.16&#8243; _module_preset=&#8221;default&#8221; background_color=&#8221;#ffffff&#8221; custom_margin=&#8221;20px||20px||false|false&#8221; custom_padding=&#8221;0px|20px||20px|false|false&#8221; global_colors_info=&#8221;{}&#8221;][et_pb_column type=&#8221;2_3&#8243; _builder_version=&#8221;4.16&#8243; _module_preset=&#8221;default&#8221; global_colors_info=&#8221;{}&#8221;][et_pb_text _builder_version=&#8221;4.16&#8243; _module_preset=&#8221;77a7a6a5-6cba-4e24-a8d7-1992b0adbe08&#8243; global_colors_info=&#8221;{}&#8221; admin_label=&#8221;summary&#8221;]<\/p>\n<p><span><strong>Das Projekt Legumes Translated unterst\u00fctzt Innovation bei Fruchtfolgesystemen mit K\u00f6rnerleguminosen und Wertsch\u00f6pfungsketten durch den Zugang zu Expertise. Das Konsortium wird eine Gesamtsumme von 2,16 Millionen Euro investieren, mit einer EU-F\u00f6rderung von 2 Millionen Euro. Das Projekt begann bei einem dreit\u00e4gigen Treffen des Konsortiums am 19 &#8211; 21. November 2018 in Wien.<\/strong><\/span><\/p>\n<p><span>Das Konsortium setzt sich aus 18 Partnerorganisationen in neun L\u00e4ndern zusammen. Deren Arbeit wird von 15 Interessensgruppen geleistet, die aus Forschungs- und praxisorientierten Partnern bestehen und relevantes Wissen \u00fcber die Produktion und Nutzung von H\u00fclsenfr\u00fcchten austauschen und generieren werden. Dieses Know-how wird auf seine Relevanz f\u00fcr die wirtschaftlichen und \u00f6kologischen Ziele evaluiert werden. Die Arbeit wird von sieben Netzwerken von Interessensgruppen durchgef\u00fchrt werden, die auf verschiedene Arten von Fruchtfolgen und Wertsch\u00f6pfungsketten spezialisiert sind. Das Konsortium wird eine internetbasierte Plattform f\u00fcr den Anbau und die Verwendung von H\u00fclsenfr\u00fcchten erstellen und damit das European Innovation Partnership for Agricultural Productivity and Sustainability (EIP Agri) unterst\u00fctzen. Entscheidungstr\u00e4ger spielen in diesen Wertsch\u00f6pfungsketten eine wichtige Rolle, weshalb das Konsortium den Aufbau von Know-how f\u00fcr Entscheidungstr\u00e4ger f\u00f6rdern wird.<\/span><\/p>\n<p><span>Die Gr\u00fcndung des Projektkonsortiums wurde von Donau Soja und Dr. Donal Murphy-Bokern im Jahre 2016 angesto\u00dfen. Das Engagement von Donau Soja f\u00fcr die Rahmenprogramme der Europ\u00e4ischen Union geht auf den Donau Soja-Kongress in Berlin im Mai 2015 zur\u00fcck. Forschung und Innovation geh\u00f6ren zu den wesentlichen Bereichen von Donau Soja in der Mission zur Verbreitung einer nachhaltigen, zuverl\u00e4ssigen und europ\u00e4ischen Proteinversorgung. <\/span><\/p>\n<p><span>Mehr Information dazu auf der Projektwebseite<\/span>\u00a0<a href=\"httos:\/\/www.legumestranslated.eu\">www.legumestranslated.eu<\/a>.<\/p>\n<p>[\/et_pb_text][\/et_pb_column][et_pb_column type=&#8221;1_3&#8243; _builder_version=&#8221;4.16&#8243; _module_preset=&#8221;default&#8221; global_colors_info=&#8221;{}&#8221;][et_pb_image src=&#8221;https:\/\/www.donausoja.org\/wp-content\/uploads\/2022\/02\/legumes-translated-logo-1.png&#8221; title_text=&#8221;legumes-translated-logo (1)&#8221; align=&#8221;center&#8221; _builder_version=&#8221;4.16&#8243; _module_preset=&#8221;default&#8221; custom_margin=&#8221;20px||||false|false&#8221; custom_padding=&#8221;20px|20px|20px|20px|false|false&#8221; box_shadow_style=&#8221;preset1&#8243; global_colors_info=&#8221;{}&#8221;][\/et_pb_image][\/et_pb_column][\/et_pb_row][\/et_pb_section]<\/p>\n","protected":false},"excerpt":{"rendered":"<p>Legumes Translated Das Projekt Legumes Translated unterst\u00fctzt Innovation bei Fruchtfolgesystemen mit K\u00f6rnerleguminosen und Wertsch\u00f6pfungsketten durch den Zugang zu Expertise. Das Konsortium wird eine Gesamtsumme von 2,16 Millionen Euro investieren, mit einer EU-F\u00f6rderung von 2 Millionen Euro. Das Projekt begann bei einem dreit\u00e4gigen Treffen des Konsortiums am 19 &#8211; 21. November 2018 in Wien. Das Konsortium [&hellip;]<\/p>\n","protected":false},"author":2,"featured_media":67,"parent":19389,"menu_order":0,"comment_status":"open","ping_status":"open","template":"","meta":{"_et_pb_use_builder":"on","_et_pb_old_content":"","_et_gb_content_width":"","footnotes":""},"class_list":["post-19390","page","type-page","status-publish","has-post-thumbnail","hentry"],"yoast_head":"<!-- This site is optimized with the Yoast SEO plugin v27.4 - https:\/\/yoast.com\/product\/yoast-seo-wordpress\/ -->\n<title>Legumes Translated - Donau Soja<\/title>\n<meta name=\"description\" content=\"Das Projekt Legumes Translated unterst\u00fctzt Innovation bei Fruchtfolgesystemen mit K\u00f6rnerleguminosen und Wertsch\u00f6pfungsketten durch den Zugang zu Expertise.\" \/>\n<meta name=\"robots\" content=\"index, follow, max-snippet:-1, max-image-preview:large, max-video-preview:-1\" \/>\n<link rel=\"canonical\" href=\"https:\/\/www.donausoja.org\/de\/projekte\/laufende-innovationsprojekte\/legumes-translated\/\" \/>\n<meta property=\"og:locale\" content=\"de_DE\" \/>\n<meta property=\"og:type\" content=\"article\" \/>\n<meta property=\"og:title\" content=\"Legumes Translated - Donau Soja\" \/>\n<meta property=\"og:description\" content=\"Das Projekt Legumes Translated unterst\u00fctzt Innovation bei Fruchtfolgesystemen mit K\u00f6rnerleguminosen und Wertsch\u00f6pfungsketten durch den Zugang zu Expertise.\" \/>\n<meta property=\"og:url\" content=\"https:\/\/www.donausoja.org\/de\/projekte\/laufende-innovationsprojekte\/legumes-translated\/\" \/>\n<meta property=\"og:site_name\" content=\"Donau Soja\" \/>\n<meta property=\"og:image\" content=\"https:\/\/www.donausoja.org\/wp-content\/uploads\/2021\/12\/cropped-donausoja_favicon2_512-1-e1645618911394.png\" \/>\n\t<meta property=\"og:image:width\" content=\"212\" \/>\n\t<meta property=\"og:image:height\" content=\"212\" \/>\n\t<meta property=\"og:image:type\" content=\"image\/png\" \/>\n<meta name=\"twitter:card\" content=\"summary_large_image\" \/>\n<meta name=\"twitter:label1\" content=\"Gesch\u00e4tzte Lesezeit\" \/>\n\t<meta name=\"twitter:data1\" content=\"2\u00a0Minuten\" \/>\n<script type=\"application\/ld+json\" class=\"yoast-schema-graph\">{\"@context\":\"https:\\\/\\\/schema.org\",\"@graph\":[{\"@type\":\"WebPage\",\"@id\":\"https:\\\/\\\/www.donausoja.org\\\/de\\\/projekte\\\/laufende-innovationsprojekte\\\/legumes-translated\\\/\",\"url\":\"https:\\\/\\\/www.donausoja.org\\\/de\\\/projekte\\\/laufende-innovationsprojekte\\\/legumes-translated\\\/\",\"name\":\"Legumes Translated - Donau Soja\",\"isPartOf\":{\"@id\":\"https:\\\/\\\/www.donausoja.org\\\/de\\\/#website\"},\"primaryImageOfPage\":{\"@id\":\"https:\\\/\\\/www.donausoja.org\\\/de\\\/projekte\\\/laufende-innovationsprojekte\\\/legumes-translated\\\/#primaryimage\"},\"image\":{\"@id\":\"https:\\\/\\\/www.donausoja.org\\\/de\\\/projekte\\\/laufende-innovationsprojekte\\\/legumes-translated\\\/#primaryimage\"},\"thumbnailUrl\":\"https:\\\/\\\/www.donausoja.org\\\/wp-content\\\/uploads\\\/2021\\\/12\\\/cropped-donausoja_favicon2_512-1-e1645618911394.png\",\"datePublished\":\"2022-02-10T09:09:34+00:00\",\"description\":\"Das Projekt Legumes Translated unterst\u00fctzt Innovation bei Fruchtfolgesystemen mit K\u00f6rnerleguminosen und Wertsch\u00f6pfungsketten durch den Zugang zu Expertise.\",\"breadcrumb\":{\"@id\":\"https:\\\/\\\/www.donausoja.org\\\/de\\\/projekte\\\/laufende-innovationsprojekte\\\/legumes-translated\\\/#breadcrumb\"},\"inLanguage\":\"de\",\"potentialAction\":[{\"@type\":\"ReadAction\",\"target\":[\"https:\\\/\\\/www.donausoja.org\\\/de\\\/projekte\\\/laufende-innovationsprojekte\\\/legumes-translated\\\/\"]}]},{\"@type\":\"ImageObject\",\"inLanguage\":\"de\",\"@id\":\"https:\\\/\\\/www.donausoja.org\\\/de\\\/projekte\\\/laufende-innovationsprojekte\\\/legumes-translated\\\/#primaryimage\",\"url\":\"https:\\\/\\\/www.donausoja.org\\\/wp-content\\\/uploads\\\/2021\\\/12\\\/cropped-donausoja_favicon2_512-1-e1645618911394.png\",\"contentUrl\":\"https:\\\/\\\/www.donausoja.org\\\/wp-content\\\/uploads\\\/2021\\\/12\\\/cropped-donausoja_favicon2_512-1-e1645618911394.png\",\"width\":212,\"height\":212},{\"@type\":\"BreadcrumbList\",\"@id\":\"https:\\\/\\\/www.donausoja.org\\\/de\\\/projekte\\\/laufende-innovationsprojekte\\\/legumes-translated\\\/#breadcrumb\",\"itemListElement\":[{\"@type\":\"ListItem\",\"position\":1,\"name\":\"Home\",\"item\":\"https:\\\/\\\/www.donausoja.org\\\/de\\\/\"},{\"@type\":\"ListItem\",\"position\":2,\"name\":\"Projekte\",\"item\":\"https:\\\/\\\/www.donausoja.org\\\/de\\\/projekte\\\/\"},{\"@type\":\"ListItem\",\"position\":3,\"name\":\"Laufende Innovationsprojekte\",\"item\":\"https:\\\/\\\/www.donausoja.org\\\/de\\\/?page_id=19389\"},{\"@type\":\"ListItem\",\"position\":4,\"name\":\"Legumes Translated\"}]},{\"@type\":\"WebSite\",\"@id\":\"https:\\\/\\\/www.donausoja.org\\\/de\\\/#website\",\"url\":\"https:\\\/\\\/www.donausoja.org\\\/de\\\/\",\"name\":\"Donau Soja\",\"description\":\"Together for a European Protein Supply: Regional. Sustainable. Non-GM.\",\"potentialAction\":[{\"@type\":\"SearchAction\",\"target\":{\"@type\":\"EntryPoint\",\"urlTemplate\":\"https:\\\/\\\/www.donausoja.org\\\/de\\\/?s={search_term_string}\"},\"query-input\":{\"@type\":\"PropertyValueSpecification\",\"valueRequired\":true,\"valueName\":\"search_term_string\"}}],\"inLanguage\":\"de\"}]}<\/script>\n<!-- \/ Yoast SEO plugin. -->","yoast_head_json":{"title":"Legumes Translated - Donau Soja","description":"Das Projekt Legumes Translated unterst\u00fctzt Innovation bei Fruchtfolgesystemen mit K\u00f6rnerleguminosen und Wertsch\u00f6pfungsketten durch den Zugang zu Expertise.","robots":{"index":"index","follow":"follow","max-snippet":"max-snippet:-1","max-image-preview":"max-image-preview:large","max-video-preview":"max-video-preview:-1"},"canonical":"https:\/\/www.donausoja.org\/de\/projekte\/laufende-innovationsprojekte\/legumes-translated\/","og_locale":"de_DE","og_type":"article","og_title":"Legumes Translated - Donau Soja","og_description":"Das Projekt Legumes Translated unterst\u00fctzt Innovation bei Fruchtfolgesystemen mit K\u00f6rnerleguminosen und Wertsch\u00f6pfungsketten durch den Zugang zu Expertise.","og_url":"https:\/\/www.donausoja.org\/de\/projekte\/laufende-innovationsprojekte\/legumes-translated\/","og_site_name":"Donau Soja","og_image":[{"width":212,"height":212,"url":"https:\/\/www.donausoja.org\/wp-content\/uploads\/2021\/12\/cropped-donausoja_favicon2_512-1-e1645618911394.png","type":"image\/png"}],"twitter_card":"summary_large_image","twitter_misc":{"Gesch\u00e4tzte Lesezeit":"2\u00a0Minuten"},"schema":{"@context":"https:\/\/schema.org","@graph":[{"@type":"WebPage","@id":"https:\/\/www.donausoja.org\/de\/projekte\/laufende-innovationsprojekte\/legumes-translated\/","url":"https:\/\/www.donausoja.org\/de\/projekte\/laufende-innovationsprojekte\/legumes-translated\/","name":"Legumes Translated - Donau Soja","isPartOf":{"@id":"https:\/\/www.donausoja.org\/de\/#website"},"primaryImageOfPage":{"@id":"https:\/\/www.donausoja.org\/de\/projekte\/laufende-innovationsprojekte\/legumes-translated\/#primaryimage"},"image":{"@id":"https:\/\/www.donausoja.org\/de\/projekte\/laufende-innovationsprojekte\/legumes-translated\/#primaryimage"},"thumbnailUrl":"https:\/\/www.donausoja.org\/wp-content\/uploads\/2021\/12\/cropped-donausoja_favicon2_512-1-e1645618911394.png","datePublished":"2022-02-10T09:09:34+00:00","description":"Das Projekt Legumes Translated unterst\u00fctzt Innovation bei Fruchtfolgesystemen mit K\u00f6rnerleguminosen und Wertsch\u00f6pfungsketten durch den Zugang zu Expertise.","breadcrumb":{"@id":"https:\/\/www.donausoja.org\/de\/projekte\/laufende-innovationsprojekte\/legumes-translated\/#breadcrumb"},"inLanguage":"de","potentialAction":[{"@type":"ReadAction","target":["https:\/\/www.donausoja.org\/de\/projekte\/laufende-innovationsprojekte\/legumes-translated\/"]}]},{"@type":"ImageObject","inLanguage":"de","@id":"https:\/\/www.donausoja.org\/de\/projekte\/laufende-innovationsprojekte\/legumes-translated\/#primaryimage","url":"https:\/\/www.donausoja.org\/wp-content\/uploads\/2021\/12\/cropped-donausoja_favicon2_512-1-e1645618911394.png","contentUrl":"https:\/\/www.donausoja.org\/wp-content\/uploads\/2021\/12\/cropped-donausoja_favicon2_512-1-e1645618911394.png","width":212,"height":212},{"@type":"BreadcrumbList","@id":"https:\/\/www.donausoja.org\/de\/projekte\/laufende-innovationsprojekte\/legumes-translated\/#breadcrumb","itemListElement":[{"@type":"ListItem","position":1,"name":"Home","item":"https:\/\/www.donausoja.org\/de\/"},{"@type":"ListItem","position":2,"name":"Projekte","item":"https:\/\/www.donausoja.org\/de\/projekte\/"},{"@type":"ListItem","position":3,"name":"Laufende Innovationsprojekte","item":"https:\/\/www.donausoja.org\/de\/?page_id=19389"},{"@type":"ListItem","position":4,"name":"Legumes Translated"}]},{"@type":"WebSite","@id":"https:\/\/www.donausoja.org\/de\/#website","url":"https:\/\/www.donausoja.org\/de\/","name":"Donau Soja","description":"Together for a European Protein Supply: Regional. Sustainable. Non-GM.","potentialAction":[{"@type":"SearchAction","target":{"@type":"EntryPoint","urlTemplate":"https:\/\/www.donausoja.org\/de\/?s={search_term_string}"},"query-input":{"@type":"PropertyValueSpecification","valueRequired":true,"valueName":"search_term_string"}}],"inLanguage":"de"}]}},"_links":{"self":[{"href":"https:\/\/www.donausoja.org\/de\/wp-json\/wp\/v2\/pages\/19390","targetHints":{"allow":["GET"]}}],"collection":[{"href":"https:\/\/www.donausoja.org\/de\/wp-json\/wp\/v2\/pages"}],"about":[{"href":"https:\/\/www.donausoja.org\/de\/wp-json\/wp\/v2\/types\/page"}],"author":[{"embeddable":true,"href":"https:\/\/www.donausoja.org\/de\/wp-json\/wp\/v2\/users\/2"}],"replies":[{"embeddable":true,"href":"https:\/\/www.donausoja.org\/de\/wp-json\/wp\/v2\/comments?post=19390"}],"version-history":[{"count":0,"href":"https:\/\/www.donausoja.org\/de\/wp-json\/wp\/v2\/pages\/19390\/revisions"}],"up":[{"embeddable":true,"href":"https:\/\/www.donausoja.org\/de\/wp-json\/wp\/v2\/pages\/19389"}],"wp:featuredmedia":[{"embeddable":true,"href":"https:\/\/www.donausoja.org\/de\/wp-json\/wp\/v2\/media\/67"}],"wp:attachment":[{"href":"https:\/\/www.donausoja.org\/de\/wp-json\/wp\/v2\/media?parent=19390"}],"curies":[{"name":"wp","href":"https:\/\/api.w.org\/{rel}","templated":true}]}}