
{"id":19380,"date":"2022-02-23T15:56:22","date_gmt":"2022-02-23T15:56:22","guid":{"rendered":"https:\/\/fourth.donausoja.org\/landwirtschaft\/sojaanalyse\/"},"modified":"2025-02-05T09:52:12","modified_gmt":"2025-02-05T09:52:12","slug":"sojaanalyse","status":"publish","type":"page","link":"https:\/\/www.donausoja.org\/de\/landwirtschaft\/sojaanalyse\/","title":{"rendered":"Sojaanalyse"},"content":{"rendered":"<p>[et_pb_section fb_built=&#8221;1&#8243; _builder_version=&#8221;4.16&#8243; _module_preset=&#8221;default&#8221; background_color=&#8221;RGBA(255,255,255,0)&#8221; da_disable_devices=&#8221;off|off|off&#8221; locked=&#8221;off&#8221; global_colors_info=&#8221;{}&#8221; da_is_popup=&#8221;off&#8221; da_exit_intent=&#8221;off&#8221; da_has_close=&#8221;on&#8221; da_alt_close=&#8221;off&#8221; da_dark_close=&#8221;off&#8221; da_not_modal=&#8221;on&#8221; da_is_singular=&#8221;off&#8221; da_with_loader=&#8221;off&#8221; da_has_shadow=&#8221;on&#8221;][et_pb_row _builder_version=&#8221;4.16&#8243; _module_preset=&#8221;default&#8221; custom_padding=&#8221;130px|||||&#8221; global_colors_info=&#8221;{}&#8221;][et_pb_column type=&#8221;4_4&#8243; _builder_version=&#8221;4.16&#8243; _module_preset=&#8221;default&#8221; global_colors_info=&#8221;{}&#8221;][et_pb_text admin_label=&#8221;headline&#8221; _builder_version=&#8221;4.27.3&#8243; _module_preset=&#8221;77a7a6a5-6cba-4e24-a8d7-1992b0adbe08&#8243; header_font=&#8221;Ubuntu|700|||||||&#8221; global_colors_info=&#8221;{}&#8221;]<\/p>\n<h1>Nahinfrarot (NIR) Analyse f\u00fcr Sojabohne<\/h1>\n<p>[\/et_pb_text][\/et_pb_column][\/et_pb_row][\/et_pb_section][et_pb_section fb_built=&#8221;1&#8243; _builder_version=&#8221;4.16&#8243; _module_preset=&#8221;default&#8221; background_color=&#8221;#F6F1E8&#8243; custom_padding=&#8221;28px||33px|||&#8221; da_disable_devices=&#8221;off|off|off&#8221; global_colors_info=&#8221;{}&#8221; da_is_popup=&#8221;off&#8221; da_exit_intent=&#8221;off&#8221; da_has_close=&#8221;on&#8221; da_alt_close=&#8221;off&#8221; da_dark_close=&#8221;off&#8221; da_not_modal=&#8221;on&#8221; da_is_singular=&#8221;off&#8221; da_with_loader=&#8221;off&#8221; da_has_shadow=&#8221;on&#8221;][et_pb_row column_structure=&#8221;1_2,1_2&#8243; _builder_version=&#8221;4.16&#8243; _module_preset=&#8221;default&#8221; custom_padding=&#8221;5px|||||&#8221; global_colors_info=&#8221;{}&#8221;][et_pb_column type=&#8221;1_2&#8243; _builder_version=&#8221;4.16&#8243; _module_preset=&#8221;default&#8221; global_colors_info=&#8221;{}&#8221;][et_pb_text admin_label=&#8221;main info text&#8221; _builder_version=&#8221;4.17.6&#8243; _module_preset=&#8221;77a7a6a5-6cba-4e24-a8d7-1992b0adbe08&#8243; global_colors_info=&#8221;{}&#8221;]<\/p>\n<p>Donau Soja bietet in Zusammenarbeit mit dem deutschen Unternehmen Evonik Industries ein exklusives und innovatives Angebot f\u00fcr die Analyse von K\u00f6rnerleguminosen und Futtermittel an. Neben Soja ist die Analyse zum Beispiel auch f\u00fcr Getreide oder Mais anwendbar.<\/p>\n<p>[\/et_pb_text][\/et_pb_column][et_pb_column type=&#8221;1_2&#8243; _builder_version=&#8221;4.16&#8243; _module_preset=&#8221;default&#8221; global_colors_info=&#8221;{}&#8221;][et_pb_image src=&#8221;https:\/\/www.donausoja.org\/wp-content\/uploads\/2022\/03\/thumb_nir_DE.png&#8221; title_text=&#8221;thumb_nir_DE&#8221; _builder_version=&#8221;4.17.6&#8243; _module_preset=&#8221;default&#8221; box_shadow_style=&#8221;preset1&#8243; global_colors_info=&#8221;{}&#8221;][\/et_pb_image][\/et_pb_column][\/et_pb_row][\/et_pb_section][et_pb_section fb_built=&#8221;1&#8243; _builder_version=&#8221;4.16&#8243; _module_preset=&#8221;default&#8221; da_disable_devices=&#8221;off|off|off&#8221; global_colors_info=&#8221;{}&#8221; da_is_popup=&#8221;off&#8221; da_exit_intent=&#8221;off&#8221; da_has_close=&#8221;on&#8221; da_alt_close=&#8221;off&#8221; da_dark_close=&#8221;off&#8221; da_not_modal=&#8221;on&#8221; da_is_singular=&#8221;off&#8221; da_with_loader=&#8221;off&#8221; da_has_shadow=&#8221;on&#8221;][et_pb_row _builder_version=&#8221;4.16&#8243; _module_preset=&#8221;default&#8221; custom_padding=&#8221;||3px|||&#8221; global_colors_info=&#8221;{}&#8221;][et_pb_column type=&#8221;4_4&#8243; _builder_version=&#8221;4.16&#8243; _module_preset=&#8221;default&#8221; global_colors_info=&#8221;{}&#8221;][et_pb_text admin_label=&#8221;info text&#8221; _builder_version=&#8221;4.21.0&#8243; _module_preset=&#8221;97a49757-9877-47ea-b480-aa7742502928&#8243; locked=&#8221;off&#8221; global_colors_info=&#8221;{}&#8221;]<\/p>\n<h2><strong>Mehr Transparenz und Informationen \u00fcber Ihre Produkte<\/strong><\/h2>\n<h2>&#8211;<\/h2>\n<p>[\/et_pb_text][\/et_pb_column][\/et_pb_row][et_pb_row column_structure=&#8221;1_2,1_2&#8243; _builder_version=&#8221;4.16&#8243; _module_preset=&#8221;default&#8221; custom_padding=&#8221;6px|||||&#8221; global_colors_info=&#8221;{}&#8221;][et_pb_column type=&#8221;1_2&#8243; _builder_version=&#8221;4.16&#8243; _module_preset=&#8221;default&#8221; global_colors_info=&#8221;{}&#8221;][et_pb_text admin_label=&#8221;summary&#8221; _builder_version=&#8221;4.17.6&#8243; _module_preset=&#8221;default&#8221; global_colors_info=&#8221;{}&#8221;]<\/p>\n<p>Ein detailliertes N\u00e4hrstoffprofil bildet die Grundlage f\u00fcr den optimalen Einsatz von Sojabohnen und Sojafuttermitteln. Dies wird nun durch die neuesten Entwicklungen im Bereich der Nahinfrarotspektroskopie (NIRS) erleichtert. Diese Technologie ist in der Landwirtschaft bereits weit verbreitet, aber dieses spezielle Angebot nutzt die neuesten Kalibrierungen von Evonik Industries und geht damit weit \u00fcber die M\u00f6glichkeiten von Standard-NIRS-Ger\u00e4ten hinaus. Jetzt ist es m\u00f6glich, neben den Hauptn\u00e4hrstoffen (Eiwei\u00df, Ballaststoffe, Energie und \u00d6l) auch Sojabohnen-Verarbeitungsindikatoren (TIA und Proteinl\u00f6slichkeit) sowie Verdaulichkeitsparameter f\u00fcr Gefl\u00fcgel und Schweine genau zu messen. Die Analyse kann auch auf andere Futtermittel wie Mais, Getreide oder Raps angewendet werden.<\/p>\n<p>[\/et_pb_text][\/et_pb_column][et_pb_column type=&#8221;1_2&#8243; _builder_version=&#8221;4.16&#8243; _module_preset=&#8221;default&#8221; global_colors_info=&#8221;{}&#8221;][et_pb_text admin_label=&#8221;ablauf&#8221; _builder_version=&#8221;4.17.6&#8243; _module_preset=&#8221;97a49757-9877-47ea-b480-aa7742502928&#8243; custom_padding=&#8221;1px|||0px|false|false&#8221; global_colors_info=&#8221;{}&#8221;]<\/p>\n<h4><strong>Ablauf und wichtige Punkte:<\/strong><\/h4>\n<p>[\/et_pb_text][et_pb_blurb title=&#8221;Kontaktieren Sie das Donau Soja Team.&#8221; url=&#8221;https:\/\/forms.office.com\/Pages\/ResponsePage.aspx?id=hP0_h1Qf-ESi3zAc4Lu1cGRYvMM_iu9LllhGs-AO3-9UMkw0MUQwSkIyUTVFRVBYTDVaMFhPRFAzOS4u&#8221; use_icon=&#8221;on&#8221; font_icon=&#8221;&#xf0c8;||fa||900&#8243; _builder_version=&#8221;4.27.3&#8243; _module_preset=&#8221;cab63192-e1cc-4616-9a2f-d865c99c0a13&#8243; custom_padding=&#8221;17px|||||&#8221; link_option_url=&#8221;https:\/\/forms.office.com\/Pages\/ResponsePage.aspx?id=hP0_h1Qf-ESi3zAc4Lu1cGRYvMM_iu9LllhGs-AO3-9UMkw0MUQwSkIyUTVFRVBYTDVaMFhPRFAzOS4u&#8221; global_colors_info=&#8221;{}&#8221;][\/et_pb_blurb][et_pb_blurb title=&#8221;Entnehmen Sie eine m\u00f6glichst repr\u00e4sentative Probe (ca. 200-300 Gramm).&#8221; use_icon=&#8221;on&#8221; font_icon=&#8221;&#xf0c8;||fa||900&#8243; _builder_version=&#8221;4.27.3&#8243; _module_preset=&#8221;cab63192-e1cc-4616-9a2f-d865c99c0a13&#8243; global_colors_info=&#8221;{}&#8221;][\/et_pb_blurb][et_pb_blurb title=&#8221;Entscheiden Sie sich f\u00fcr ein Analyseangebot&#8221; url=&#8221;https:\/\/www.donausoja.org\/wp-content\/uploads\/2025\/02\/Donau-Soja-NIR-Analyse-Preise_DE_update20241107.pdf&#8221; url_new_window=&#8221;on&#8221; use_icon=&#8221;on&#8221; font_icon=&#8221;&#xf0c8;||fa||900&#8243; _builder_version=&#8221;4.27.3&#8243; _module_preset=&#8221;cab63192-e1cc-4616-9a2f-d865c99c0a13&#8243; link_option_url=&#8221;https:\/\/www.donausoja.org\/wp-content\/uploads\/2025\/02\/Donau-Soja-NIR-Analyse-Preise_DE_update20241107.pdf&#8221; link_option_url_new_window=&#8221;on&#8221; global_colors_info=&#8221;{}&#8221;][\/et_pb_blurb][et_pb_blurb title=&#8221;Registrieren Sie die Proben online.&#8221; url=&#8221;https:\/\/forms.office.com\/Pages\/ResponsePage.aspx?id=hP0_h1Qf-ESi3zAc4Lu1cGRYvMM_iu9LllhGs-AO3-9UMkw0MUQwSkIyUTVFRVBYTDVaMFhPRFAzOS4u&#8221; url_new_window=&#8221;on&#8221; use_icon=&#8221;on&#8221; font_icon=&#8221;&#xf0c8;||fa||900&#8243; _builder_version=&#8221;4.27.3&#8243; _module_preset=&#8221;cab63192-e1cc-4616-9a2f-d865c99c0a13&#8243; link_option_url=&#8221;https:\/\/forms.office.com\/Pages\/ResponsePage.aspx?id=hP0_h1Qf-ESi3zAc4Lu1cGRYvMM_iu9LllhGs-AO3-9UMkw0MUQwSkIyUTVFRVBYTDVaMFhPRFAzOS4u&#8221; link_option_url_new_window=&#8221;on&#8221; global_colors_info=&#8221;{}&#8221;][\/et_pb_blurb][et_pb_blurb title=&#8221;Schicken Sie diese Proben nach den Vorgaben von Donau Soja, beschriftet und gut verpackt an das Labor in Deutschland.&#8221; url=&#8221;https:\/\/www.donausoja.org\/wp-content\/uploads\/2025\/02\/Donau-Soja-NIR-Analyse-Workflow_DE.pdf&#8221; use_icon=&#8221;on&#8221; font_icon=&#8221;&#xf0c8;||fa||900&#8243; _builder_version=&#8221;4.27.3&#8243; _module_preset=&#8221;cab63192-e1cc-4616-9a2f-d865c99c0a13&#8243; link_option_url=&#8221;https:\/\/www.donausoja.org\/wp-content\/uploads\/2025\/02\/Donau-Soja-NIR-Analyse-Workflow_DE.pdf&#8221; hover_enabled=&#8221;0&#8243; global_colors_info=&#8221;{}&#8221; sticky_enabled=&#8221;0&#8243;][\/et_pb_blurb][\/et_pb_column][\/et_pb_row][\/et_pb_section][et_pb_section fb_built=&#8221;1&#8243; _builder_version=&#8221;4.16&#8243; _module_preset=&#8221;default&#8221; background_color=&#8221;rgba(246,241,232,0.75)&#8221; da_disable_devices=&#8221;off|off|off&#8221; global_colors_info=&#8221;{}&#8221; da_is_popup=&#8221;off&#8221; da_exit_intent=&#8221;off&#8221; da_has_close=&#8221;on&#8221; da_alt_close=&#8221;off&#8221; da_dark_close=&#8221;off&#8221; da_not_modal=&#8221;on&#8221; da_is_singular=&#8221;off&#8221; da_with_loader=&#8221;off&#8221; da_has_shadow=&#8221;on&#8221;][et_pb_row column_structure=&#8221;1_2,1_2&#8243; _builder_version=&#8221;4.16&#8243; _module_preset=&#8221;default&#8221; background_color=&#8221;#F6F1E8&#8243; custom_padding=&#8221;9px|||||&#8221; box_shadow_style=&#8221;preset1&#8243; global_colors_info=&#8221;{}&#8221;][et_pb_column type=&#8221;1_2&#8243; _builder_version=&#8221;4.16&#8243; _module_preset=&#8221;default&#8221; global_colors_info=&#8221;{}&#8221;][et_pb_text admin_label=&#8221;kontakt&#8221; _builder_version=&#8221;4.27.3&#8243; _module_preset=&#8221;97a49757-9877-47ea-b480-aa7742502928&#8243; custom_padding=&#8221;20px|20px||20px|false|false&#8221; global_colors_info=&#8221;{}&#8221;]<\/p>\n<h3>Probenregistrierung<\/h3>\n<p><a href=\"https:\/\/forms.office.com\/Pages\/ResponsePage.aspx?id=hP0_h1Qf-ESi3zAc4Lu1cGRYvMM_iu9LllhGs-AO3-9UMkw0MUQwSkIyUTVFRVBYTDVaMFhPRFAzOS4u\">zum Formular<\/a><\/p>\n<p>&nbsp;<\/p>\n<h3>Kontakt<\/h3>\n<p>Donau Soja<br \/>Sonja Varga<br \/><a href=\"mailto:varga@donausoja.org\" target=\"_blank\" rel=\"noopener\">varga@donausoja.org<\/a><br \/>+43 1\/512 17 44<\/p>\n<p>[\/et_pb_text][\/et_pb_column][et_pb_column type=&#8221;1_2&#8243; _builder_version=&#8221;4.16&#8243; _module_preset=&#8221;default&#8221; global_colors_info=&#8221;{}&#8221;][et_pb_text _builder_version=&#8221;4.27.3&#8243; _module_preset=&#8221;97a49757-9877-47ea-b480-aa7742502928&#8243; custom_padding=&#8221;20px|20px|0px|0px|false|false&#8221; custom_padding_tablet=&#8221;20px|20px|0px|0px|false|false&#8221; custom_padding_phone=&#8221;20px|20px|0px|0px|false|false&#8221; custom_padding_last_edited=&#8221;on|tablet&#8221; global_colors_info=&#8221;{}&#8221;]<\/p>\n<h3>Downloads<\/h3>\n<p>&nbsp;<\/p>\n<p>[\/et_pb_text][et_pb_blurb title=&#8221;Flyer \u201cNah-infrarot Analyse von Sojabohne und Sojafuttermittel\u201d&#8221; url=&#8221;https:\/\/www.donausoja.org\/wp-content\/uploads\/2025\/02\/Donau-Soja-NIR-Analyse-Flyer_DE.pdf&#8221; url_new_window=&#8221;on&#8221; use_icon=&#8221;on&#8221; font_icon=&#8221;&#xe02c;||divi||400&#8243; _builder_version=&#8221;4.27.3&#8243; _module_preset=&#8221;591a8906-608e-4daf-b2d8-77bd187d9121&#8243; custom_margin=&#8221;-11px||15px||false|false&#8221; custom_padding=&#8221;|20px|||false|false&#8221; link_option_url=&#8221;https:\/\/www.donausoja.org\/wp-content\/uploads\/2025\/02\/Donau-Soja-NIR-Analyse-Flyer_DE.pdf&#8221; link_option_url_new_window=&#8221;on&#8221; global_colors_info=&#8221;{}&#8221;][\/et_pb_blurb][et_pb_blurb title=&#8221;Angebots- und Preisliste f\u00fcr die Analyse von Sojabohne und -futtermittel&#8221; url=&#8221;https:\/\/www.donausoja.org\/wp-content\/uploads\/2025\/02\/Donau-Soja-NIR-Analyse-Preise_DE_update20241107.pdf&#8221; url_new_window=&#8221;on&#8221; use_icon=&#8221;on&#8221; font_icon=&#8221;&#xe02c;||divi||400&#8243; _builder_version=&#8221;4.27.3&#8243; _module_preset=&#8221;591a8906-608e-4daf-b2d8-77bd187d9121&#8243; custom_margin=&#8221;20px||13px||false|false&#8221; custom_padding=&#8221;|20px|||false|false&#8221; link_option_url=&#8221;https:\/\/www.donausoja.org\/wp-content\/uploads\/2025\/02\/Donau-Soja-NIR-Analyse-Preise_DE_update20241107.pdf&#8221; link_option_url_new_window=&#8221;on&#8221; global_colors_info=&#8221;{}&#8221;][\/et_pb_blurb][et_pb_blurb title=&#8221;\u00dcbersicht zur Vorgehensweise der Probenregistrierung und Einsendung&#8221; url=&#8221;https:\/\/www.donausoja.org\/wp-content\/uploads\/2025\/02\/Donau-Soja-NIR-Analyse-Workflow_DE.pdf&#8221; url_new_window=&#8221;on&#8221; use_icon=&#8221;on&#8221; font_icon=&#8221;&#xe02c;||divi||400&#8243; _builder_version=&#8221;4.27.3&#8243; _module_preset=&#8221;591a8906-608e-4daf-b2d8-77bd187d9121&#8243; custom_padding=&#8221;|20px|||false|false&#8221; link_option_url=&#8221;https:\/\/www.donausoja.org\/wp-content\/uploads\/2025\/02\/Donau-Soja-NIR-Analyse-Workflow_DE.pdf&#8221; link_option_url_new_window=&#8221;on&#8221; global_colors_info=&#8221;{}&#8221;][\/et_pb_blurb][et_pb_blurb title=&#8221;Beispiel-Ergebnisbericht (Vollanalyse, Soya feed opti)&#8221; url=&#8221;https:\/\/www.donausoja.org\/wp-content\/uploads\/2025\/02\/Bspbericht_soya-feed-opti-2024040_Sojakuchen.pdf&#8221; url_new_window=&#8221;on&#8221; use_icon=&#8221;on&#8221; font_icon=&#8221;&#xe02c;||divi||400&#8243; _builder_version=&#8221;4.27.3&#8243; _module_preset=&#8221;591a8906-608e-4daf-b2d8-77bd187d9121&#8243; custom_padding=&#8221;|20px|||false|false&#8221; link_option_url=&#8221;https:\/\/www.donausoja.org\/wp-content\/uploads\/2025\/02\/Bspbericht_soya-feed-opti-2024040_Sojakuchen.pdf&#8221; link_option_url_new_window=&#8221;on&#8221; global_colors_info=&#8221;{}&#8221;][\/et_pb_blurb][\/et_pb_column][\/et_pb_row][\/et_pb_section]<\/p>\n","protected":false},"excerpt":{"rendered":"<p>Nahinfrarot (NIR) Analyse f\u00fcr SojabohneDonau Soja bietet in Zusammenarbeit mit dem deutschen Unternehmen Evonik Industries ein exklusives und innovatives Angebot f\u00fcr die Analyse von K\u00f6rnerleguminosen und Futtermittel an. Neben Soja ist die Analyse zum Beispiel auch f\u00fcr Getreide oder Mais anwendbar.Mehr Transparenz und Informationen \u00fcber Ihre Produkte -Ein detailliertes N\u00e4hrstoffprofil bildet die Grundlage f\u00fcr den [&hellip;]<\/p>\n","protected":false},"author":2,"featured_media":19381,"parent":19373,"menu_order":0,"comment_status":"open","ping_status":"open","template":"","meta":{"_et_pb_use_builder":"on","_et_pb_old_content":"","_et_gb_content_width":"","footnotes":""},"class_list":["post-19380","page","type-page","status-publish","has-post-thumbnail","hentry"],"yoast_head":"<!-- This site is optimized with the Yoast SEO plugin v27.4 - https:\/\/yoast.com\/product\/yoast-seo-wordpress\/ -->\n<title>Sojaanalyse - Donau Soja<\/title>\n<meta name=\"description\" content=\"Donau Soja bietet in Zusammenarbeit mit dem deutschen Unternehmen Evonik Industries ein exklusives und innovatives Angebot f\u00fcr die Analyse von K\u00f6rnerleguminosen und Futtermittel an. Neben Soja ist die Analyse zum Beispiel auch f\u00fcr Getreide oder Mais anwendbar.\" \/>\n<meta name=\"robots\" content=\"index, follow, max-snippet:-1, max-image-preview:large, max-video-preview:-1\" \/>\n<link rel=\"canonical\" href=\"https:\/\/www.donausoja.org\/de\/landwirtschaft\/sojaanalyse\/\" \/>\n<meta property=\"og:locale\" content=\"de_DE\" \/>\n<meta property=\"og:type\" content=\"article\" \/>\n<meta property=\"og:title\" content=\"Sojaanalyse - Donau Soja\" \/>\n<meta property=\"og:description\" content=\"Donau Soja bietet in Zusammenarbeit mit dem deutschen Unternehmen Evonik Industries ein exklusives und innovatives Angebot f\u00fcr die Analyse von K\u00f6rnerleguminosen und Futtermittel an. Neben Soja ist die Analyse zum Beispiel auch f\u00fcr Getreide oder Mais anwendbar.\" \/>\n<meta property=\"og:url\" content=\"https:\/\/www.donausoja.org\/de\/landwirtschaft\/sojaanalyse\/\" \/>\n<meta property=\"og:site_name\" content=\"Donau Soja\" \/>\n<meta property=\"article:modified_time\" content=\"2025-02-05T09:52:12+00:00\" \/>\n<meta property=\"og:image\" content=\"https:\/\/www.donausoja.org\/wp-content\/uploads\/2022\/02\/cropped-donausoja_favicon2_512.png\" \/>\n\t<meta property=\"og:image:width\" content=\"512\" \/>\n\t<meta property=\"og:image:height\" content=\"512\" \/>\n\t<meta property=\"og:image:type\" content=\"image\/png\" \/>\n<meta name=\"twitter:card\" content=\"summary_large_image\" \/>\n<meta name=\"twitter:label1\" content=\"Gesch\u00e4tzte Lesezeit\" \/>\n\t<meta name=\"twitter:data1\" content=\"2\u00a0Minuten\" \/>\n<script type=\"application\/ld+json\" class=\"yoast-schema-graph\">{\"@context\":\"https:\\\/\\\/schema.org\",\"@graph\":[{\"@type\":\"WebPage\",\"@id\":\"https:\\\/\\\/www.donausoja.org\\\/de\\\/landwirtschaft\\\/sojaanalyse\\\/\",\"url\":\"https:\\\/\\\/www.donausoja.org\\\/de\\\/landwirtschaft\\\/sojaanalyse\\\/\",\"name\":\"Sojaanalyse - Donau Soja\",\"isPartOf\":{\"@id\":\"https:\\\/\\\/www.donausoja.org\\\/de\\\/#website\"},\"primaryImageOfPage\":{\"@id\":\"https:\\\/\\\/www.donausoja.org\\\/de\\\/landwirtschaft\\\/sojaanalyse\\\/#primaryimage\"},\"image\":{\"@id\":\"https:\\\/\\\/www.donausoja.org\\\/de\\\/landwirtschaft\\\/sojaanalyse\\\/#primaryimage\"},\"thumbnailUrl\":\"https:\\\/\\\/www.donausoja.org\\\/wp-content\\\/uploads\\\/2022\\\/02\\\/cropped-donausoja_favicon2_512.png\",\"datePublished\":\"2022-02-23T15:56:22+00:00\",\"dateModified\":\"2025-02-05T09:52:12+00:00\",\"description\":\"Donau Soja bietet in Zusammenarbeit mit dem deutschen Unternehmen Evonik Industries ein exklusives und innovatives Angebot f\u00fcr die Analyse von K\u00f6rnerleguminosen und Futtermittel an. Neben Soja ist die Analyse zum Beispiel auch f\u00fcr Getreide oder Mais anwendbar.\",\"breadcrumb\":{\"@id\":\"https:\\\/\\\/www.donausoja.org\\\/de\\\/landwirtschaft\\\/sojaanalyse\\\/#breadcrumb\"},\"inLanguage\":\"de\",\"potentialAction\":[{\"@type\":\"ReadAction\",\"target\":[\"https:\\\/\\\/www.donausoja.org\\\/de\\\/landwirtschaft\\\/sojaanalyse\\\/\"]}]},{\"@type\":\"ImageObject\",\"inLanguage\":\"de\",\"@id\":\"https:\\\/\\\/www.donausoja.org\\\/de\\\/landwirtschaft\\\/sojaanalyse\\\/#primaryimage\",\"url\":\"https:\\\/\\\/www.donausoja.org\\\/wp-content\\\/uploads\\\/2022\\\/02\\\/cropped-donausoja_favicon2_512.png\",\"contentUrl\":\"https:\\\/\\\/www.donausoja.org\\\/wp-content\\\/uploads\\\/2022\\\/02\\\/cropped-donausoja_favicon2_512.png\",\"width\":512,\"height\":512},{\"@type\":\"BreadcrumbList\",\"@id\":\"https:\\\/\\\/www.donausoja.org\\\/de\\\/landwirtschaft\\\/sojaanalyse\\\/#breadcrumb\",\"itemListElement\":[{\"@type\":\"ListItem\",\"position\":1,\"name\":\"Home\",\"item\":\"https:\\\/\\\/www.donausoja.org\\\/de\\\/\"},{\"@type\":\"ListItem\",\"position\":2,\"name\":\"Landwirtschaft\",\"item\":\"https:\\\/\\\/www.donausoja.org\\\/de\\\/landwirtschaft\\\/\"},{\"@type\":\"ListItem\",\"position\":3,\"name\":\"Sojaanalyse\"}]},{\"@type\":\"WebSite\",\"@id\":\"https:\\\/\\\/www.donausoja.org\\\/de\\\/#website\",\"url\":\"https:\\\/\\\/www.donausoja.org\\\/de\\\/\",\"name\":\"Donau Soja\",\"description\":\"Together for a European Protein Supply: Regional. Sustainable. Non-GM.\",\"potentialAction\":[{\"@type\":\"SearchAction\",\"target\":{\"@type\":\"EntryPoint\",\"urlTemplate\":\"https:\\\/\\\/www.donausoja.org\\\/de\\\/?s={search_term_string}\"},\"query-input\":{\"@type\":\"PropertyValueSpecification\",\"valueRequired\":true,\"valueName\":\"search_term_string\"}}],\"inLanguage\":\"de\"}]}<\/script>\n<!-- \/ Yoast SEO plugin. -->","yoast_head_json":{"title":"Sojaanalyse - Donau Soja","description":"Donau Soja bietet in Zusammenarbeit mit dem deutschen Unternehmen Evonik Industries ein exklusives und innovatives Angebot f\u00fcr die Analyse von K\u00f6rnerleguminosen und Futtermittel an. Neben Soja ist die Analyse zum Beispiel auch f\u00fcr Getreide oder Mais anwendbar.","robots":{"index":"index","follow":"follow","max-snippet":"max-snippet:-1","max-image-preview":"max-image-preview:large","max-video-preview":"max-video-preview:-1"},"canonical":"https:\/\/www.donausoja.org\/de\/landwirtschaft\/sojaanalyse\/","og_locale":"de_DE","og_type":"article","og_title":"Sojaanalyse - Donau Soja","og_description":"Donau Soja bietet in Zusammenarbeit mit dem deutschen Unternehmen Evonik Industries ein exklusives und innovatives Angebot f\u00fcr die Analyse von K\u00f6rnerleguminosen und Futtermittel an. Neben Soja ist die Analyse zum Beispiel auch f\u00fcr Getreide oder Mais anwendbar.","og_url":"https:\/\/www.donausoja.org\/de\/landwirtschaft\/sojaanalyse\/","og_site_name":"Donau Soja","article_modified_time":"2025-02-05T09:52:12+00:00","og_image":[{"width":512,"height":512,"url":"https:\/\/www.donausoja.org\/wp-content\/uploads\/2022\/02\/cropped-donausoja_favicon2_512.png","type":"image\/png"}],"twitter_card":"summary_large_image","twitter_misc":{"Gesch\u00e4tzte Lesezeit":"2\u00a0Minuten"},"schema":{"@context":"https:\/\/schema.org","@graph":[{"@type":"WebPage","@id":"https:\/\/www.donausoja.org\/de\/landwirtschaft\/sojaanalyse\/","url":"https:\/\/www.donausoja.org\/de\/landwirtschaft\/sojaanalyse\/","name":"Sojaanalyse - Donau Soja","isPartOf":{"@id":"https:\/\/www.donausoja.org\/de\/#website"},"primaryImageOfPage":{"@id":"https:\/\/www.donausoja.org\/de\/landwirtschaft\/sojaanalyse\/#primaryimage"},"image":{"@id":"https:\/\/www.donausoja.org\/de\/landwirtschaft\/sojaanalyse\/#primaryimage"},"thumbnailUrl":"https:\/\/www.donausoja.org\/wp-content\/uploads\/2022\/02\/cropped-donausoja_favicon2_512.png","datePublished":"2022-02-23T15:56:22+00:00","dateModified":"2025-02-05T09:52:12+00:00","description":"Donau Soja bietet in Zusammenarbeit mit dem deutschen Unternehmen Evonik Industries ein exklusives und innovatives Angebot f\u00fcr die Analyse von K\u00f6rnerleguminosen und Futtermittel an. Neben Soja ist die Analyse zum Beispiel auch f\u00fcr Getreide oder Mais anwendbar.","breadcrumb":{"@id":"https:\/\/www.donausoja.org\/de\/landwirtschaft\/sojaanalyse\/#breadcrumb"},"inLanguage":"de","potentialAction":[{"@type":"ReadAction","target":["https:\/\/www.donausoja.org\/de\/landwirtschaft\/sojaanalyse\/"]}]},{"@type":"ImageObject","inLanguage":"de","@id":"https:\/\/www.donausoja.org\/de\/landwirtschaft\/sojaanalyse\/#primaryimage","url":"https:\/\/www.donausoja.org\/wp-content\/uploads\/2022\/02\/cropped-donausoja_favicon2_512.png","contentUrl":"https:\/\/www.donausoja.org\/wp-content\/uploads\/2022\/02\/cropped-donausoja_favicon2_512.png","width":512,"height":512},{"@type":"BreadcrumbList","@id":"https:\/\/www.donausoja.org\/de\/landwirtschaft\/sojaanalyse\/#breadcrumb","itemListElement":[{"@type":"ListItem","position":1,"name":"Home","item":"https:\/\/www.donausoja.org\/de\/"},{"@type":"ListItem","position":2,"name":"Landwirtschaft","item":"https:\/\/www.donausoja.org\/de\/landwirtschaft\/"},{"@type":"ListItem","position":3,"name":"Sojaanalyse"}]},{"@type":"WebSite","@id":"https:\/\/www.donausoja.org\/de\/#website","url":"https:\/\/www.donausoja.org\/de\/","name":"Donau Soja","description":"Together for a European Protein Supply: Regional. Sustainable. Non-GM.","potentialAction":[{"@type":"SearchAction","target":{"@type":"EntryPoint","urlTemplate":"https:\/\/www.donausoja.org\/de\/?s={search_term_string}"},"query-input":{"@type":"PropertyValueSpecification","valueRequired":true,"valueName":"search_term_string"}}],"inLanguage":"de"}]}},"_links":{"self":[{"href":"https:\/\/www.donausoja.org\/de\/wp-json\/wp\/v2\/pages\/19380","targetHints":{"allow":["GET"]}}],"collection":[{"href":"https:\/\/www.donausoja.org\/de\/wp-json\/wp\/v2\/pages"}],"about":[{"href":"https:\/\/www.donausoja.org\/de\/wp-json\/wp\/v2\/types\/page"}],"author":[{"embeddable":true,"href":"https:\/\/www.donausoja.org\/de\/wp-json\/wp\/v2\/users\/2"}],"replies":[{"embeddable":true,"href":"https:\/\/www.donausoja.org\/de\/wp-json\/wp\/v2\/comments?post=19380"}],"version-history":[{"count":10,"href":"https:\/\/www.donausoja.org\/de\/wp-json\/wp\/v2\/pages\/19380\/revisions"}],"predecessor-version":[{"id":54602,"href":"https:\/\/www.donausoja.org\/de\/wp-json\/wp\/v2\/pages\/19380\/revisions\/54602"}],"up":[{"embeddable":true,"href":"https:\/\/www.donausoja.org\/de\/wp-json\/wp\/v2\/pages\/19373"}],"wp:featuredmedia":[{"embeddable":true,"href":"https:\/\/www.donausoja.org\/de\/wp-json\/wp\/v2\/media\/19381"}],"wp:attachment":[{"href":"https:\/\/www.donausoja.org\/de\/wp-json\/wp\/v2\/media?parent=19380"}],"curies":[{"name":"wp","href":"https:\/\/api.w.org\/{rel}","templated":true}]}}