
{"id":19371,"date":"2022-01-21T19:54:35","date_gmt":"2022-01-21T19:54:35","guid":{"rendered":"https:\/\/fourth.donausoja.org\/mitgliedschaft\/mitglied-werden\/"},"modified":"2024-12-09T15:06:42","modified_gmt":"2024-12-09T15:06:42","slug":"mitglied-werden","status":"publish","type":"page","link":"https:\/\/www.donausoja.org\/de\/mitgliedschaft\/mitglied-werden\/","title":{"rendered":"Mitglied werden"},"content":{"rendered":"<p>[et_pb_section fb_built=&#8221;1&#8243; _builder_version=&#8221;4.16&#8243; _module_preset=&#8221;default&#8221; background_color=&#8221;RGBA(255,255,255,0)&#8221; da_disable_devices=&#8221;off|off|off&#8221; locked=&#8221;off&#8221; global_colors_info=&#8221;{}&#8221; da_is_popup=&#8221;off&#8221; da_exit_intent=&#8221;off&#8221; da_has_close=&#8221;on&#8221; da_alt_close=&#8221;off&#8221; da_dark_close=&#8221;off&#8221; da_not_modal=&#8221;on&#8221; da_is_singular=&#8221;off&#8221; da_with_loader=&#8221;off&#8221; da_has_shadow=&#8221;on&#8221;][et_pb_row _builder_version=&#8221;4.16&#8243; _module_preset=&#8221;default&#8221; custom_padding=&#8221;130px|||||&#8221; global_colors_info=&#8221;{}&#8221;][et_pb_column type=&#8221;4_4&#8243; _builder_version=&#8221;4.16&#8243; _module_preset=&#8221;default&#8221; global_colors_info=&#8221;{}&#8221;][et_pb_text admin_label=&#8221;headline&#8221; _builder_version=&#8221;4.16&#8243; _module_preset=&#8221;77a7a6a5-6cba-4e24-a8d7-1992b0adbe08&#8243; header_font=&#8221;Ubuntu|700|||||||&#8221; global_colors_info=&#8221;{}&#8221;]<\/p>\n<h1>Werden Sie Mitglied!<\/h1>\n<p>[\/et_pb_text][\/et_pb_column][\/et_pb_row][\/et_pb_section][et_pb_section fb_built=&#8221;1&#8243; _builder_version=&#8221;4.16&#8243; _module_preset=&#8221;default&#8221; background_color=&#8221;#F6F1E8&#8243; custom_padding=&#8221;||3px|||&#8221; da_disable_devices=&#8221;off|off|off&#8221; global_colors_info=&#8221;{}&#8221; da_is_popup=&#8221;off&#8221; da_exit_intent=&#8221;off&#8221; da_has_close=&#8221;on&#8221; da_alt_close=&#8221;off&#8221; da_dark_close=&#8221;off&#8221; da_not_modal=&#8221;on&#8221; da_is_singular=&#8221;off&#8221; da_with_loader=&#8221;off&#8221; da_has_shadow=&#8221;on&#8221;][et_pb_row column_structure=&#8221;1_2,1_2&#8243; _builder_version=&#8221;4.16&#8243; _module_preset=&#8221;default&#8221; global_colors_info=&#8221;{}&#8221;][et_pb_column type=&#8221;1_2&#8243; _builder_version=&#8221;4.16&#8243; _module_preset=&#8221;default&#8221; global_colors_info=&#8221;{}&#8221;][et_pb_text admin_label=&#8221;beitreten&#8221; _builder_version=&#8221;4.21.0&#8243; _module_preset=&#8221;77a7a6a5-6cba-4e24-a8d7-1992b0adbe08&#8243; global_colors_info=&#8221;{}&#8221;]<\/p>\n<p><strong>Wir laden Sie ein, ein Teil von Donau Soja zu werden.<\/strong><\/p>\n<p>Donau Soja ist eine europ\u00e4ische, und gemeinn\u00fctzige, Mitgliedsorganisation. Wir laden Sie dazu ein, sich den Marktf\u00fchrern und unserer Mission f\u00fcr eine <strong>nachhaltige, zuverl\u00e4ssige und europ\u00e4ische Proteinversorgung <\/strong>anzuschlie\u00dfen.<strong> Mit der Mitgliedschaft in unserer Organisation genie\u00dfen Sie <a href=\"https:\/\/www.donausoja.org\/de\/mitgliedschaft\/\" target=\"_blank\" rel=\"noopener\">viele exklusive Vorteile<\/a>.<\/strong><\/p>\n<p>Als Mitglied von Donau Soja werden Sie Teil einer dynamischen Organisation, die sich f\u00fcr die Verbesserung Ihrer gesch\u00e4ftlichen Unternehmungen durch die Entwicklung europ\u00e4ischer L\u00f6sungen f\u00fcr die Proteinversorgung engagiert. Donau Soja ist ein Netzwerk, eine Organisation und eine Plattform. Sie werden regelm\u00e4\u00dfig Informationen sowie Einladungen zu wichtigen Events und Netzwerktreffen erhalten.<\/p>\n<p>Hier finden Sie die Beitrittserkl\u00e4rungen. Bitte ausgef\u00fcllt an <a href=\"mailto:rittler@donausoja.org\">office@donausoja.org<\/a> schicken.<\/p>\n<p>[\/et_pb_text][et_pb_button button_url=&#8221;https:\/\/www.donausoja.org\/wp-content\/uploads\/2022\/02\/Donau_Soja_Beitrittserklaerung_Beitragsordnung.pdf&#8221; url_new_window=&#8221;on&#8221; button_text=&#8221;Download der Beitrittserkl\u00e4rung in Deutsch&#8221; disabled_on=&#8221;on|on|on&#8221; _builder_version=&#8221;4.21.0&#8243; _module_preset=&#8221;default&#8221; custom_button=&#8221;on&#8221; button_icon=&#8221;&#x68;||divi||400&#8243; button_icon_placement=&#8221;left&#8221; button_on_hover=&#8221;off&#8221; custom_margin=&#8221;20px||||false|false&#8221; disabled=&#8221;on&#8221; global_colors_info=&#8221;{}&#8221;][\/et_pb_button][et_pb_button button_url=&#8221;https:\/\/www.donausoja.org\/wp-content\/uploads\/2023\/11\/Declaration-of-accession-DE_17.11.2023.pdf&#8221; url_new_window=&#8221;on&#8221; button_text=&#8221;Download der Beitrittserkl\u00e4rung in Deutsch&#8221; _builder_version=&#8221;4.21.0&#8243; _module_preset=&#8221;default&#8221; custom_button=&#8221;on&#8221; button_icon=&#8221;&#x68;||divi||400&#8243; button_icon_placement=&#8221;left&#8221; button_on_hover=&#8221;off&#8221; custom_margin=&#8221;20px||||false|false&#8221; global_colors_info=&#8221;{}&#8221;][\/et_pb_button][et_pb_button button_url=&#8221;https:\/\/www.donausoja.org\/de\/mitgliedschaft\/&#8221; url_new_window=&#8221;on&#8221; button_text=&#8221;Erfahre mehr \u00fcber die Mitgliedschaft bei Donau Soja&#8221; _builder_version=&#8221;4.21.0&#8243; _module_preset=&#8221;default&#8221; custom_button=&#8221;on&#8221; button_icon=&#8221;&#xe073;||divi||400&#8243; button_icon_placement=&#8221;left&#8221; button_on_hover=&#8221;off&#8221; custom_margin=&#8221;20px||||false|false&#8221; global_colors_info=&#8221;{}&#8221;][\/et_pb_button][et_pb_text _builder_version=&#8221;4.27.3&#8243; _module_preset=&#8221;77a7a6a5-6cba-4e24-a8d7-1992b0adbe08&#8243; hover_enabled=&#8221;0&#8243; global_colors_info=&#8221;{}&#8221; sticky_enabled=&#8221;0&#8243;]<\/p>\n<p>Der Verein Donau Soja funktioniert gem\u00e4\u00df den\u00a0<a href=\"https:\/\/www.donausoja.org\/wp-content\/uploads\/2024\/12\/DS-Statuten-Verein-Donau-Soja_26062024.pdf\" target=\"_blank\" rel=\"noopener\">Donau Soja Statuten<\/a>\u00a0und die Mitglieder sind verpflichtet das\u00a0<a href=\"https:\/\/www.donausoja.org\/wp-content\/uploads\/2022\/03\/Donau_Soja_Vereinbarung_Nutzung_des_DS_und_ES_Logos.pdf\" target=\"_blank\" rel=\"noopener\">\u00dcbereinkommen \u00fcber die Logoverwendung<\/a>\u00a0einzuhalten.<\/p>\n<p>[\/et_pb_text][\/et_pb_column][et_pb_column type=&#8221;1_2&#8243; _builder_version=&#8221;4.16&#8243; _module_preset=&#8221;default&#8221; global_colors_info=&#8221;{}&#8221;][et_pb_image src=&#8221;https:\/\/www.donausoja.org\/wp-content\/uploads\/2021\/12\/europesoja_donausoja_logo_230.png&#8221; title_text=&#8221;europesoja_donausoja_logo_230&#8243; align=&#8221;center&#8221; _builder_version=&#8221;4.16&#8243; _module_preset=&#8221;default&#8221; box_shadow_style=&#8221;preset1&#8243; box_shadow_blur=&#8221;10px&#8221; global_colors_info=&#8221;{}&#8221;][\/et_pb_image][\/et_pb_column][\/et_pb_row][et_pb_row _builder_version=&#8221;4.16&#8243; _module_preset=&#8221;default&#8221; global_colors_info=&#8221;{}&#8221;][et_pb_column type=&#8221;4_4&#8243; _builder_version=&#8221;4.16&#8243; _module_preset=&#8221;default&#8221; global_colors_info=&#8221;{}&#8221;][et_pb_text _builder_version=&#8221;4.21.0&#8243; _module_preset=&#8221;77a7a6a5-6cba-4e24-a8d7-1992b0adbe08&#8243; text_text_color=&#8221;#76B82A&#8221; custom_margin=&#8221;||0px|20px|false|false&#8221; link_option_url=&#8221;https:\/\/www.donausoja.org\/de\/standards-und-zertifizierung-2\/&#8221; locked=&#8221;off&#8221; global_colors_info=&#8221;{}&#8221;]<\/p>\n<section class=\"elementor-section elementor-top-section elementor-element elementor-element-7a17823 elementor-section-stretched elementor-section-content-middle elementor-section-boxed elementor-section-height-default elementor-section-height-default\" data-id=\"7a17823\" data-element_type=\"section\" data-settings=\"{&quot;stretch_section&quot;:&quot;section-stretched&quot;,&quot;background_background&quot;:&quot;classic&quot;}\">\n<div class=\"elementor-container elementor-column-gap-default\">\n<div class=\"elementor-row\">\n<div class=\"elementor-column elementor-col-100 elementor-top-column elementor-element elementor-element-5600759\" data-id=\"5600759\" data-element_type=\"column\" data-settings=\"{&quot;background_background&quot;:&quot;classic&quot;}\">\n<div class=\"elementor-column-wrap elementor-element-populated\">\n<div class=\"elementor-widget-wrap\">\n<div class=\"elementor-element elementor-element-b9d7d32 elementor-widget elementor-widget-text-editor\" data-id=\"b9d7d32\" data-element_type=\"widget\" data-widget_type=\"text-editor.default\">\n<div class=\"elementor-widget-container\">\n<div class=\"elementor-text-editor elementor-clearfix\">\n<p style=\"text-align: right;\"><strong>Weiter zu Zertifizierung und Standards \u00bb<\/strong><\/p>\n<\/div>\n<\/div>\n<\/div>\n<\/div>\n<\/div>\n<\/div>\n<\/div>\n<\/div>\n<\/section>\n<section class=\"elementor-section elementor-top-section elementor-element elementor-element-7b97e50 elementor-section-boxed elementor-section-height-default elementor-section-height-default\" data-id=\"7b97e50\" data-element_type=\"section\" data-settings=\"{&quot;background_background&quot;:&quot;classic&quot;}\">\n<div class=\"elementor-container elementor-column-gap-default\">\n<div class=\"elementor-row\">\n<div class=\"elementor-column elementor-col-100 elementor-top-column elementor-element elementor-element-acd2f48\" data-id=\"acd2f48\" data-element_type=\"column\" data-settings=\"{&quot;background_background&quot;:&quot;classic&quot;}\">\n<div class=\"elementor-column-wrap elementor-element-populated\">\n<div class=\"elementor-widget-wrap\">\n<div class=\"elementor-element elementor-element-2af0c22 elementor-widget elementor-widget-text-editor\" data-id=\"2af0c22\" data-element_type=\"widget\" data-widget_type=\"text-editor.default\">\n<div class=\"elementor-widget-container\">\n<div class=\"elementor-text-editor elementor-clearfix\"><\/div>\n<\/div>\n<\/div>\n<\/div>\n<\/div>\n<\/div>\n<\/div>\n<\/div>\n<\/section>\n<section class=\"elementor-section elementor-top-section elementor-element elementor-element-fa3fe4f elementor-section-stretched elementor-section-content-middle elementor-section-boxed elementor-section-height-default elementor-section-height-default\" data-id=\"fa3fe4f\" data-element_type=\"section\" data-settings=\"{&quot;stretch_section&quot;:&quot;section-stretched&quot;,&quot;background_background&quot;:&quot;classic&quot;}\">\n<div class=\"elementor-container elementor-column-gap-default\">\n<div class=\"elementor-row\">\n<div class=\"elementor-column elementor-col-33 elementor-top-column elementor-element elementor-element-dd2c3d5\" data-id=\"dd2c3d5\" data-element_type=\"column\" data-settings=\"{&quot;background_background&quot;:&quot;classic&quot;}\">\n<div class=\"elementor-column-wrap elementor-element-populated\">\n<div class=\"elementor-widget-wrap\">\n<div class=\"elementor-element elementor-element-3730422 elementor-view-default elementor-position-top elementor-vertical-align-top elementor-widget elementor-widget-icon-box\" data-id=\"3730422\" data-element_type=\"widget\" data-widget_type=\"icon-box.default\">\n<div class=\"elementor-widget-container\">\n<div class=\"elementor-icon-box-wrapper\">\n<div class=\"elementor-icon-box-content\"><\/div>\n<\/div>\n<\/div>\n<\/div>\n<\/div>\n<\/div>\n<\/div>\n<\/div>\n<\/div>\n<\/section>\n<p>[\/et_pb_text][\/et_pb_column][\/et_pb_row][\/et_pb_section]<\/p>\n","protected":false},"excerpt":{"rendered":"<p>Werden Sie Mitglied!Wir laden Sie ein, ein Teil von Donau Soja zu werden. Donau Soja ist eine europ\u00e4ische, und gemeinn\u00fctzige, Mitgliedsorganisation. Wir laden Sie dazu ein, sich den Marktf\u00fchrern und unserer Mission f\u00fcr eine nachhaltige, zuverl\u00e4ssige und europ\u00e4ische Proteinversorgung anzuschlie\u00dfen. Mit der Mitgliedschaft in unserer Organisation genie\u00dfen Sie viele exklusive Vorteile. Als Mitglied von Donau [&hellip;]<\/p>\n","protected":false},"author":2,"featured_media":67,"parent":19365,"menu_order":0,"comment_status":"open","ping_status":"open","template":"","meta":{"_et_pb_use_builder":"on","_et_pb_old_content":"","_et_gb_content_width":"","footnotes":""},"class_list":["post-19371","page","type-page","status-publish","has-post-thumbnail","hentry"],"yoast_head":"<!-- This site is optimized with the Yoast SEO plugin v27.4 - https:\/\/yoast.com\/product\/yoast-seo-wordpress\/ -->\n<title>Mitglied werden - Donau Soja<\/title>\n<meta name=\"description\" content=\"Wir laden Sie dazu ein, sich den Marktf\u00fchrern und unserer Mission f\u00fcr eine nachhaltige, zuverl\u00e4ssige und europ\u00e4ische Proteinversorgung anzuschlie\u00dfen.\" \/>\n<meta name=\"robots\" content=\"index, follow, max-snippet:-1, max-image-preview:large, max-video-preview:-1\" \/>\n<link rel=\"canonical\" href=\"https:\/\/www.donausoja.org\/de\/mitgliedschaft\/mitglied-werden\/\" \/>\n<meta property=\"og:locale\" content=\"de_DE\" \/>\n<meta property=\"og:type\" content=\"article\" \/>\n<meta property=\"og:title\" content=\"Mitglied werden - Donau Soja\" \/>\n<meta property=\"og:description\" content=\"Wir laden Sie dazu ein, sich den Marktf\u00fchrern und unserer Mission f\u00fcr eine nachhaltige, zuverl\u00e4ssige und europ\u00e4ische Proteinversorgung anzuschlie\u00dfen.\" \/>\n<meta property=\"og:url\" content=\"https:\/\/www.donausoja.org\/de\/mitgliedschaft\/mitglied-werden\/\" \/>\n<meta property=\"og:site_name\" content=\"Donau Soja\" \/>\n<meta property=\"article:modified_time\" content=\"2024-12-09T15:06:42+00:00\" \/>\n<meta property=\"og:image\" content=\"https:\/\/www.donausoja.org\/wp-content\/uploads\/2021\/12\/cropped-donausoja_favicon2_512-1-e1645618911394.png\" \/>\n\t<meta property=\"og:image:width\" content=\"212\" \/>\n\t<meta property=\"og:image:height\" content=\"212\" \/>\n\t<meta property=\"og:image:type\" content=\"image\/png\" \/>\n<meta name=\"twitter:card\" content=\"summary_large_image\" \/>\n<meta name=\"twitter:label1\" content=\"Gesch\u00e4tzte Lesezeit\" \/>\n\t<meta name=\"twitter:data1\" content=\"2\u00a0Minuten\" \/>\n<script type=\"application\/ld+json\" class=\"yoast-schema-graph\">{\"@context\":\"https:\\\/\\\/schema.org\",\"@graph\":[{\"@type\":\"WebPage\",\"@id\":\"https:\\\/\\\/www.donausoja.org\\\/de\\\/mitgliedschaft\\\/mitglied-werden\\\/\",\"url\":\"https:\\\/\\\/www.donausoja.org\\\/de\\\/mitgliedschaft\\\/mitglied-werden\\\/\",\"name\":\"Mitglied werden - Donau Soja\",\"isPartOf\":{\"@id\":\"https:\\\/\\\/www.donausoja.org\\\/de\\\/#website\"},\"primaryImageOfPage\":{\"@id\":\"https:\\\/\\\/www.donausoja.org\\\/de\\\/mitgliedschaft\\\/mitglied-werden\\\/#primaryimage\"},\"image\":{\"@id\":\"https:\\\/\\\/www.donausoja.org\\\/de\\\/mitgliedschaft\\\/mitglied-werden\\\/#primaryimage\"},\"thumbnailUrl\":\"https:\\\/\\\/www.donausoja.org\\\/wp-content\\\/uploads\\\/2021\\\/12\\\/cropped-donausoja_favicon2_512-1-e1645618911394.png\",\"datePublished\":\"2022-01-21T19:54:35+00:00\",\"dateModified\":\"2024-12-09T15:06:42+00:00\",\"description\":\"Wir laden Sie dazu ein, sich den Marktf\u00fchrern und unserer Mission f\u00fcr eine nachhaltige, zuverl\u00e4ssige und europ\u00e4ische Proteinversorgung anzuschlie\u00dfen.\",\"breadcrumb\":{\"@id\":\"https:\\\/\\\/www.donausoja.org\\\/de\\\/mitgliedschaft\\\/mitglied-werden\\\/#breadcrumb\"},\"inLanguage\":\"de\",\"potentialAction\":[{\"@type\":\"ReadAction\",\"target\":[\"https:\\\/\\\/www.donausoja.org\\\/de\\\/mitgliedschaft\\\/mitglied-werden\\\/\"]}]},{\"@type\":\"ImageObject\",\"inLanguage\":\"de\",\"@id\":\"https:\\\/\\\/www.donausoja.org\\\/de\\\/mitgliedschaft\\\/mitglied-werden\\\/#primaryimage\",\"url\":\"https:\\\/\\\/www.donausoja.org\\\/wp-content\\\/uploads\\\/2021\\\/12\\\/cropped-donausoja_favicon2_512-1-e1645618911394.png\",\"contentUrl\":\"https:\\\/\\\/www.donausoja.org\\\/wp-content\\\/uploads\\\/2021\\\/12\\\/cropped-donausoja_favicon2_512-1-e1645618911394.png\",\"width\":212,\"height\":212},{\"@type\":\"BreadcrumbList\",\"@id\":\"https:\\\/\\\/www.donausoja.org\\\/de\\\/mitgliedschaft\\\/mitglied-werden\\\/#breadcrumb\",\"itemListElement\":[{\"@type\":\"ListItem\",\"position\":1,\"name\":\"Home\",\"item\":\"https:\\\/\\\/www.donausoja.org\\\/de\\\/\"},{\"@type\":\"ListItem\",\"position\":2,\"name\":\"Mitgliedschaft\",\"item\":\"https:\\\/\\\/www.donausoja.org\\\/de\\\/mitgliedschaft\\\/\"},{\"@type\":\"ListItem\",\"position\":3,\"name\":\"Mitglied werden\"}]},{\"@type\":\"WebSite\",\"@id\":\"https:\\\/\\\/www.donausoja.org\\\/de\\\/#website\",\"url\":\"https:\\\/\\\/www.donausoja.org\\\/de\\\/\",\"name\":\"Donau Soja\",\"description\":\"Together for a European Protein Supply: Regional. Sustainable. Non-GM.\",\"potentialAction\":[{\"@type\":\"SearchAction\",\"target\":{\"@type\":\"EntryPoint\",\"urlTemplate\":\"https:\\\/\\\/www.donausoja.org\\\/de\\\/?s={search_term_string}\"},\"query-input\":{\"@type\":\"PropertyValueSpecification\",\"valueRequired\":true,\"valueName\":\"search_term_string\"}}],\"inLanguage\":\"de\"}]}<\/script>\n<!-- \/ Yoast SEO plugin. -->","yoast_head_json":{"title":"Mitglied werden - Donau Soja","description":"Wir laden Sie dazu ein, sich den Marktf\u00fchrern und unserer Mission f\u00fcr eine nachhaltige, zuverl\u00e4ssige und europ\u00e4ische Proteinversorgung anzuschlie\u00dfen.","robots":{"index":"index","follow":"follow","max-snippet":"max-snippet:-1","max-image-preview":"max-image-preview:large","max-video-preview":"max-video-preview:-1"},"canonical":"https:\/\/www.donausoja.org\/de\/mitgliedschaft\/mitglied-werden\/","og_locale":"de_DE","og_type":"article","og_title":"Mitglied werden - Donau Soja","og_description":"Wir laden Sie dazu ein, sich den Marktf\u00fchrern und unserer Mission f\u00fcr eine nachhaltige, zuverl\u00e4ssige und europ\u00e4ische Proteinversorgung anzuschlie\u00dfen.","og_url":"https:\/\/www.donausoja.org\/de\/mitgliedschaft\/mitglied-werden\/","og_site_name":"Donau Soja","article_modified_time":"2024-12-09T15:06:42+00:00","og_image":[{"width":212,"height":212,"url":"https:\/\/www.donausoja.org\/wp-content\/uploads\/2021\/12\/cropped-donausoja_favicon2_512-1-e1645618911394.png","type":"image\/png"}],"twitter_card":"summary_large_image","twitter_misc":{"Gesch\u00e4tzte Lesezeit":"2\u00a0Minuten"},"schema":{"@context":"https:\/\/schema.org","@graph":[{"@type":"WebPage","@id":"https:\/\/www.donausoja.org\/de\/mitgliedschaft\/mitglied-werden\/","url":"https:\/\/www.donausoja.org\/de\/mitgliedschaft\/mitglied-werden\/","name":"Mitglied werden - Donau Soja","isPartOf":{"@id":"https:\/\/www.donausoja.org\/de\/#website"},"primaryImageOfPage":{"@id":"https:\/\/www.donausoja.org\/de\/mitgliedschaft\/mitglied-werden\/#primaryimage"},"image":{"@id":"https:\/\/www.donausoja.org\/de\/mitgliedschaft\/mitglied-werden\/#primaryimage"},"thumbnailUrl":"https:\/\/www.donausoja.org\/wp-content\/uploads\/2021\/12\/cropped-donausoja_favicon2_512-1-e1645618911394.png","datePublished":"2022-01-21T19:54:35+00:00","dateModified":"2024-12-09T15:06:42+00:00","description":"Wir laden Sie dazu ein, sich den Marktf\u00fchrern und unserer Mission f\u00fcr eine nachhaltige, zuverl\u00e4ssige und europ\u00e4ische Proteinversorgung anzuschlie\u00dfen.","breadcrumb":{"@id":"https:\/\/www.donausoja.org\/de\/mitgliedschaft\/mitglied-werden\/#breadcrumb"},"inLanguage":"de","potentialAction":[{"@type":"ReadAction","target":["https:\/\/www.donausoja.org\/de\/mitgliedschaft\/mitglied-werden\/"]}]},{"@type":"ImageObject","inLanguage":"de","@id":"https:\/\/www.donausoja.org\/de\/mitgliedschaft\/mitglied-werden\/#primaryimage","url":"https:\/\/www.donausoja.org\/wp-content\/uploads\/2021\/12\/cropped-donausoja_favicon2_512-1-e1645618911394.png","contentUrl":"https:\/\/www.donausoja.org\/wp-content\/uploads\/2021\/12\/cropped-donausoja_favicon2_512-1-e1645618911394.png","width":212,"height":212},{"@type":"BreadcrumbList","@id":"https:\/\/www.donausoja.org\/de\/mitgliedschaft\/mitglied-werden\/#breadcrumb","itemListElement":[{"@type":"ListItem","position":1,"name":"Home","item":"https:\/\/www.donausoja.org\/de\/"},{"@type":"ListItem","position":2,"name":"Mitgliedschaft","item":"https:\/\/www.donausoja.org\/de\/mitgliedschaft\/"},{"@type":"ListItem","position":3,"name":"Mitglied werden"}]},{"@type":"WebSite","@id":"https:\/\/www.donausoja.org\/de\/#website","url":"https:\/\/www.donausoja.org\/de\/","name":"Donau Soja","description":"Together for a European Protein Supply: Regional. Sustainable. Non-GM.","potentialAction":[{"@type":"SearchAction","target":{"@type":"EntryPoint","urlTemplate":"https:\/\/www.donausoja.org\/de\/?s={search_term_string}"},"query-input":{"@type":"PropertyValueSpecification","valueRequired":true,"valueName":"search_term_string"}}],"inLanguage":"de"}]}},"_links":{"self":[{"href":"https:\/\/www.donausoja.org\/de\/wp-json\/wp\/v2\/pages\/19371","targetHints":{"allow":["GET"]}}],"collection":[{"href":"https:\/\/www.donausoja.org\/de\/wp-json\/wp\/v2\/pages"}],"about":[{"href":"https:\/\/www.donausoja.org\/de\/wp-json\/wp\/v2\/types\/page"}],"author":[{"embeddable":true,"href":"https:\/\/www.donausoja.org\/de\/wp-json\/wp\/v2\/users\/2"}],"replies":[{"embeddable":true,"href":"https:\/\/www.donausoja.org\/de\/wp-json\/wp\/v2\/comments?post=19371"}],"version-history":[{"count":8,"href":"https:\/\/www.donausoja.org\/de\/wp-json\/wp\/v2\/pages\/19371\/revisions"}],"predecessor-version":[{"id":51826,"href":"https:\/\/www.donausoja.org\/de\/wp-json\/wp\/v2\/pages\/19371\/revisions\/51826"}],"up":[{"embeddable":true,"href":"https:\/\/www.donausoja.org\/de\/wp-json\/wp\/v2\/pages\/19365"}],"wp:featuredmedia":[{"embeddable":true,"href":"https:\/\/www.donausoja.org\/de\/wp-json\/wp\/v2\/media\/67"}],"wp:attachment":[{"href":"https:\/\/www.donausoja.org\/de\/wp-json\/wp\/v2\/media?parent=19371"}],"curies":[{"name":"wp","href":"https:\/\/api.w.org\/{rel}","templated":true}]}}