
{"id":19351,"date":"2022-02-08T13:15:10","date_gmt":"2022-02-08T13:15:10","guid":{"rendered":"https:\/\/fourth.donausoja.org\/sojahandelsbetrieb\/"},"modified":"2024-07-05T11:38:44","modified_gmt":"2024-07-05T11:38:44","slug":"sojahandelsbetrieb","status":"publish","type":"page","link":"https:\/\/www.donausoja.org\/de\/standards-und-zertifizierung-2\/donau-soja-standard\/zertifizierung\/sojahandelsbetrieb\/","title":{"rendered":"Sojahandelsbetrieb"},"content":{"rendered":"<p>[et_pb_section fb_built=&#8221;1&#8243; _builder_version=&#8221;4.16&#8243; _module_preset=&#8221;default&#8221; background_color=&#8221;RGBA(255,255,255,0)&#8221; locked=&#8221;off&#8221; global_colors_info=&#8221;{}&#8221; da_is_popup=&#8221;off&#8221; da_exit_intent=&#8221;off&#8221; da_has_close=&#8221;on&#8221; da_alt_close=&#8221;off&#8221; da_dark_close=&#8221;off&#8221; da_not_modal=&#8221;on&#8221; da_is_singular=&#8221;off&#8221; da_with_loader=&#8221;off&#8221; da_has_shadow=&#8221;on&#8221; da_disable_devices=&#8221;off|off|off&#8221;][et_pb_row admin_label=&#8221;Zeile &#8211; Sojahandelsbetrieb&#8221; _builder_version=&#8221;4.16&#8243; _module_preset=&#8221;default&#8221; custom_padding=&#8221;130px|||||&#8221; global_colors_info=&#8221;{}&#8221;][et_pb_column type=&#8221;4_4&#8243; _builder_version=&#8221;4.16&#8243; _module_preset=&#8221;default&#8221; global_colors_info=&#8221;{}&#8221;][et_pb_text admin_label=&#8221;Text &#8211; Sojahandelsbetrieb &#8211; Titel&#8221; _builder_version=&#8221;4.16&#8243; _module_preset=&#8221;77a7a6a5-6cba-4e24-a8d7-1992b0adbe08&#8243; header_font=&#8221;Ubuntu|700|||||||&#8221; global_colors_info=&#8221;{}&#8221;]<\/p>\n<h1><strong>Sojahandelsbetrieb<\/strong><\/h1>\n<p>[\/et_pb_text][\/et_pb_column][\/et_pb_row][\/et_pb_section][et_pb_section fb_built=&#8221;1&#8243; _builder_version=&#8221;4.25.2&#8243; _module_preset=&#8221;default&#8221; background_color=&#8221;#F6F1E8&#8243; custom_padding=&#8221;20px||20px||false|false&#8221; hover_enabled=&#8221;0&#8243; global_colors_info=&#8221;{}&#8221; custom_margin=&#8221;0px||0px||false|false&#8221; sticky_enabled=&#8221;0&#8243; da_is_popup=&#8221;off&#8221; da_exit_intent=&#8221;off&#8221; da_has_close=&#8221;on&#8221; da_alt_close=&#8221;off&#8221; da_dark_close=&#8221;off&#8221; da_not_modal=&#8221;on&#8221; da_is_singular=&#8221;off&#8221; da_with_loader=&#8221;off&#8221; da_has_shadow=&#8221;on&#8221; da_disable_devices=&#8221;off|off|off&#8221;][et_pb_row admin_label=&#8221;Zeile &#8211; Intro&#8221; _builder_version=&#8221;4.25.2&#8243; _module_preset=&#8221;default&#8221; custom_padding=&#8221;0px||0px||false|false&#8221; hover_enabled=&#8221;0&#8243; global_colors_info=&#8221;{}&#8221; custom_margin=&#8221;0px||0px||false|false&#8221; custom_padding_last_edited=&#8221;off|desktop&#8221; sticky_enabled=&#8221;0&#8243;][et_pb_column type=&#8221;4_4&#8243; _builder_version=&#8221;4.16&#8243; _module_preset=&#8221;default&#8221; global_colors_info=&#8221;{}&#8221;][et_pb_text admin_label=&#8221;Text &#8211; Introtext&#8221; _builder_version=&#8221;4.25.2&#8243; _module_preset=&#8221;77a7a6a5-6cba-4e24-a8d7-1992b0adbe08&#8243; hover_enabled=&#8221;0&#8243; global_colors_info=&#8221;{}&#8221; custom_margin=&#8221;0px||0px||false|false&#8221; custom_padding_last_edited=&#8221;off|desktop&#8221; custom_padding=&#8221;0px||0px||false|false&#8221; sticky_enabled=&#8221;0&#8243;]<\/p>\n<p><strong>Sie handeln mit Soja und wollen Donau Soja bzw. Europe Soya kaufen und verkaufen?<\/strong><\/p>\n<p>Donau Soja und Europe Soya Sojabohnen m\u00fcssen von Landwirten sein, die gentechnikfreie Bohnen\u200b in der Donau bzw. Europe Soya Region anbauen.<\/p>\n<p>Als H\u00e4ndler gilt jeder Betrieb, der Sojabohnen, -produkte und\/oder Produkte mit bzw. aus Sojabohnen (z. B. Mischfutter) kauft und verkauft, ohne jedoch eine Lagerstelle zu nutzen.<\/p>\n<p>[\/et_pb_text][\/et_pb_column][\/et_pb_row][\/et_pb_section][et_pb_section fb_built=&#8221;1&#8243; _builder_version=&#8221;4.25.2&#8243; _module_preset=&#8221;default&#8221; background_color=&#8221;rgba(246,241,232,0.8)&#8221; hover_enabled=&#8221;0&#8243; global_colors_info=&#8221;{}&#8221; custom_margin=&#8221;0px||0px||false|false&#8221; custom_padding=&#8221;20px||20px||false|false&#8221; sticky_enabled=&#8221;0&#8243; da_is_popup=&#8221;off&#8221; da_exit_intent=&#8221;off&#8221; da_has_close=&#8221;on&#8221; da_alt_close=&#8221;off&#8221; da_dark_close=&#8221;off&#8221; da_not_modal=&#8221;on&#8221; da_is_singular=&#8221;off&#8221; da_with_loader=&#8221;off&#8221; da_has_shadow=&#8221;on&#8221; da_disable_devices=&#8221;off|off|off&#8221;][et_pb_row column_structure=&#8221;1_2,1_2&#8243; use_custom_gutter=&#8221;on&#8221; gutter_width=&#8221;1&#8243; make_equal=&#8221;on&#8221; admin_label=&#8221;Zeile &#8211; 1&#8243; _builder_version=&#8221;4.16&#8243; _module_preset=&#8221;default&#8221; custom_padding=&#8221;0px||4px|||&#8221; global_colors_info=&#8221;{}&#8221;][et_pb_column type=&#8221;1_2&#8243; _builder_version=&#8221;4.16&#8243; _module_preset=&#8221;default&#8221; background_color=&#8221;#F6F1E8&#8243; custom_padding=&#8221;10px|20px|10px|20px|false|false&#8221; global_colors_info=&#8221;{}&#8221;][et_pb_text admin_label=&#8221;Text &#8211; Allgemeine Anforderungen&#8221; _builder_version=&#8221;4.16&#8243; _module_preset=&#8221;97a49757-9877-47ea-b480-aa7742502928&#8243; max_width=&#8221;70%&#8221; global_colors_info=&#8221;{}&#8221;]<\/p>\n<p><strong>Allgemeine Anforderungen:<\/strong><\/p>\n<p>[\/et_pb_text][et_pb_blurb url_new_window=&#8221;on&#8221; use_icon=&#8221;on&#8221; font_icon=&#8221;&#xf0c8;||fa||900&#8243; _builder_version=&#8221;4.17.3&#8243; _module_preset=&#8221;591a8906-608e-4daf-b2d8-77bd187d9121&#8243; header_font=&#8221;|700|||||||&#8221; link_option_url_new_window=&#8221;on&#8221; global_colors_info=&#8221;{}&#8221;]<\/p>\n<p>Direkt beauftragte Kontrolle \/ Zertifizierung<\/p>\n<p>[\/et_pb_blurb][et_pb_blurb url_new_window=&#8221;on&#8221; use_icon=&#8221;on&#8221; font_icon=&#8221;&#xf0c8;||fa||900&#8243; _builder_version=&#8221;4.17.3&#8243; _module_preset=&#8221;591a8906-608e-4daf-b2d8-77bd187d9121&#8243; header_font=&#8221;|700|||||||&#8221; link_option_url_new_window=&#8221;on&#8221; global_colors_info=&#8221;{}&#8221;]<\/p>\n<p>Ein- und Verkauf nur mit g\u00fcltigem Chargenzertifikat (nur f\u00fcr Bohnen, nicht f\u00fcr verarbeitete Produkte oder Mischfutter)<\/p>\n<p>[\/et_pb_blurb][et_pb_blurb url_new_window=&#8221;on&#8221; use_icon=&#8221;on&#8221; font_icon=&#8221;&#xf0c8;||fa||900&#8243; _builder_version=&#8221;4.17.3&#8243; _module_preset=&#8221;591a8906-608e-4daf-b2d8-77bd187d9121&#8243; header_font=&#8221;|700|||||||&#8221; custom_margin=&#8221;20px||20px||false|false&#8221; link_option_url_new_window=&#8221;on&#8221; global_colors_info=&#8221;{}&#8221;]<\/p>\n<p>Dokumentation aller Ein- und Verk\u00e4ufe<\/p>\n<p>[\/et_pb_blurb][\/et_pb_column][et_pb_column type=&#8221;1_2&#8243; _builder_version=&#8221;4.16&#8243; _module_preset=&#8221;default&#8221; background_color=&#8221;#F6F1E8&#8243; custom_padding=&#8221;10px|20px|10px|20px|false|false&#8221; global_colors_info=&#8221;{}&#8221;][et_pb_text admin_label=&#8221;Text &#8211; Sonderform&#8221; _builder_version=&#8221;4.16&#8243; _module_preset=&#8221;97a49757-9877-47ea-b480-aa7742502928&#8243; max_width=&#8221;70%&#8221; global_colors_info=&#8221;{}&#8221;]<\/p>\n<div class=\"elementor-element elementor-element-ced2e63 elementor-widget elementor-widget-text-editor\" data-id=\"ced2e63\" data-element_type=\"widget\" data-widget_type=\"text-editor.default\">\n<div class=\"elementor-widget-container\">\n<div class=\"elementor-text-editor elementor-clearfix\">\n<p><strong>Sonderform:<\/strong><\/p>\n<\/div>\n<\/div>\n<\/div>\n<p>[\/et_pb_text][et_pb_blurb url_new_window=&#8221;on&#8221; use_icon=&#8221;on&#8221; font_icon=&#8221;&#xf0c8;||fa||900&#8243; _builder_version=&#8221;4.17.3&#8243; _module_preset=&#8221;591a8906-608e-4daf-b2d8-77bd187d9121&#8243; header_font=&#8221;|700|||||||&#8221; link_option_url_new_window=&#8221;on&#8221; global_colors_info=&#8221;{}&#8221;]<\/p>\n<p>Handelsbetrieb mit Lagerstelle<\/p>\n<p>[\/et_pb_blurb][\/et_pb_column][\/et_pb_row][et_pb_row use_custom_gutter=&#8221;on&#8221; gutter_width=&#8221;1&#8243; make_equal=&#8221;on&#8221; admin_label=&#8221;Zeile &#8211; 1&#8243; _builder_version=&#8221;4.25.2&#8243; _module_preset=&#8221;default&#8221; custom_padding=&#8221;0px||0px||false|false&#8221; hover_enabled=&#8221;0&#8243; global_colors_info=&#8221;{}&#8221; custom_margin=&#8221;0px||0px||false|false&#8221; sticky_enabled=&#8221;0&#8243; min_height=&#8221;36px&#8221; custom_padding_last_edited=&#8221;off|desktop&#8221; locked=&#8221;off&#8221;][et_pb_column type=&#8221;4_4&#8243; _builder_version=&#8221;4.16&#8243; _module_preset=&#8221;default&#8221; background_color=&#8221;#F6F1E8&#8243; custom_padding=&#8221;10px|20px|10px|20px|false|false&#8221; global_colors_info=&#8221;{}&#8221;][et_pb_text admin_label=&#8221;Text &#8211; DSA03 and ESA03&#8243; _builder_version=&#8221;4.25.2&#8243; _module_preset=&#8221;97a49757-9877-47ea-b480-aa7742502928&#8243; max_width=&#8221;70%&#8221; custom_padding=&#8221;3px|||0px|false|false&#8221; hover_enabled=&#8221;0&#8243; global_colors_info=&#8221;{}&#8221; custom_margin=&#8221;||1px||false|false&#8221; sticky_enabled=&#8221;0&#8243;]<\/p>\n<div class=\"elementor-element elementor-element-ced2e63 elementor-widget elementor-widget-text-editor\" data-id=\"ced2e63\" data-element_type=\"widget\" data-widget_type=\"text-editor.default\">\n<div class=\"elementor-widget-container\">\n<div class=\"elementor-text-editor elementor-clearfix\">\n<p>Genauere Informationen finden Sie in den <a href=\"https:\/\/www.donausoja.org\/wp-content\/uploads\/2025\/02\/Donau-Soja-Richtlinien_A-03-Sojahandelsbetrieb_version-2025-1.pdf\" target=\"_blank\" rel=\"noopener\">Donau Soja Richtlinien (A 03)<\/a> bzw. <a href=\"https:\/\/www.donausoja.org\/wp-content\/uploads\/2025\/02\/Europe-Soya-Richtlinien_A-03-Sojahandelsbetrieb_version-2025.pdf\" target=\"_blank\" rel=\"noopener\">Europe Soya guidelines (R 03)<\/a>.<\/p>\n<\/div>\n<\/div>\n<\/div>\n<p>[\/et_pb_text][\/et_pb_column][\/et_pb_row][et_pb_row _builder_version=&#8221;4.16&#8243; _dynamic_attributes=&#8221;link_option_url&#8221; _module_preset=&#8221;default&#8221; custom_padding=&#8221;||3px|||&#8221; link_option_url=&#8221;@ET-DC@eyJkeW5hbWljIjp0cnVlLCJjb250ZW50IjoicG9zdF9saW5rX3VybF9wYWdlIiwic2V0dGluZ3MiOnsicG9zdF9pZCI6IjcwOSJ9fQ==@&#8221; global_colors_info=&#8221;{}&#8221;][et_pb_column type=&#8221;4_4&#8243; _builder_version=&#8221;4.16&#8243; _module_preset=&#8221;default&#8221; global_colors_info=&#8221;{}&#8221;][et_pb_text admin_label=&#8221;Text &#8211; Weiter zu Erstverarbeiter&#8221; _builder_version=&#8221;4.21.0&#8243; _module_preset=&#8221;default&#8221; text_text_color=&#8221;#76B82A&#8221; link_option_url=&#8221;https:\/\/www.donausoja.org\/de\/standards-und-zertifizierung-2\/donau-soja-standard\/zertifizierung\/erstverarbeiter\/&#8221; global_colors_info=&#8221;{}&#8221;]<\/p>\n<p style=\"text-align: right;\"><strong>Weiter zu Erstverarbeiter \u00bb<\/strong><\/p>\n<p>[\/et_pb_text][\/et_pb_column][\/et_pb_row][\/et_pb_section]<\/p>\n","protected":false},"excerpt":{"rendered":"<p>SojahandelsbetriebSie handeln mit Soja und wollen Donau Soja bzw. Europe Soya kaufen und verkaufen? Donau Soja und Europe Soya Sojabohnen m\u00fcssen von Landwirten sein, die gentechnikfreie Bohnen\u200b in der Donau bzw. Europe Soya Region anbauen. Als H\u00e4ndler gilt jeder Betrieb, der Sojabohnen, -produkte und\/oder Produkte mit bzw. aus Sojabohnen (z. B. Mischfutter) kauft und verkauft, [&hellip;]<\/p>\n","protected":false},"author":2,"featured_media":67,"parent":19347,"menu_order":0,"comment_status":"open","ping_status":"closed","template":"","meta":{"_et_pb_use_builder":"on","_et_pb_old_content":"","_et_gb_content_width":"","footnotes":""},"class_list":["post-19351","page","type-page","status-publish","has-post-thumbnail","hentry"],"yoast_head":"<!-- This site is optimized with the Yoast SEO plugin v27.4 - https:\/\/yoast.com\/product\/yoast-seo-wordpress\/ -->\n<title>Sojahandelsbetrieb - Donau Soja<\/title>\n<meta name=\"description\" content=\"Sie handeln mit Soja und wollen Donau Soja bzw. Europe Soya kaufen und verkaufen? Donau Soja und Europe Soya Sojabohnen m\u00fcssen von Landwirten sein, die gentechnikfreie Bohnen\u200b in der Donau bzw. Europe Soya Region anbauen.\" \/>\n<meta name=\"robots\" content=\"index, follow, max-snippet:-1, max-image-preview:large, max-video-preview:-1\" \/>\n<link rel=\"canonical\" href=\"https:\/\/www.donausoja.org\/de\/standards-und-zertifizierung-2\/donau-soja-standard\/zertifizierung\/sojahandelsbetrieb\/\" \/>\n<meta property=\"og:locale\" content=\"de_DE\" \/>\n<meta property=\"og:type\" content=\"article\" \/>\n<meta property=\"og:title\" content=\"Sojahandelsbetrieb - Donau Soja\" \/>\n<meta property=\"og:description\" content=\"Sie handeln mit Soja und wollen Donau Soja bzw. Europe Soya kaufen und verkaufen? Donau Soja und Europe Soya Sojabohnen m\u00fcssen von Landwirten sein, die gentechnikfreie Bohnen\u200b in der Donau bzw. Europe Soya Region anbauen.\" \/>\n<meta property=\"og:url\" content=\"https:\/\/www.donausoja.org\/de\/standards-und-zertifizierung-2\/donau-soja-standard\/zertifizierung\/sojahandelsbetrieb\/\" \/>\n<meta property=\"og:site_name\" content=\"Donau Soja\" \/>\n<meta property=\"article:modified_time\" content=\"2024-07-05T11:38:44+00:00\" \/>\n<meta property=\"og:image\" content=\"https:\/\/www.donausoja.org\/wp-content\/uploads\/2021\/12\/cropped-donausoja_favicon2_512-1-e1645618911394.png\" \/>\n\t<meta property=\"og:image:width\" content=\"212\" \/>\n\t<meta property=\"og:image:height\" content=\"212\" \/>\n\t<meta property=\"og:image:type\" content=\"image\/png\" \/>\n<meta name=\"twitter:card\" content=\"summary_large_image\" \/>\n<meta name=\"twitter:label1\" content=\"Gesch\u00e4tzte Lesezeit\" \/>\n\t<meta name=\"twitter:data1\" content=\"2\u00a0Minuten\" \/>\n<script type=\"application\/ld+json\" class=\"yoast-schema-graph\">{\"@context\":\"https:\\\/\\\/schema.org\",\"@graph\":[{\"@type\":\"WebPage\",\"@id\":\"https:\\\/\\\/www.donausoja.org\\\/de\\\/standards-und-zertifizierung-2\\\/donau-soja-standard\\\/zertifizierung\\\/sojahandelsbetrieb\\\/\",\"url\":\"https:\\\/\\\/www.donausoja.org\\\/de\\\/standards-und-zertifizierung-2\\\/donau-soja-standard\\\/zertifizierung\\\/sojahandelsbetrieb\\\/\",\"name\":\"Sojahandelsbetrieb - Donau Soja\",\"isPartOf\":{\"@id\":\"https:\\\/\\\/www.donausoja.org\\\/de\\\/#website\"},\"primaryImageOfPage\":{\"@id\":\"https:\\\/\\\/www.donausoja.org\\\/de\\\/standards-und-zertifizierung-2\\\/donau-soja-standard\\\/zertifizierung\\\/sojahandelsbetrieb\\\/#primaryimage\"},\"image\":{\"@id\":\"https:\\\/\\\/www.donausoja.org\\\/de\\\/standards-und-zertifizierung-2\\\/donau-soja-standard\\\/zertifizierung\\\/sojahandelsbetrieb\\\/#primaryimage\"},\"thumbnailUrl\":\"https:\\\/\\\/www.donausoja.org\\\/wp-content\\\/uploads\\\/2021\\\/12\\\/cropped-donausoja_favicon2_512-1-e1645618911394.png\",\"datePublished\":\"2022-02-08T13:15:10+00:00\",\"dateModified\":\"2024-07-05T11:38:44+00:00\",\"description\":\"Sie handeln mit Soja und wollen Donau Soja bzw. Europe Soya kaufen und verkaufen? Donau Soja und Europe Soya Sojabohnen m\u00fcssen von Landwirten sein, die gentechnikfreie Bohnen\u200b in der Donau bzw. Europe Soya Region anbauen.\",\"breadcrumb\":{\"@id\":\"https:\\\/\\\/www.donausoja.org\\\/de\\\/standards-und-zertifizierung-2\\\/donau-soja-standard\\\/zertifizierung\\\/sojahandelsbetrieb\\\/#breadcrumb\"},\"inLanguage\":\"de\",\"potentialAction\":[{\"@type\":\"ReadAction\",\"target\":[\"https:\\\/\\\/www.donausoja.org\\\/de\\\/standards-und-zertifizierung-2\\\/donau-soja-standard\\\/zertifizierung\\\/sojahandelsbetrieb\\\/\"]}]},{\"@type\":\"ImageObject\",\"inLanguage\":\"de\",\"@id\":\"https:\\\/\\\/www.donausoja.org\\\/de\\\/standards-und-zertifizierung-2\\\/donau-soja-standard\\\/zertifizierung\\\/sojahandelsbetrieb\\\/#primaryimage\",\"url\":\"https:\\\/\\\/www.donausoja.org\\\/wp-content\\\/uploads\\\/2021\\\/12\\\/cropped-donausoja_favicon2_512-1-e1645618911394.png\",\"contentUrl\":\"https:\\\/\\\/www.donausoja.org\\\/wp-content\\\/uploads\\\/2021\\\/12\\\/cropped-donausoja_favicon2_512-1-e1645618911394.png\",\"width\":212,\"height\":212},{\"@type\":\"BreadcrumbList\",\"@id\":\"https:\\\/\\\/www.donausoja.org\\\/de\\\/standards-und-zertifizierung-2\\\/donau-soja-standard\\\/zertifizierung\\\/sojahandelsbetrieb\\\/#breadcrumb\",\"itemListElement\":[{\"@type\":\"ListItem\",\"position\":1,\"name\":\"Home\",\"item\":\"https:\\\/\\\/www.donausoja.org\\\/de\\\/\"},{\"@type\":\"ListItem\",\"position\":2,\"name\":\"Standards und Zertifizierung\",\"item\":\"https:\\\/\\\/www.donausoja.org\\\/de\\\/standards-und-zertifizierung-2\\\/\"},{\"@type\":\"ListItem\",\"position\":3,\"name\":\"Donau Soja standard\",\"item\":\"https:\\\/\\\/www.donausoja.org\\\/de\\\/standards-und-zertifizierung-2\\\/donau-soja-standard\\\/\"},{\"@type\":\"ListItem\",\"position\":4,\"name\":\"Zertifizierung\",\"item\":\"https:\\\/\\\/www.donausoja.org\\\/de\\\/?page_id=19347\"},{\"@type\":\"ListItem\",\"position\":5,\"name\":\"Sojahandelsbetrieb\"}]},{\"@type\":\"WebSite\",\"@id\":\"https:\\\/\\\/www.donausoja.org\\\/de\\\/#website\",\"url\":\"https:\\\/\\\/www.donausoja.org\\\/de\\\/\",\"name\":\"Donau Soja\",\"description\":\"Together for a European Protein Supply: Regional. Sustainable. Non-GM.\",\"potentialAction\":[{\"@type\":\"SearchAction\",\"target\":{\"@type\":\"EntryPoint\",\"urlTemplate\":\"https:\\\/\\\/www.donausoja.org\\\/de\\\/?s={search_term_string}\"},\"query-input\":{\"@type\":\"PropertyValueSpecification\",\"valueRequired\":true,\"valueName\":\"search_term_string\"}}],\"inLanguage\":\"de\"}]}<\/script>\n<!-- \/ Yoast SEO plugin. -->","yoast_head_json":{"title":"Sojahandelsbetrieb - Donau Soja","description":"Sie handeln mit Soja und wollen Donau Soja bzw. Europe Soya kaufen und verkaufen? Donau Soja und Europe Soya Sojabohnen m\u00fcssen von Landwirten sein, die gentechnikfreie Bohnen\u200b in der Donau bzw. Europe Soya Region anbauen.","robots":{"index":"index","follow":"follow","max-snippet":"max-snippet:-1","max-image-preview":"max-image-preview:large","max-video-preview":"max-video-preview:-1"},"canonical":"https:\/\/www.donausoja.org\/de\/standards-und-zertifizierung-2\/donau-soja-standard\/zertifizierung\/sojahandelsbetrieb\/","og_locale":"de_DE","og_type":"article","og_title":"Sojahandelsbetrieb - Donau Soja","og_description":"Sie handeln mit Soja und wollen Donau Soja bzw. Europe Soya kaufen und verkaufen? Donau Soja und Europe Soya Sojabohnen m\u00fcssen von Landwirten sein, die gentechnikfreie Bohnen\u200b in der Donau bzw. Europe Soya Region anbauen.","og_url":"https:\/\/www.donausoja.org\/de\/standards-und-zertifizierung-2\/donau-soja-standard\/zertifizierung\/sojahandelsbetrieb\/","og_site_name":"Donau Soja","article_modified_time":"2024-07-05T11:38:44+00:00","og_image":[{"width":212,"height":212,"url":"https:\/\/www.donausoja.org\/wp-content\/uploads\/2021\/12\/cropped-donausoja_favicon2_512-1-e1645618911394.png","type":"image\/png"}],"twitter_card":"summary_large_image","twitter_misc":{"Gesch\u00e4tzte Lesezeit":"2\u00a0Minuten"},"schema":{"@context":"https:\/\/schema.org","@graph":[{"@type":"WebPage","@id":"https:\/\/www.donausoja.org\/de\/standards-und-zertifizierung-2\/donau-soja-standard\/zertifizierung\/sojahandelsbetrieb\/","url":"https:\/\/www.donausoja.org\/de\/standards-und-zertifizierung-2\/donau-soja-standard\/zertifizierung\/sojahandelsbetrieb\/","name":"Sojahandelsbetrieb - Donau Soja","isPartOf":{"@id":"https:\/\/www.donausoja.org\/de\/#website"},"primaryImageOfPage":{"@id":"https:\/\/www.donausoja.org\/de\/standards-und-zertifizierung-2\/donau-soja-standard\/zertifizierung\/sojahandelsbetrieb\/#primaryimage"},"image":{"@id":"https:\/\/www.donausoja.org\/de\/standards-und-zertifizierung-2\/donau-soja-standard\/zertifizierung\/sojahandelsbetrieb\/#primaryimage"},"thumbnailUrl":"https:\/\/www.donausoja.org\/wp-content\/uploads\/2021\/12\/cropped-donausoja_favicon2_512-1-e1645618911394.png","datePublished":"2022-02-08T13:15:10+00:00","dateModified":"2024-07-05T11:38:44+00:00","description":"Sie handeln mit Soja und wollen Donau Soja bzw. Europe Soya kaufen und verkaufen? Donau Soja und Europe Soya Sojabohnen m\u00fcssen von Landwirten sein, die gentechnikfreie Bohnen\u200b in der Donau bzw. Europe Soya Region anbauen.","breadcrumb":{"@id":"https:\/\/www.donausoja.org\/de\/standards-und-zertifizierung-2\/donau-soja-standard\/zertifizierung\/sojahandelsbetrieb\/#breadcrumb"},"inLanguage":"de","potentialAction":[{"@type":"ReadAction","target":["https:\/\/www.donausoja.org\/de\/standards-und-zertifizierung-2\/donau-soja-standard\/zertifizierung\/sojahandelsbetrieb\/"]}]},{"@type":"ImageObject","inLanguage":"de","@id":"https:\/\/www.donausoja.org\/de\/standards-und-zertifizierung-2\/donau-soja-standard\/zertifizierung\/sojahandelsbetrieb\/#primaryimage","url":"https:\/\/www.donausoja.org\/wp-content\/uploads\/2021\/12\/cropped-donausoja_favicon2_512-1-e1645618911394.png","contentUrl":"https:\/\/www.donausoja.org\/wp-content\/uploads\/2021\/12\/cropped-donausoja_favicon2_512-1-e1645618911394.png","width":212,"height":212},{"@type":"BreadcrumbList","@id":"https:\/\/www.donausoja.org\/de\/standards-und-zertifizierung-2\/donau-soja-standard\/zertifizierung\/sojahandelsbetrieb\/#breadcrumb","itemListElement":[{"@type":"ListItem","position":1,"name":"Home","item":"https:\/\/www.donausoja.org\/de\/"},{"@type":"ListItem","position":2,"name":"Standards und Zertifizierung","item":"https:\/\/www.donausoja.org\/de\/standards-und-zertifizierung-2\/"},{"@type":"ListItem","position":3,"name":"Donau Soja standard","item":"https:\/\/www.donausoja.org\/de\/standards-und-zertifizierung-2\/donau-soja-standard\/"},{"@type":"ListItem","position":4,"name":"Zertifizierung","item":"https:\/\/www.donausoja.org\/de\/?page_id=19347"},{"@type":"ListItem","position":5,"name":"Sojahandelsbetrieb"}]},{"@type":"WebSite","@id":"https:\/\/www.donausoja.org\/de\/#website","url":"https:\/\/www.donausoja.org\/de\/","name":"Donau Soja","description":"Together for a European Protein Supply: Regional. Sustainable. Non-GM.","potentialAction":[{"@type":"SearchAction","target":{"@type":"EntryPoint","urlTemplate":"https:\/\/www.donausoja.org\/de\/?s={search_term_string}"},"query-input":{"@type":"PropertyValueSpecification","valueRequired":true,"valueName":"search_term_string"}}],"inLanguage":"de"}]}},"_links":{"self":[{"href":"https:\/\/www.donausoja.org\/de\/wp-json\/wp\/v2\/pages\/19351","targetHints":{"allow":["GET"]}}],"collection":[{"href":"https:\/\/www.donausoja.org\/de\/wp-json\/wp\/v2\/pages"}],"about":[{"href":"https:\/\/www.donausoja.org\/de\/wp-json\/wp\/v2\/types\/page"}],"author":[{"embeddable":true,"href":"https:\/\/www.donausoja.org\/de\/wp-json\/wp\/v2\/users\/2"}],"replies":[{"embeddable":true,"href":"https:\/\/www.donausoja.org\/de\/wp-json\/wp\/v2\/comments?post=19351"}],"version-history":[{"count":2,"href":"https:\/\/www.donausoja.org\/de\/wp-json\/wp\/v2\/pages\/19351\/revisions"}],"predecessor-version":[{"id":45961,"href":"https:\/\/www.donausoja.org\/de\/wp-json\/wp\/v2\/pages\/19351\/revisions\/45961"}],"up":[{"embeddable":true,"href":"https:\/\/www.donausoja.org\/de\/wp-json\/wp\/v2\/pages\/19347"}],"wp:featuredmedia":[{"embeddable":true,"href":"https:\/\/www.donausoja.org\/de\/wp-json\/wp\/v2\/media\/67"}],"wp:attachment":[{"href":"https:\/\/www.donausoja.org\/de\/wp-json\/wp\/v2\/media?parent=19351"}],"curies":[{"name":"wp","href":"https:\/\/api.w.org\/{rel}","templated":true}]}}