
{"id":19342,"date":"2022-03-01T09:41:07","date_gmt":"2022-03-01T09:41:07","guid":{"rendered":"https:\/\/fourth.donausoja.org\/standard-entwicklung-und-standard-revision\/"},"modified":"2024-03-07T08:17:23","modified_gmt":"2024-03-07T08:17:23","slug":"standard-entwicklung-und-standard-revision","status":"publish","type":"page","link":"https:\/\/www.donausoja.org\/de\/standards-und-zertifizierung-2\/donau-soja-standard\/standard-entwicklung-und-standard-revision\/","title":{"rendered":"Standard Entwicklung und Standard Revision"},"content":{"rendered":"<p>[et_pb_section fb_built=&#8221;1&#8243; _builder_version=&#8221;4.16&#8243; _module_preset=&#8221;default&#8221; background_color=&#8221;RGBA(255,255,255,0)&#8221; da_disable_devices=&#8221;off|off|off&#8221; locked=&#8221;off&#8221; global_colors_info=&#8221;{}&#8221; da_is_popup=&#8221;off&#8221; da_exit_intent=&#8221;off&#8221; da_has_close=&#8221;on&#8221; da_alt_close=&#8221;off&#8221; da_dark_close=&#8221;off&#8221; da_not_modal=&#8221;on&#8221; da_is_singular=&#8221;off&#8221; da_with_loader=&#8221;off&#8221; da_has_shadow=&#8221;on&#8221;][et_pb_row _builder_version=&#8221;4.16&#8243; _module_preset=&#8221;default&#8221; custom_padding=&#8221;130px|||||&#8221; global_colors_info=&#8221;{}&#8221;][et_pb_column type=&#8221;4_4&#8243; _builder_version=&#8221;4.16&#8243; _module_preset=&#8221;default&#8221; global_colors_info=&#8221;{}&#8221;][et_pb_text _builder_version=&#8221;4.16&#8243; _module_preset=&#8221;77a7a6a5-6cba-4e24-a8d7-1992b0adbe08&#8243; header_font=&#8221;Ubuntu|700|||||||&#8221; global_colors_info=&#8221;{}&#8221;]<\/p>\n<h1><strong>Standard Entwicklung und Standard Revision<\/strong><\/h1>\n<p>[\/et_pb_text][\/et_pb_column][\/et_pb_row][\/et_pb_section][et_pb_section fb_built=&#8221;1&#8243; _builder_version=&#8221;4.16&#8243; _module_preset=&#8221;default&#8221; background_color=&#8221;#F6F1E8&#8243; custom_padding=&#8221;29px||3px|||&#8221; da_disable_devices=&#8221;off|off|off&#8221; global_colors_info=&#8221;{}&#8221; da_is_popup=&#8221;off&#8221; da_exit_intent=&#8221;off&#8221; da_has_close=&#8221;on&#8221; da_alt_close=&#8221;off&#8221; da_dark_close=&#8221;off&#8221; da_not_modal=&#8221;on&#8221; da_is_singular=&#8221;off&#8221; da_with_loader=&#8221;off&#8221; da_has_shadow=&#8221;on&#8221;][et_pb_row _builder_version=&#8221;4.16&#8243; _module_preset=&#8221;default&#8221; custom_padding=&#8221;5px|||||&#8221; global_colors_info=&#8221;{}&#8221;][et_pb_column type=&#8221;4_4&#8243; _builder_version=&#8221;4.16&#8243; _module_preset=&#8221;default&#8221; global_colors_info=&#8221;{}&#8221;][et_pb_text _builder_version=&#8221;4.21.0&#8243; _module_preset=&#8221;77a7a6a5-6cba-4e24-a8d7-1992b0adbe08&#8243; global_colors_info=&#8221;{}&#8221;]<\/p>\n<div class=\"elementor-element elementor-element-590e864 elementor-widget elementor-widget-text-editor\" data-id=\"590e864\" data-element_type=\"widget\" data-widget_type=\"text-editor.default\">\n<div class=\"elementor-widget-container\">\n<div class=\"elementor-text-editor elementor-clearfix\">\n<p>Donau Soja ist als Multi-Stakeholder-Organisation bestrebt, alle Interessengruppen einzubeziehen, wenn Standard\u00e4nderungen vorgeschlagen und vorgenommen werden.<\/p>\n<p>Detaillierte Informationen zum \u00dcberarbeitungsprozess und zur Entscheidungsfindung finden Sie hier: <u><a href=\"https:\/\/www.donausoja.org\/wp-content\/uploads\/2023\/06\/Process-Description_Standard-Development-1.pdf\">Prozessbeschreibung Standard Entwicklung<\/a>.<br \/><\/u>Aktuell h\u00e4lt Donau Soja zwei Standards, den Donau Soja Standard und den Europe Soya Standard.<br \/>Unten finden Sie weitere Informationen \u00fcber aktuelle Standardentwicklungen und -\u00fcberarbeitungen.<\/p>\n<\/div>\n<\/div>\n<\/div>\n<p>[\/et_pb_text][\/et_pb_column][\/et_pb_row][\/et_pb_section][et_pb_section fb_built=&#8221;1&#8243; _builder_version=&#8221;4.16&#8243; _module_preset=&#8221;default&#8221; background_color=&#8221;#C5DB9B&#8221; custom_padding=&#8221;29px||31px|||&#8221; da_disable_devices=&#8221;off|off|off&#8221; global_colors_info=&#8221;{}&#8221; da_is_popup=&#8221;off&#8221; da_exit_intent=&#8221;off&#8221; da_has_close=&#8221;on&#8221; da_alt_close=&#8221;off&#8221; da_dark_close=&#8221;off&#8221; da_not_modal=&#8221;on&#8221; da_is_singular=&#8221;off&#8221; da_with_loader=&#8221;off&#8221; da_has_shadow=&#8221;on&#8221;][et_pb_row _builder_version=&#8221;4.16&#8243; _module_preset=&#8221;default&#8221; background_color=&#8221;#ffffff&#8221; custom_padding=&#8221;|20px||20px|false|false&#8221; global_colors_info=&#8221;{}&#8221;][et_pb_column type=&#8221;4_4&#8243; _builder_version=&#8221;4.16&#8243; _module_preset=&#8221;default&#8221; global_colors_info=&#8221;{}&#8221;][et_pb_text _builder_version=&#8221;4.21.0&#8243; _module_preset=&#8221;97a49757-9877-47ea-b480-aa7742502928&#8243; custom_padding_tablet=&#8221;||0px|||&#8221; global_colors_info=&#8221;{}&#8221;]<\/p>\n<h2>Vergangene Standard Revisionen<\/h2>\n<h2>&#8211;<\/h2>\n<p style=\"margin: 0cm; vertical-align: baseline;\"><span lang=\"DE\" style=\"font-family: 'Ubuntu',sans-serif; color: #666666;\">Donau Soja hat den letzten Revisionsprozess des Donau Soja und Europe Soya Standards im August 2023 begonnen und im Dezember 2023 abgeschlossen.<o:p><\/o:p><\/span><\/p>\n<p>[\/et_pb_text][\/et_pb_column][\/et_pb_row][et_pb_row _builder_version=&#8221;4.16&#8243; _module_preset=&#8221;default&#8221; background_color=&#8221;#ffffff&#8221; custom_margin=&#8221;-13px|auto||auto||&#8221; global_colors_info=&#8221;{}&#8221;][et_pb_column type=&#8221;4_4&#8243; _builder_version=&#8221;4.16&#8243; _module_preset=&#8221;default&#8221; global_colors_info=&#8221;{}&#8221;][et_pb_text _builder_version=&#8221;4.16&#8243; _module_preset=&#8221;77a7a6a5-6cba-4e24-a8d7-1992b0adbe08&#8243; custom_padding=&#8221;|20px||20px|false|false&#8221; custom_padding_tablet=&#8221;|20px|0px|20px|false|false&#8221; global_colors_info=&#8221;{}&#8221;]<\/p>\n<p><strong>WARUM EINE STANDARD REVISION?<\/strong><\/p>\n<p>Die regelm\u00e4\u00dfige \u00dcberarbeitung unserer Standards ist eine Verpflichtung zur kontinuierlichen Verbesserung. Donau Soja sammelt laufend R\u00fcckmeldungen von Mitgliedern und Partnern zur Verbesserung der Standards, zus\u00e4tzliche Verbesserungsvorschl\u00e4ge werden beispielsweise im Rahmen von Benchmarking-Verfahren abgeleitet.<\/p>\n<p>Der Hauptzweck der Standardrevision 2024 bestand in der notwendigen Anpassung des Donau Soja\/Europe Soya-Standards an neue EU-rechtliche Anforderungen. Dabei handelt es sich insbesondere um die Anforderungen der EU-Entwaldungsverordnung (EUDR), die am 29. Juni 2023 in Kraft getreten ist und ab der Ernte 2024 anwendbar ist, sowie die EU Gemeinsame Agrarpolitik (GAP) f\u00fcr den Zeitraum 2023-2027. Weitere kleinere technische Anpassungen wurden umgesetzt.\u00a0<\/p>\n<p>[\/et_pb_text][et_pb_text _builder_version=&#8221;4.16&#8243; _module_preset=&#8221;77a7a6a5-6cba-4e24-a8d7-1992b0adbe08&#8243; custom_padding=&#8221;|20px||20px|false|false&#8221; global_colors_info=&#8221;{}&#8221;]<\/p>\n<p>Im Zuge der Standard\u00fcberarbeitung hat Donau Soja daher<\/p>\n<p>[\/et_pb_text][et_pb_blurb title=&#8221;Notwendige Anpassungen des Donau Soja \/ Europe Soya-Standard an die Anforderungen der EU-Entwaldungsverordnung (EUDR) vorgenommen; &#8221; use_icon=&#8221;on&#8221; font_icon=&#8221;&#xf0c8;||fa||900&#8243; _builder_version=&#8221;4.16&#8243; _module_preset=&#8221;591a8906-608e-4daf-b2d8-77bd187d9121&#8243; header_font=&#8221;|700|||||||&#8221; custom_padding=&#8221;|20px|0px|20px|false|false&#8221; global_colors_info=&#8221;{}&#8221;][\/et_pb_blurb][et_pb_blurb title=&#8221;Den Donau Soja \/ Europe Soya-Standard an die relevanten Anforderungen der Gemeinsamen Agrarpolitik (GAP) der EU f\u00fcr den Zeitraum 2023-2027 angepasst; und &#8221; use_icon=&#8221;on&#8221; font_icon=&#8221;&#xf0c8;||fa||900&#8243; _builder_version=&#8221;4.16&#8243; _module_preset=&#8221;591a8906-608e-4daf-b2d8-77bd187d9121&#8243; header_font=&#8221;|700|||||||&#8221; custom_padding=&#8221;|20px||20px|false|false&#8221; global_colors_info=&#8221;{}&#8221;][\/et_pb_blurb][et_pb_blurb title=&#8221;Technische\/redaktionelle \u00c4nderungen umgesetzt. &#8221; use_icon=&#8221;on&#8221; font_icon=&#8221;&#xf0c8;||fa||900&#8243; _builder_version=&#8221;4.16&#8243; _module_preset=&#8221;591a8906-608e-4daf-b2d8-77bd187d9121&#8243; header_font=&#8221;|700|||||||&#8221; custom_padding=&#8221;|20px||20px|false|false&#8221; global_colors_info=&#8221;{}&#8221;][\/et_pb_blurb][et_pb_text _builder_version=&#8221;4.21.0&#8243; _module_preset=&#8221;77a7a6a5-6cba-4e24-a8d7-1992b0adbe08&#8243; custom_padding=&#8221;|20px||20px|false|false&#8221; custom_padding_tablet=&#8221;|20px|1px|20px|false|false&#8221; global_colors_info=&#8221;{}&#8221;]<\/p>\n<p>F\u00fcr weitere Informationen wenden Sie sich bitte an\u00a0<span><a href=\"mailto:standard@donausoja.org\">standard@donausoja.org.<\/a><\/span><\/p>\n<p>[\/et_pb_text][\/et_pb_column][\/et_pb_row][\/et_pb_section][et_pb_section fb_built=&#8221;1&#8243; _builder_version=&#8221;4.16&#8243; _module_preset=&#8221;default&#8221; background_color=&#8221;#C5DB9B&#8221; custom_padding=&#8221;29px||31px|||&#8221; da_disable_devices=&#8221;off|off|off&#8221; global_colors_info=&#8221;{}&#8221; da_is_popup=&#8221;off&#8221; da_exit_intent=&#8221;off&#8221; da_has_close=&#8221;on&#8221; da_alt_close=&#8221;off&#8221; da_dark_close=&#8221;off&#8221; da_not_modal=&#8221;on&#8221; da_is_singular=&#8221;off&#8221; da_with_loader=&#8221;off&#8221; da_has_shadow=&#8221;on&#8221;][et_pb_row _builder_version=&#8221;4.16&#8243; _module_preset=&#8221;default&#8221; background_color=&#8221;#ffffff&#8221; custom_padding=&#8221;|20px||20px|false|false&#8221; global_colors_info=&#8221;{}&#8221;][et_pb_column type=&#8221;4_4&#8243; _builder_version=&#8221;4.16&#8243; _module_preset=&#8221;default&#8221; global_colors_info=&#8221;{}&#8221;][et_pb_text _builder_version=&#8221;4.21.0&#8243; _module_preset=&#8221;97a49757-9877-47ea-b480-aa7742502928&#8243; custom_margin=&#8221;||0px||false|false&#8221; custom_padding_tablet=&#8221;||0px|||&#8221; global_colors_info=&#8221;{}&#8221;]<\/p>\n<h2>Standard Entwicklung<\/h2>\n<h2>&#8211;<\/h2>\n<p>[\/et_pb_text][\/et_pb_column][\/et_pb_row][et_pb_row _builder_version=&#8221;4.16&#8243; _module_preset=&#8221;default&#8221; background_color=&#8221;#ffffff&#8221; custom_margin=&#8221;-13px|auto||auto||&#8221; custom_padding=&#8221;1px|||||&#8221; global_colors_info=&#8221;{}&#8221;][et_pb_column type=&#8221;4_4&#8243; _builder_version=&#8221;4.16&#8243; _module_preset=&#8221;default&#8221; global_colors_info=&#8221;{}&#8221;][et_pb_text _builder_version=&#8221;4.21.0&#8243; _module_preset=&#8221;77a7a6a5-6cba-4e24-a8d7-1992b0adbe08&#8243; custom_padding=&#8221;|20px||20px|false|false&#8221; custom_padding_tablet=&#8221;|20px|0px|20px|false|false&#8221; hover_enabled=&#8221;0&#8243; global_colors_info=&#8221;{}&#8221; sticky_enabled=&#8221;0&#8243;]Donau Soja war in den vergangenen zehn Jahren eine einflussreiche Kraft bei der F\u00f6rderung der Produktion und Vermarktung von gentechnikfreiem, europ\u00e4ischem Soja.<\/p>\n<p>Mit zwei Standards f\u00fcr nachhaltiges, gentechnikfreies und europ\u00e4isches Soja, \u201eDonau Soja\u201c und \u201eEurope Soya\u201c, hat die Organisation zwei Zertifizierungssysteme geschaffen, die weithin als f\u00fchrende Qualit\u00e4tsstandards in diesem Bereich anerkannt sind. In den kommenden Jahren will Donau Soja seine Arbeit auf andere (Eiwei\u00df-)Kulturen ausweiten, um den \u00dcbergang zu einer ausgewogeneren Fruchtfolge in Europa zu beschleunigen und zu st\u00e4rken. Einer der vorgesehenen Schritte ist die Schaffung eines Zertifizierungssystems f\u00fcr verschiedene Ackerkulturen gem\u00e4\u00df den Anforderungen der EU-Erneuerbare-Energien-Richtlinie (RED).<\/p>\n<p><strong>DONAU SOJA EU RED STANDARD<\/strong><\/p>\n<p>Die Entwicklung des Donau Soja EU-RED-Standards begann im Januar 2023 mit der Gr\u00fcndung des Projektteams und der Einrichtung einer ad-hoc-Standardarbeitsgruppe. Da der Donau Soja EU RED Standard die Anforderungen der EU-Erneuerbare-Energien-Richtlinie erf\u00fcllen soll, war es das Hauptziel der Standard-Arbeitsgruppe, technisches Fachwissen und Inputs einzubringen. Im bisherigen Projektverlauf traf sich die Standardarbeitsgruppe in zwei virtuellen Sitzungen. Die Standardarbeitsgruppe wurde vom Donau Soja Technical Standard Committee geleitet und durch die Expertise des niederl\u00e4ndischen Beratungsunternehmens Schuttellaar and Partners unterst\u00fctzt. Das Donau Soja Technical Standard Committee erarbeitete auf der Grundlage von Beitr\u00e4gen der Standardarbeitsgruppe Entw\u00fcrfe und hat diese dem Donau Soja Vorstand und dem Pr\u00e4sidium zur Freigabe vorgelegt. Im n\u00e4chsten Schritt erfolgt die Einreichung der Standarddokumente bei der Europ\u00e4ischen Kommission. <strong><\/strong><\/p>\n<p>F\u00fcr weitere Informationen wenden Sie sich bitte an <a href=\"mailto:standard@donausoja.org\">\u202fstandard@donausoja.org.<\/a>[\/et_pb_text][\/et_pb_column][\/et_pb_row][\/et_pb_section][et_pb_section fb_built=&#8221;1&#8243; _builder_version=&#8221;4.16&#8243; _module_preset=&#8221;default&#8221; background_color=&#8221;rgba(246,241,232,0.8)&#8221; da_disable_devices=&#8221;off|off|off&#8221; global_colors_info=&#8221;{}&#8221; da_is_popup=&#8221;off&#8221; da_exit_intent=&#8221;off&#8221; da_has_close=&#8221;on&#8221; da_alt_close=&#8221;off&#8221; da_dark_close=&#8221;off&#8221; da_not_modal=&#8221;on&#8221; da_is_singular=&#8221;off&#8221; da_with_loader=&#8221;off&#8221; da_has_shadow=&#8221;on&#8221;][\/et_pb_section]<\/p>\n","protected":false},"excerpt":{"rendered":"<p>Standard Entwicklung und Standard Revision Donau Soja ist als Multi-Stakeholder-Organisation bestrebt, alle Interessengruppen einzubeziehen, wenn Standard\u00e4nderungen vorgeschlagen und vorgenommen werden. Detaillierte Informationen zum \u00dcberarbeitungsprozess und zur Entscheidungsfindung finden Sie hier: Prozessbeschreibung Standard Entwicklung.Aktuell h\u00e4lt Donau Soja zwei Standards, den Donau Soja Standard und den Europe Soya Standard.Unten finden Sie weitere Informationen \u00fcber aktuelle Standardentwicklungen und [&hellip;]<\/p>\n","protected":false},"author":2,"featured_media":67,"parent":19337,"menu_order":0,"comment_status":"open","ping_status":"open","template":"","meta":{"_et_pb_use_builder":"on","_et_pb_old_content":"","_et_gb_content_width":"","footnotes":""},"class_list":["post-19342","page","type-page","status-publish","has-post-thumbnail","hentry"],"yoast_head":"<!-- This site is optimized with the Yoast SEO plugin v27.4 - https:\/\/yoast.com\/product\/yoast-seo-wordpress\/ -->\n<title>Standard Entwicklung und Standard Revision - Donau Soja<\/title>\n<meta name=\"description\" content=\"Donau Soja ist als Multi-Stakeholder-Organisation bestrebt, alle Interessengruppen einzubeziehen, wenn Standard\u00e4nderungen vorgeschlagen und vorgenommen werden.\" \/>\n<meta name=\"robots\" content=\"index, follow, max-snippet:-1, max-image-preview:large, max-video-preview:-1\" \/>\n<link rel=\"canonical\" href=\"https:\/\/www.donausoja.org\/de\/standards-und-zertifizierung-2\/donau-soja-standard\/standard-entwicklung-und-standard-revision\/\" \/>\n<meta property=\"og:locale\" content=\"de_DE\" \/>\n<meta property=\"og:type\" content=\"article\" \/>\n<meta property=\"og:title\" content=\"Standard Entwicklung und Standard Revision - Donau Soja\" \/>\n<meta property=\"og:description\" content=\"Donau Soja ist als Multi-Stakeholder-Organisation bestrebt, alle Interessengruppen einzubeziehen, wenn Standard\u00e4nderungen vorgeschlagen und vorgenommen werden.\" \/>\n<meta property=\"og:url\" content=\"https:\/\/www.donausoja.org\/de\/standards-und-zertifizierung-2\/donau-soja-standard\/standard-entwicklung-und-standard-revision\/\" \/>\n<meta property=\"og:site_name\" content=\"Donau Soja\" \/>\n<meta property=\"article:modified_time\" content=\"2024-03-07T08:17:23+00:00\" \/>\n<meta property=\"og:image\" content=\"https:\/\/www.donausoja.org\/wp-content\/uploads\/2021\/12\/cropped-donausoja_favicon2_512-1-e1645618911394.png\" \/>\n\t<meta property=\"og:image:width\" content=\"212\" \/>\n\t<meta property=\"og:image:height\" content=\"212\" \/>\n\t<meta property=\"og:image:type\" content=\"image\/png\" \/>\n<meta name=\"twitter:card\" content=\"summary_large_image\" \/>\n<meta name=\"twitter:label1\" content=\"Gesch\u00e4tzte Lesezeit\" \/>\n\t<meta name=\"twitter:data1\" content=\"2\u00a0Minuten\" \/>\n<script type=\"application\/ld+json\" class=\"yoast-schema-graph\">{\"@context\":\"https:\\\/\\\/schema.org\",\"@graph\":[{\"@type\":\"WebPage\",\"@id\":\"https:\\\/\\\/www.donausoja.org\\\/de\\\/standards-und-zertifizierung-2\\\/donau-soja-standard\\\/standard-entwicklung-und-standard-revision\\\/\",\"url\":\"https:\\\/\\\/www.donausoja.org\\\/de\\\/standards-und-zertifizierung-2\\\/donau-soja-standard\\\/standard-entwicklung-und-standard-revision\\\/\",\"name\":\"Standard Entwicklung und Standard Revision - Donau Soja\",\"isPartOf\":{\"@id\":\"https:\\\/\\\/www.donausoja.org\\\/de\\\/#website\"},\"primaryImageOfPage\":{\"@id\":\"https:\\\/\\\/www.donausoja.org\\\/de\\\/standards-und-zertifizierung-2\\\/donau-soja-standard\\\/standard-entwicklung-und-standard-revision\\\/#primaryimage\"},\"image\":{\"@id\":\"https:\\\/\\\/www.donausoja.org\\\/de\\\/standards-und-zertifizierung-2\\\/donau-soja-standard\\\/standard-entwicklung-und-standard-revision\\\/#primaryimage\"},\"thumbnailUrl\":\"https:\\\/\\\/www.donausoja.org\\\/wp-content\\\/uploads\\\/2021\\\/12\\\/cropped-donausoja_favicon2_512-1-e1645618911394.png\",\"datePublished\":\"2022-03-01T09:41:07+00:00\",\"dateModified\":\"2024-03-07T08:17:23+00:00\",\"description\":\"Donau Soja ist als Multi-Stakeholder-Organisation bestrebt, alle Interessengruppen einzubeziehen, wenn Standard\u00e4nderungen vorgeschlagen und vorgenommen werden.\",\"breadcrumb\":{\"@id\":\"https:\\\/\\\/www.donausoja.org\\\/de\\\/standards-und-zertifizierung-2\\\/donau-soja-standard\\\/standard-entwicklung-und-standard-revision\\\/#breadcrumb\"},\"inLanguage\":\"de\",\"potentialAction\":[{\"@type\":\"ReadAction\",\"target\":[\"https:\\\/\\\/www.donausoja.org\\\/de\\\/standards-und-zertifizierung-2\\\/donau-soja-standard\\\/standard-entwicklung-und-standard-revision\\\/\"]}]},{\"@type\":\"ImageObject\",\"inLanguage\":\"de\",\"@id\":\"https:\\\/\\\/www.donausoja.org\\\/de\\\/standards-und-zertifizierung-2\\\/donau-soja-standard\\\/standard-entwicklung-und-standard-revision\\\/#primaryimage\",\"url\":\"https:\\\/\\\/www.donausoja.org\\\/wp-content\\\/uploads\\\/2021\\\/12\\\/cropped-donausoja_favicon2_512-1-e1645618911394.png\",\"contentUrl\":\"https:\\\/\\\/www.donausoja.org\\\/wp-content\\\/uploads\\\/2021\\\/12\\\/cropped-donausoja_favicon2_512-1-e1645618911394.png\",\"width\":212,\"height\":212},{\"@type\":\"BreadcrumbList\",\"@id\":\"https:\\\/\\\/www.donausoja.org\\\/de\\\/standards-und-zertifizierung-2\\\/donau-soja-standard\\\/standard-entwicklung-und-standard-revision\\\/#breadcrumb\",\"itemListElement\":[{\"@type\":\"ListItem\",\"position\":1,\"name\":\"Home\",\"item\":\"https:\\\/\\\/www.donausoja.org\\\/de\\\/\"},{\"@type\":\"ListItem\",\"position\":2,\"name\":\"Standards und Zertifizierung\",\"item\":\"https:\\\/\\\/www.donausoja.org\\\/de\\\/standards-und-zertifizierung-2\\\/\"},{\"@type\":\"ListItem\",\"position\":3,\"name\":\"Donau Soja standard\",\"item\":\"https:\\\/\\\/www.donausoja.org\\\/de\\\/standards-und-zertifizierung-2\\\/donau-soja-standard\\\/\"},{\"@type\":\"ListItem\",\"position\":4,\"name\":\"Standard Entwicklung und Standard Revision\"}]},{\"@type\":\"WebSite\",\"@id\":\"https:\\\/\\\/www.donausoja.org\\\/de\\\/#website\",\"url\":\"https:\\\/\\\/www.donausoja.org\\\/de\\\/\",\"name\":\"Donau Soja\",\"description\":\"Together for a European Protein Supply: Regional. Sustainable. Non-GM.\",\"potentialAction\":[{\"@type\":\"SearchAction\",\"target\":{\"@type\":\"EntryPoint\",\"urlTemplate\":\"https:\\\/\\\/www.donausoja.org\\\/de\\\/?s={search_term_string}\"},\"query-input\":{\"@type\":\"PropertyValueSpecification\",\"valueRequired\":true,\"valueName\":\"search_term_string\"}}],\"inLanguage\":\"de\"}]}<\/script>\n<!-- \/ Yoast SEO plugin. -->","yoast_head_json":{"title":"Standard Entwicklung und Standard Revision - Donau Soja","description":"Donau Soja ist als Multi-Stakeholder-Organisation bestrebt, alle Interessengruppen einzubeziehen, wenn Standard\u00e4nderungen vorgeschlagen und vorgenommen werden.","robots":{"index":"index","follow":"follow","max-snippet":"max-snippet:-1","max-image-preview":"max-image-preview:large","max-video-preview":"max-video-preview:-1"},"canonical":"https:\/\/www.donausoja.org\/de\/standards-und-zertifizierung-2\/donau-soja-standard\/standard-entwicklung-und-standard-revision\/","og_locale":"de_DE","og_type":"article","og_title":"Standard Entwicklung und Standard Revision - Donau Soja","og_description":"Donau Soja ist als Multi-Stakeholder-Organisation bestrebt, alle Interessengruppen einzubeziehen, wenn Standard\u00e4nderungen vorgeschlagen und vorgenommen werden.","og_url":"https:\/\/www.donausoja.org\/de\/standards-und-zertifizierung-2\/donau-soja-standard\/standard-entwicklung-und-standard-revision\/","og_site_name":"Donau Soja","article_modified_time":"2024-03-07T08:17:23+00:00","og_image":[{"width":212,"height":212,"url":"https:\/\/www.donausoja.org\/wp-content\/uploads\/2021\/12\/cropped-donausoja_favicon2_512-1-e1645618911394.png","type":"image\/png"}],"twitter_card":"summary_large_image","twitter_misc":{"Gesch\u00e4tzte Lesezeit":"2\u00a0Minuten"},"schema":{"@context":"https:\/\/schema.org","@graph":[{"@type":"WebPage","@id":"https:\/\/www.donausoja.org\/de\/standards-und-zertifizierung-2\/donau-soja-standard\/standard-entwicklung-und-standard-revision\/","url":"https:\/\/www.donausoja.org\/de\/standards-und-zertifizierung-2\/donau-soja-standard\/standard-entwicklung-und-standard-revision\/","name":"Standard Entwicklung und Standard Revision - Donau Soja","isPartOf":{"@id":"https:\/\/www.donausoja.org\/de\/#website"},"primaryImageOfPage":{"@id":"https:\/\/www.donausoja.org\/de\/standards-und-zertifizierung-2\/donau-soja-standard\/standard-entwicklung-und-standard-revision\/#primaryimage"},"image":{"@id":"https:\/\/www.donausoja.org\/de\/standards-und-zertifizierung-2\/donau-soja-standard\/standard-entwicklung-und-standard-revision\/#primaryimage"},"thumbnailUrl":"https:\/\/www.donausoja.org\/wp-content\/uploads\/2021\/12\/cropped-donausoja_favicon2_512-1-e1645618911394.png","datePublished":"2022-03-01T09:41:07+00:00","dateModified":"2024-03-07T08:17:23+00:00","description":"Donau Soja ist als Multi-Stakeholder-Organisation bestrebt, alle Interessengruppen einzubeziehen, wenn Standard\u00e4nderungen vorgeschlagen und vorgenommen werden.","breadcrumb":{"@id":"https:\/\/www.donausoja.org\/de\/standards-und-zertifizierung-2\/donau-soja-standard\/standard-entwicklung-und-standard-revision\/#breadcrumb"},"inLanguage":"de","potentialAction":[{"@type":"ReadAction","target":["https:\/\/www.donausoja.org\/de\/standards-und-zertifizierung-2\/donau-soja-standard\/standard-entwicklung-und-standard-revision\/"]}]},{"@type":"ImageObject","inLanguage":"de","@id":"https:\/\/www.donausoja.org\/de\/standards-und-zertifizierung-2\/donau-soja-standard\/standard-entwicklung-und-standard-revision\/#primaryimage","url":"https:\/\/www.donausoja.org\/wp-content\/uploads\/2021\/12\/cropped-donausoja_favicon2_512-1-e1645618911394.png","contentUrl":"https:\/\/www.donausoja.org\/wp-content\/uploads\/2021\/12\/cropped-donausoja_favicon2_512-1-e1645618911394.png","width":212,"height":212},{"@type":"BreadcrumbList","@id":"https:\/\/www.donausoja.org\/de\/standards-und-zertifizierung-2\/donau-soja-standard\/standard-entwicklung-und-standard-revision\/#breadcrumb","itemListElement":[{"@type":"ListItem","position":1,"name":"Home","item":"https:\/\/www.donausoja.org\/de\/"},{"@type":"ListItem","position":2,"name":"Standards und Zertifizierung","item":"https:\/\/www.donausoja.org\/de\/standards-und-zertifizierung-2\/"},{"@type":"ListItem","position":3,"name":"Donau Soja standard","item":"https:\/\/www.donausoja.org\/de\/standards-und-zertifizierung-2\/donau-soja-standard\/"},{"@type":"ListItem","position":4,"name":"Standard Entwicklung und Standard Revision"}]},{"@type":"WebSite","@id":"https:\/\/www.donausoja.org\/de\/#website","url":"https:\/\/www.donausoja.org\/de\/","name":"Donau Soja","description":"Together for a European Protein Supply: Regional. Sustainable. Non-GM.","potentialAction":[{"@type":"SearchAction","target":{"@type":"EntryPoint","urlTemplate":"https:\/\/www.donausoja.org\/de\/?s={search_term_string}"},"query-input":{"@type":"PropertyValueSpecification","valueRequired":true,"valueName":"search_term_string"}}],"inLanguage":"de"}]}},"_links":{"self":[{"href":"https:\/\/www.donausoja.org\/de\/wp-json\/wp\/v2\/pages\/19342","targetHints":{"allow":["GET"]}}],"collection":[{"href":"https:\/\/www.donausoja.org\/de\/wp-json\/wp\/v2\/pages"}],"about":[{"href":"https:\/\/www.donausoja.org\/de\/wp-json\/wp\/v2\/types\/page"}],"author":[{"embeddable":true,"href":"https:\/\/www.donausoja.org\/de\/wp-json\/wp\/v2\/users\/2"}],"replies":[{"embeddable":true,"href":"https:\/\/www.donausoja.org\/de\/wp-json\/wp\/v2\/comments?post=19342"}],"version-history":[{"count":6,"href":"https:\/\/www.donausoja.org\/de\/wp-json\/wp\/v2\/pages\/19342\/revisions"}],"predecessor-version":[{"id":39150,"href":"https:\/\/www.donausoja.org\/de\/wp-json\/wp\/v2\/pages\/19342\/revisions\/39150"}],"up":[{"embeddable":true,"href":"https:\/\/www.donausoja.org\/de\/wp-json\/wp\/v2\/pages\/19337"}],"wp:featuredmedia":[{"embeddable":true,"href":"https:\/\/www.donausoja.org\/de\/wp-json\/wp\/v2\/media\/67"}],"wp:attachment":[{"href":"https:\/\/www.donausoja.org\/de\/wp-json\/wp\/v2\/media?parent=19342"}],"curies":[{"name":"wp","href":"https:\/\/api.w.org\/{rel}","templated":true}]}}