
{"id":19319,"date":"2021-12-07T09:59:54","date_gmt":"2021-12-07T09:59:54","guid":{"rendered":"https:\/\/fourth.donausoja.org\/kontakt\/"},"modified":"2024-04-11T13:47:28","modified_gmt":"2024-04-11T13:47:28","slug":"kontakt","status":"publish","type":"page","link":"https:\/\/www.donausoja.org\/de\/kontakt\/","title":{"rendered":"Kontakt"},"content":{"rendered":"<p>[et_pb_section fb_built=&#8221;1&#8243; _builder_version=&#8221;4.16&#8243; _module_preset=&#8221;default&#8221; background_color=&#8221;RGBA(255,255,255,0)&#8221; locked=&#8221;off&#8221; global_colors_info=&#8221;{}&#8221; da_is_popup=&#8221;off&#8221; da_exit_intent=&#8221;off&#8221; da_has_close=&#8221;on&#8221; da_alt_close=&#8221;off&#8221; da_dark_close=&#8221;off&#8221; da_not_modal=&#8221;on&#8221; da_is_singular=&#8221;off&#8221; da_with_loader=&#8221;off&#8221; da_has_shadow=&#8221;on&#8221; da_disable_devices=&#8221;off|off|off&#8221;][et_pb_row _builder_version=&#8221;4.16&#8243; _module_preset=&#8221;default&#8221; custom_padding=&#8221;130px|||||&#8221; global_colors_info=&#8221;{}&#8221;][et_pb_column type=&#8221;4_4&#8243; _builder_version=&#8221;4.16&#8243; _module_preset=&#8221;default&#8221; global_colors_info=&#8221;{}&#8221;][et_pb_text _builder_version=&#8221;4.21.0&#8243; _module_preset=&#8221;77a7a6a5-6cba-4e24-a8d7-1992b0adbe08&#8243; header_font=&#8221;Ubuntu|700|||||||&#8221; hover_enabled=&#8221;0&#8243; global_colors_info=&#8221;{}&#8221; text_font_size=&#8221;20px&#8221; text_text_color=&#8221;#3C3C3C&#8221; sticky_enabled=&#8221;0&#8243;]<\/p>\n<h1>Kontakt<\/h1>\n<p><span>Donau Soja Verein<\/span><br \/><span>Wiesingerstra\u00dfe 6\/14<\/span><br \/><span>1010 Wien<\/span><br \/><span>\u00d6sterreich<\/span><\/p>\n<p>[\/et_pb_text][\/et_pb_column][\/et_pb_row][\/et_pb_section][et_pb_section fb_built=&#8221;1&#8243; _builder_version=&#8221;4.16&#8243; _module_preset=&#8221;default&#8221; background_color=&#8221;rgba(246,241,232,0.8)&#8221; locked=&#8221;off&#8221; global_colors_info=&#8221;{}&#8221; da_is_popup=&#8221;off&#8221; da_exit_intent=&#8221;off&#8221; da_has_close=&#8221;on&#8221; da_alt_close=&#8221;off&#8221; da_dark_close=&#8221;off&#8221; da_not_modal=&#8221;on&#8221; da_is_singular=&#8221;off&#8221; da_with_loader=&#8221;off&#8221; da_has_shadow=&#8221;on&#8221; da_disable_devices=&#8221;off|off|off&#8221;][et_pb_row column_structure=&#8221;1_4,1_4,1_4,1_4&#8243; use_custom_gutter=&#8221;on&#8221; gutter_width=&#8221;2&#8243; make_equal=&#8221;on&#8221; _builder_version=&#8221;4.16&#8243; _module_preset=&#8221;default&#8221; locked=&#8221;off&#8221; global_colors_info=&#8221;{}&#8221;][et_pb_column type=&#8221;1_4&#8243; _builder_version=&#8221;4.16&#8243; _module_preset=&#8221;default&#8221; background_color=&#8221;#F6F1E8&#8243; custom_padding=&#8221;10px|20px|10px|20px|false|false&#8221; link_option_url=&#8221;https:\/\/www.donausoja.org\/organisation\/meet-our-team\/office-vienna\/&#8221; box_shadow_style=&#8221;preset1&#8243; global_colors_info=&#8221;{}&#8221;][et_pb_image src=&#8221;https:\/\/www.donausoja.org\/wp-content\/uploads\/2022\/02\/Icon_compliance.png&#8221; title_text=&#8221;Icon_compliance&#8221; url=&#8221;https:\/\/www.donausoja.org\/de\/organisation\/unsere-bueros-und-teams\/&#8221; align=&#8221;center&#8221; _builder_version=&#8221;4.16&#8243; _module_preset=&#8221;default&#8221; module_alignment=&#8221;center&#8221; max_height=&#8221;150px&#8221; global_colors_info=&#8221;{}&#8221;][\/et_pb_image][et_pb_text _builder_version=&#8221;4.16&#8243; _module_preset=&#8221;4fb67bd3-b42d-4204-9c72-e44070c65fc3&#8243; min_height=&#8221;190px&#8221; link_option_url=&#8221;https:\/\/www.donausoja.org\/de\/organisation\/unsere-bueros-und-teams\/&#8221; global_colors_info=&#8221;{}&#8221;]<\/p>\n<h2 style=\"text-align: left;\">B\u00fcro Wien<br \/>\u00d6sterreich<\/h2>\n<p>Wiesingerstra\u00dfe 6\/14<br \/>1010 Vienna, Austria<br \/>+43 (0)1 512 17 44<\/p>\n<p>[\/et_pb_text][et_pb_text _builder_version=&#8221;4.16&#8243; _dynamic_attributes=&#8221;link_option_url&#8221; _module_preset=&#8221;4fb67bd3-b42d-4204-9c72-e44070c65fc3&#8243; link_option_url=&#8221;@ET-DC@eyJkeW5hbWljIjp0cnVlLCJjb250ZW50IjoicG9zdF9saW5rX3VybF9wYWdlIiwic2V0dGluZ3MiOnsicG9zdF9pZCI6IjU1NyJ9fQ==@&#8221; global_colors_info=&#8221;{}&#8221;]<\/p>\n<p><a href=\"mailto:office@donausoja.org\" target=\"_blank\" rel=\"noopener\">office@donausoja.org<\/a><\/p>\n<p>[\/et_pb_text][\/et_pb_column][et_pb_column type=&#8221;1_4&#8243; _builder_version=&#8221;4.16&#8243; _module_preset=&#8221;default&#8221; background_color=&#8221;#F6F1E8&#8243; custom_padding=&#8221;10px|20px|10px|20px|false|false&#8221; link_option_url=&#8221;https:\/\/www.donausoja.org\/organisation\/meet-our-team\/office-serbia\/&#8221; box_shadow_style=&#8221;preset1&#8243; global_colors_info=&#8221;{}&#8221;][et_pb_image src=&#8221;https:\/\/www.donausoja.org\/wp-content\/uploads\/2022\/02\/Icon_compliance.png&#8221; title_text=&#8221;Icon_compliance&#8221; url=&#8221;https:\/\/www.donausoja.org\/de\/organisation\/unsere-bueros-und-teams\/buero-serbien\/&#8221; align=&#8221;center&#8221; _builder_version=&#8221;4.16&#8243; _module_preset=&#8221;default&#8221; module_alignment=&#8221;center&#8221; max_height=&#8221;150px&#8221; global_colors_info=&#8221;{}&#8221;][\/et_pb_image][et_pb_text _builder_version=&#8221;4.16&#8243; _module_preset=&#8221;4fb67bd3-b42d-4204-9c72-e44070c65fc3&#8243; min_height=&#8221;190px&#8221; link_option_url=&#8221;https:\/\/www.donausoja.org\/de\/organisation\/unsere-bueros-und-teams\/buero-serbien\/&#8221; global_colors_info=&#8221;{}&#8221;]<\/p>\n<h2 style=\"text-align: left;\">B\u00fcro Novi Sad<br \/>Serbien<\/h2>\n<p>Vase Stajica 8\/19<br \/>21000 Novi Sad<br \/>+ 381 (0) 21 300 31 61<\/p>\n<p>[\/et_pb_text][et_pb_text _builder_version=&#8221;4.16&#8243; _dynamic_attributes=&#8221;link_option_url&#8221; _module_preset=&#8221;4fb67bd3-b42d-4204-9c72-e44070c65fc3&#8243; link_font_size=&#8221;15px&#8221; link_option_url=&#8221;@ET-DC@eyJkeW5hbWljIjp0cnVlLCJjb250ZW50IjoicG9zdF9saW5rX3VybF9wYWdlIiwic2V0dGluZ3MiOnsicG9zdF9pZCI6IjU1NyJ9fQ==@&#8221; global_colors_info=&#8221;{}&#8221;]<\/p>\n<p><a href=\"mailto:regionalcenter@donausoja.org\" target=\"_blank\" rel=\"noopener\">regionalcenter@donausoja.org<\/a><\/p>\n<p>[\/et_pb_text][\/et_pb_column][et_pb_column type=&#8221;1_4&#8243; _builder_version=&#8221;4.16&#8243; _module_preset=&#8221;default&#8221; background_color=&#8221;#F6F1E8&#8243; custom_padding=&#8221;10px|20px|10px|20px|false|false&#8221; link_option_url=&#8221;https:\/\/www.donausoja.org\/organisation\/meet-our-team\/office-ukraine\/&#8221; box_shadow_style=&#8221;preset1&#8243; global_colors_info=&#8221;{}&#8221;][et_pb_image src=&#8221;https:\/\/www.donausoja.org\/wp-content\/uploads\/2022\/02\/Icon_compliance.png&#8221; title_text=&#8221;Icon_compliance&#8221; url=&#8221;https:\/\/www.donausoja.org\/de\/organisation\/unsere-bueros-und-teams\/buero-ukraine\/&#8221; align=&#8221;center&#8221; _builder_version=&#8221;4.16&#8243; _module_preset=&#8221;default&#8221; module_alignment=&#8221;center&#8221; max_height=&#8221;150px&#8221; global_colors_info=&#8221;{}&#8221;][\/et_pb_image][et_pb_text _builder_version=&#8221;4.16&#8243; _module_preset=&#8221;4fb67bd3-b42d-4204-9c72-e44070c65fc3&#8243; min_height=&#8221;190px&#8221; link_option_url=&#8221;https:\/\/www.donausoja.org\/de\/organisation\/unsere-bueros-und-teams\/buero-ukraine\/&#8221; global_colors_info=&#8221;{}&#8221;]<\/p>\n<h2 style=\"text-align: left;\">B\u00fcro Kiew<br \/>Ukraine<\/h2>\n<p>Apartment 33,<br \/>1\/10 Bankova St.<br \/>Kyiv, 01024<br \/>+380 73 481 20 08<\/p>\n<p>[\/et_pb_text][et_pb_text _builder_version=&#8221;4.16&#8243; _dynamic_attributes=&#8221;link_option_url&#8221; _module_preset=&#8221;4fb67bd3-b42d-4204-9c72-e44070c65fc3&#8243; link_option_url=&#8221;@ET-DC@eyJkeW5hbWljIjp0cnVlLCJjb250ZW50IjoicG9zdF9saW5rX3VybF9wYWdlIiwic2V0dGluZ3MiOnsicG9zdF9pZCI6IjU1NyJ9fQ==@&#8221; global_colors_info=&#8221;{}&#8221;]<\/p>\n<p><a href=\"mailto:marketing.ua@donausoja.org\">marketing.ua@donausoja.org<\/a><\/p>\n<p>[\/et_pb_text][\/et_pb_column][et_pb_column type=&#8221;1_4&#8243; _builder_version=&#8221;4.16&#8243; _module_preset=&#8221;default&#8221; background_color=&#8221;#F6F1E8&#8243; custom_padding=&#8221;10px|20px|10px|20px|false|false&#8221; link_option_url=&#8221;https:\/\/www.donausoja.org\/organisation\/meet-our-team\/office-moldava\/&#8221; box_shadow_style=&#8221;preset1&#8243; global_colors_info=&#8221;{}&#8221;][et_pb_image src=&#8221;https:\/\/www.donausoja.org\/wp-content\/uploads\/2022\/02\/Icon_compliance.png&#8221; title_text=&#8221;Icon_compliance&#8221; url=&#8221;https:\/\/www.donausoja.org\/de\/organisation\/unsere-bueros-und-teams\/buero-moldau\/&#8221; align=&#8221;center&#8221; _builder_version=&#8221;4.16&#8243; _module_preset=&#8221;default&#8221; module_alignment=&#8221;center&#8221; max_height=&#8221;150px&#8221; global_colors_info=&#8221;{}&#8221;][\/et_pb_image][et_pb_text _builder_version=&#8221;4.16&#8243; _module_preset=&#8221;4fb67bd3-b42d-4204-9c72-e44070c65fc3&#8243; min_height=&#8221;190px&#8221; link_option_url=&#8221;https:\/\/www.donausoja.org\/de\/organisation\/unsere-bueros-und-teams\/buero-moldau\/&#8221; global_colors_info=&#8221;{}&#8221;]<\/p>\n<h2 style=\"text-align: left;\">B\u00fcro Chisnau<br \/>Moldau<\/h2>\n<p>Sfatul Tarii 27 street, of.26\/1<br \/>Chisinau, MD-2012<br \/>+373 79536418<\/p>\n<p>[\/et_pb_text][et_pb_text _builder_version=&#8221;4.16&#8243; _dynamic_attributes=&#8221;link_option_url&#8221; _module_preset=&#8221;4fb67bd3-b42d-4204-9c72-e44070c65fc3&#8243; link_option_url=&#8221;@ET-DC@eyJkeW5hbWljIjp0cnVlLCJjb250ZW50IjoicG9zdF9saW5rX3VybF9wYWdlIiwic2V0dGluZ3MiOnsicG9zdF9pZCI6IjU1NyJ9fQ==@&#8221; global_colors_info=&#8221;{}&#8221;]<\/p>\n<p><a href=\"mailto:moldova@donausoja.org\" target=\"_blank\" rel=\"noopener\">moldova@donausoja.org<\/a><\/p>\n<p>[\/et_pb_text][\/et_pb_column][\/et_pb_row][\/et_pb_section]<\/p>\n","protected":false},"excerpt":{"rendered":"<p>Kontakt Donau Soja VereinWiesingerstra\u00dfe 6\/141010 Wien\u00d6sterreichB\u00fcro Wien\u00d6sterreich Wiesingerstra\u00dfe 6\/141010 Vienna, Austria+43 (0)1 512 17 44office@donausoja.orgB\u00fcro Novi SadSerbien Vase Stajica 8\/1921000 Novi Sad+ 381 (0) 21 300 31 61regionalcenter@donausoja.orgB\u00fcro KiewUkraine Apartment 33,1\/10 Bankova St.Kyiv, 01024+380 73 481 20 08marketing.ua@donausoja.orgB\u00fcro ChisnauMoldau Sfatul Tarii 27 street, of.26\/1Chisinau, MD-2012+373 79536418moldova@donausoja.org<\/p>\n","protected":false},"author":1,"featured_media":67,"parent":0,"menu_order":0,"comment_status":"open","ping_status":"open","template":"","meta":{"_et_pb_use_builder":"on","_et_pb_old_content":"","_et_gb_content_width":"","footnotes":""},"class_list":["post-19319","page","type-page","status-publish","has-post-thumbnail","hentry"],"yoast_head":"<!-- This site is optimized with the Yoast SEO plugin v24.9 - https:\/\/yoast.com\/wordpress\/plugins\/seo\/ -->\n<title>Kontakt - Donau Soja<\/title>\n<meta name=\"description\" content=\"Kontaktdaten unserer B\u00fcros\" \/>\n<meta name=\"robots\" content=\"index, follow, max-snippet:-1, max-image-preview:large, max-video-preview:-1\" \/>\n<link rel=\"canonical\" href=\"https:\/\/www.donausoja.org\/de\/kontakt\/\" \/>\n<meta property=\"og:locale\" content=\"de_DE\" \/>\n<meta property=\"og:type\" content=\"article\" \/>\n<meta property=\"og:title\" content=\"Kontakt - Donau Soja\" \/>\n<meta property=\"og:description\" content=\"Kontaktdaten unserer B\u00fcros\" \/>\n<meta property=\"og:url\" content=\"https:\/\/www.donausoja.org\/de\/kontakt\/\" \/>\n<meta property=\"og:site_name\" content=\"Donau Soja\" \/>\n<meta property=\"article:modified_time\" content=\"2024-04-11T13:47:28+00:00\" \/>\n<meta property=\"og:image\" content=\"https:\/\/www.donausoja.org\/wp-content\/uploads\/2021\/12\/cropped-donausoja_favicon2_512-1-e1645618911394.png\" \/>\n\t<meta property=\"og:image:width\" content=\"212\" \/>\n\t<meta property=\"og:image:height\" content=\"212\" \/>\n\t<meta property=\"og:image:type\" content=\"image\/png\" \/>\n<meta name=\"twitter:card\" content=\"summary_large_image\" \/>\n<meta name=\"twitter:label1\" content=\"Gesch\u00e4tzte Lesezeit\" \/>\n\t<meta name=\"twitter:data1\" content=\"1\u00a0Minute\" \/>\n<script type=\"application\/ld+json\" class=\"yoast-schema-graph\">{\"@context\":\"https:\/\/schema.org\",\"@graph\":[{\"@type\":\"WebPage\",\"@id\":\"https:\/\/www.donausoja.org\/de\/kontakt\/\",\"url\":\"https:\/\/www.donausoja.org\/de\/kontakt\/\",\"name\":\"Kontakt - Donau Soja\",\"isPartOf\":{\"@id\":\"https:\/\/www.donausoja.org\/de\/#website\"},\"primaryImageOfPage\":{\"@id\":\"https:\/\/www.donausoja.org\/de\/kontakt\/#primaryimage\"},\"image\":{\"@id\":\"https:\/\/www.donausoja.org\/de\/kontakt\/#primaryimage\"},\"thumbnailUrl\":\"https:\/\/www.donausoja.org\/wp-content\/uploads\/2021\/12\/cropped-donausoja_favicon2_512-1-e1645618911394.png\",\"datePublished\":\"2021-12-07T09:59:54+00:00\",\"dateModified\":\"2024-04-11T13:47:28+00:00\",\"description\":\"Kontaktdaten unserer B\u00fcros\",\"breadcrumb\":{\"@id\":\"https:\/\/www.donausoja.org\/de\/kontakt\/#breadcrumb\"},\"inLanguage\":\"de\",\"potentialAction\":[{\"@type\":\"ReadAction\",\"target\":[\"https:\/\/www.donausoja.org\/de\/kontakt\/\"]}]},{\"@type\":\"ImageObject\",\"inLanguage\":\"de\",\"@id\":\"https:\/\/www.donausoja.org\/de\/kontakt\/#primaryimage\",\"url\":\"https:\/\/www.donausoja.org\/wp-content\/uploads\/2021\/12\/cropped-donausoja_favicon2_512-1-e1645618911394.png\",\"contentUrl\":\"https:\/\/www.donausoja.org\/wp-content\/uploads\/2021\/12\/cropped-donausoja_favicon2_512-1-e1645618911394.png\",\"width\":212,\"height\":212},{\"@type\":\"BreadcrumbList\",\"@id\":\"https:\/\/www.donausoja.org\/de\/kontakt\/#breadcrumb\",\"itemListElement\":[{\"@type\":\"ListItem\",\"position\":1,\"name\":\"Home\",\"item\":\"https:\/\/www.donausoja.org\/de\/\"},{\"@type\":\"ListItem\",\"position\":2,\"name\":\"Kontakt\"}]},{\"@type\":\"WebSite\",\"@id\":\"https:\/\/www.donausoja.org\/de\/#website\",\"url\":\"https:\/\/www.donausoja.org\/de\/\",\"name\":\"Donau Soja\",\"description\":\"Together for a European Protein Supply: Regional. Sustainable. Non-GM.\",\"potentialAction\":[{\"@type\":\"SearchAction\",\"target\":{\"@type\":\"EntryPoint\",\"urlTemplate\":\"https:\/\/www.donausoja.org\/de\/?s={search_term_string}\"},\"query-input\":{\"@type\":\"PropertyValueSpecification\",\"valueRequired\":true,\"valueName\":\"search_term_string\"}}],\"inLanguage\":\"de\"}]}<\/script>\n<!-- \/ Yoast SEO plugin. -->","yoast_head_json":{"title":"Kontakt - Donau Soja","description":"Kontaktdaten unserer B\u00fcros","robots":{"index":"index","follow":"follow","max-snippet":"max-snippet:-1","max-image-preview":"max-image-preview:large","max-video-preview":"max-video-preview:-1"},"canonical":"https:\/\/www.donausoja.org\/de\/kontakt\/","og_locale":"de_DE","og_type":"article","og_title":"Kontakt - Donau Soja","og_description":"Kontaktdaten unserer B\u00fcros","og_url":"https:\/\/www.donausoja.org\/de\/kontakt\/","og_site_name":"Donau Soja","article_modified_time":"2024-04-11T13:47:28+00:00","og_image":[{"width":212,"height":212,"url":"https:\/\/www.donausoja.org\/wp-content\/uploads\/2021\/12\/cropped-donausoja_favicon2_512-1-e1645618911394.png","type":"image\/png"}],"twitter_card":"summary_large_image","twitter_misc":{"Gesch\u00e4tzte Lesezeit":"1\u00a0Minute"},"schema":{"@context":"https:\/\/schema.org","@graph":[{"@type":"WebPage","@id":"https:\/\/www.donausoja.org\/de\/kontakt\/","url":"https:\/\/www.donausoja.org\/de\/kontakt\/","name":"Kontakt - Donau Soja","isPartOf":{"@id":"https:\/\/www.donausoja.org\/de\/#website"},"primaryImageOfPage":{"@id":"https:\/\/www.donausoja.org\/de\/kontakt\/#primaryimage"},"image":{"@id":"https:\/\/www.donausoja.org\/de\/kontakt\/#primaryimage"},"thumbnailUrl":"https:\/\/www.donausoja.org\/wp-content\/uploads\/2021\/12\/cropped-donausoja_favicon2_512-1-e1645618911394.png","datePublished":"2021-12-07T09:59:54+00:00","dateModified":"2024-04-11T13:47:28+00:00","description":"Kontaktdaten unserer B\u00fcros","breadcrumb":{"@id":"https:\/\/www.donausoja.org\/de\/kontakt\/#breadcrumb"},"inLanguage":"de","potentialAction":[{"@type":"ReadAction","target":["https:\/\/www.donausoja.org\/de\/kontakt\/"]}]},{"@type":"ImageObject","inLanguage":"de","@id":"https:\/\/www.donausoja.org\/de\/kontakt\/#primaryimage","url":"https:\/\/www.donausoja.org\/wp-content\/uploads\/2021\/12\/cropped-donausoja_favicon2_512-1-e1645618911394.png","contentUrl":"https:\/\/www.donausoja.org\/wp-content\/uploads\/2021\/12\/cropped-donausoja_favicon2_512-1-e1645618911394.png","width":212,"height":212},{"@type":"BreadcrumbList","@id":"https:\/\/www.donausoja.org\/de\/kontakt\/#breadcrumb","itemListElement":[{"@type":"ListItem","position":1,"name":"Home","item":"https:\/\/www.donausoja.org\/de\/"},{"@type":"ListItem","position":2,"name":"Kontakt"}]},{"@type":"WebSite","@id":"https:\/\/www.donausoja.org\/de\/#website","url":"https:\/\/www.donausoja.org\/de\/","name":"Donau Soja","description":"Together for a European Protein Supply: Regional. Sustainable. Non-GM.","potentialAction":[{"@type":"SearchAction","target":{"@type":"EntryPoint","urlTemplate":"https:\/\/www.donausoja.org\/de\/?s={search_term_string}"},"query-input":{"@type":"PropertyValueSpecification","valueRequired":true,"valueName":"search_term_string"}}],"inLanguage":"de"}]}},"_links":{"self":[{"href":"https:\/\/www.donausoja.org\/de\/wp-json\/wp\/v2\/pages\/19319","targetHints":{"allow":["GET"]}}],"collection":[{"href":"https:\/\/www.donausoja.org\/de\/wp-json\/wp\/v2\/pages"}],"about":[{"href":"https:\/\/www.donausoja.org\/de\/wp-json\/wp\/v2\/types\/page"}],"author":[{"embeddable":true,"href":"https:\/\/www.donausoja.org\/de\/wp-json\/wp\/v2\/users\/1"}],"replies":[{"embeddable":true,"href":"https:\/\/www.donausoja.org\/de\/wp-json\/wp\/v2\/comments?post=19319"}],"version-history":[{"count":1,"href":"https:\/\/www.donausoja.org\/de\/wp-json\/wp\/v2\/pages\/19319\/revisions"}],"predecessor-version":[{"id":41868,"href":"https:\/\/www.donausoja.org\/de\/wp-json\/wp\/v2\/pages\/19319\/revisions\/41868"}],"wp:featuredmedia":[{"embeddable":true,"href":"https:\/\/www.donausoja.org\/de\/wp-json\/wp\/v2\/media\/67"}],"wp:attachment":[{"href":"https:\/\/www.donausoja.org\/de\/wp-json\/wp\/v2\/media?parent=19319"}],"curies":[{"name":"wp","href":"https:\/\/api.w.org\/{rel}","templated":true}]}}